{"id":96,"date":"2017-01-24T12:45:22","date_gmt":"2017-01-24T11:45:22","guid":{"rendered":"http:\/\/gerlach-maschinen.de\/?page_id=96\/"},"modified":"2019-12-04T08:41:31","modified_gmt":"2019-12-04T07:41:31","slug":"schockkanaele","status":"publish","type":"page","link":"https:\/\/www.gerlach-machinery.com\/de\/produkte\/schockkanaele\/","title":{"rendered":"Schockkan\u00e4le"},"content":{"rendered":"<h1>Effizienzsteigerung durch kompakte 3 m Schockkan\u00e4le<\/h1>\n<p>Insbesondere zur Effizienzsteigerung kommen modular aufgebaute kompakte 3 m Schockkan\u00e4le mit angetriebenen Rollen sowie mit und ohne Einlauftransportband zum Einsatz. Mittels Gasbeheizung werden Schocktemperaturen von bis zu 550 \u00b0C erzeugt. Das Energiekonzept ber\u00fccksichtigt die Nutzung der Prozessluft im Umluftverfahren. Im Kanal turbulent str\u00f6mende und beschleunigte Hei\u00dfluft erzeugt den schnellstm\u00f6glichen W\u00e4rme\u00fcbergang.<\/p>\n<p>Resultat \u2013 rasche Vorvernetzung bei hohen Produktionsgeschwindigkeiten und verringertem Ausschuss.<\/p>\n","protected":false},"excerpt":{"rendered":"<p>Insbesondere zur Effizienzsteigerung kommen modular aufgebaute kompakte 3 m Schockkan\u00e4le mit angetriebenen Rollen sowie mit und ohne Einlauftransportband zum Einsatz. Mittels Gasbeheizung werden Schocktemperaturen von bis zu 550 \u00b0C erzeugt. Das Energiekonzept ber\u00fccksichtigt die Nutzung der Prozessluft im Umluftverfahren. Im Kanal turbulent str\u00f6mende und beschleunigte Hei\u00dfluft erzeugt den schnellstm\u00f6glichen W\u00e4rme\u00fcbergang.<\/p>\n","protected":false},"author":4,"featured_media":301,"parent":12,"menu_order":58,"comment_status":"closed","ping_status":"closed","template":"tpl-produkt.php","meta":{"_acf_changed":false,"footnotes":""},"yst_prominent_words":[511,509,579,447,454,580,510,508,507,512,286,581,265],"class_list":["post-96","page","type-page","status-publish","has-post-thumbnail","hentry"],"acf":[],"_links":{"self":[{"href":"https:\/\/www.gerlach-machinery.com\/de\/wp-json\/wp\/v2\/pages\/96","targetHints":{"allow":["GET"]}}],"collection":[{"href":"https:\/\/www.gerlach-machinery.com\/de\/wp-json\/wp\/v2\/pages"}],"about":[{"href":"https:\/\/www.gerlach-machinery.com\/de\/wp-json\/wp\/v2\/types\/page"}],"author":[{"embeddable":true,"href":"https:\/\/www.gerlach-machinery.com\/de\/wp-json\/wp\/v2\/users\/4"}],"replies":[{"embeddable":true,"href":"https:\/\/www.gerlach-machinery.com\/de\/wp-json\/wp\/v2\/comments?post=96"}],"version-history":[{"count":3,"href":"https:\/\/www.gerlach-machinery.com\/de\/wp-json\/wp\/v2\/pages\/96\/revisions"}],"predecessor-version":[{"id":1984,"href":"https:\/\/www.gerlach-machinery.com\/de\/wp-json\/wp\/v2\/pages\/96\/revisions\/1984"}],"up":[{"embeddable":true,"href":"https:\/\/www.gerlach-machinery.com\/de\/wp-json\/wp\/v2\/pages\/12"}],"wp:featuredmedia":[{"embeddable":true,"href":"https:\/\/www.gerlach-machinery.com\/de\/wp-json\/wp\/v2\/media\/301"}],"wp:attachment":[{"href":"https:\/\/www.gerlach-machinery.com\/de\/wp-json\/wp\/v2\/media?parent=96"}],"wp:term":[{"taxonomy":"yst_prominent_words","embeddable":true,"href":"https:\/\/www.gerlach-machinery.com\/de\/wp-json\/wp\/v2\/yst_prominent_words?post=96"}],"curies":[{"name":"wp","href":"https:\/\/api.w.org\/{rel}","templated":true}]}}