{"id":95,"date":"2017-01-24T12:45:06","date_gmt":"2017-01-24T11:45:06","guid":{"rendered":"http:\/\/gerlach-maschinen.de\/?page_id=95\/"},"modified":"2019-12-04T08:41:48","modified_gmt":"2019-12-04T07:41:48","slug":"heissluftkanaele","status":"publish","type":"page","link":"https:\/\/www.gerlach-machinery.com\/de\/produkte\/heissluftkanaele\/","title":{"rendered":"Hei\u00dfluftkan\u00e4le"},"content":{"rendered":"<h1>Hei\u00dfluftkan\u00e4le<\/h1>\n<p>Als Haltestrecke, Trocknungs- oder Vulkanisationsmaschine sind unsere Maschinenserien des Typs HLK einsetzbar. Unser modulares Konzept bietet die Anlagekonfiguration ganz nach Ihren W\u00fcnschen. Ob im Frischluft oder im umweltfreundlichen Umluftverfahren mit Abluftreinigung, wir bieten f\u00fcr jeden Anspruch die richtige Konfiguration.<\/p>\n","protected":false},"excerpt":{"rendered":"<p>Hei\u00dfluftkan\u00e4le Als Haltestrecke, Trocknungs- oder Vulkanisationsmaschine sind unsere Maschinenserien des Typs HLK einsetzbar. Unser modulares Konzept bietet die Anlagekonfiguration ganz nach Ihren W\u00fcnschen. Ob im Frischluft oder im umweltfreundlichen Umluftverfahren mit Abluftreinigung, wir bieten f\u00fcr jeden Anspruch die richtige Konfiguration.<\/p>\n","protected":false},"author":4,"featured_media":304,"parent":12,"menu_order":65,"comment_status":"closed","ping_status":"closed","template":"tpl-produkt.php","meta":{"_acf_changed":false,"footnotes":""},"yst_prominent_words":[259,454,490],"class_list":["post-95","page","type-page","status-publish","has-post-thumbnail","hentry"],"acf":[],"_links":{"self":[{"href":"https:\/\/www.gerlach-machinery.com\/de\/wp-json\/wp\/v2\/pages\/95","targetHints":{"allow":["GET"]}}],"collection":[{"href":"https:\/\/www.gerlach-machinery.com\/de\/wp-json\/wp\/v2\/pages"}],"about":[{"href":"https:\/\/www.gerlach-machinery.com\/de\/wp-json\/wp\/v2\/types\/page"}],"author":[{"embeddable":true,"href":"https:\/\/www.gerlach-machinery.com\/de\/wp-json\/wp\/v2\/users\/4"}],"replies":[{"embeddable":true,"href":"https:\/\/www.gerlach-machinery.com\/de\/wp-json\/wp\/v2\/comments?post=95"}],"version-history":[{"count":3,"href":"https:\/\/www.gerlach-machinery.com\/de\/wp-json\/wp\/v2\/pages\/95\/revisions"}],"predecessor-version":[{"id":1985,"href":"https:\/\/www.gerlach-machinery.com\/de\/wp-json\/wp\/v2\/pages\/95\/revisions\/1985"}],"up":[{"embeddable":true,"href":"https:\/\/www.gerlach-machinery.com\/de\/wp-json\/wp\/v2\/pages\/12"}],"wp:featuredmedia":[{"embeddable":true,"href":"https:\/\/www.gerlach-machinery.com\/de\/wp-json\/wp\/v2\/media\/304"}],"wp:attachment":[{"href":"https:\/\/www.gerlach-machinery.com\/de\/wp-json\/wp\/v2\/media?parent=95"}],"wp:term":[{"taxonomy":"yst_prominent_words","embeddable":true,"href":"https:\/\/www.gerlach-machinery.com\/de\/wp-json\/wp\/v2\/yst_prominent_words?post=95"}],"curies":[{"name":"wp","href":"https:\/\/api.w.org\/{rel}","templated":true}]}}