{"id":94,"date":"2017-01-24T12:44:20","date_gmt":"2017-01-24T11:44:20","guid":{"rendered":"http:\/\/gerlach-maschinen.de\/?page_id=94\/"},"modified":"2019-12-04T08:42:44","modified_gmt":"2019-12-04T07:42:44","slug":"kuehlkanaele","status":"publish","type":"page","link":"https:\/\/www.gerlach-machinery.com\/de\/produkte\/kuehlkanaele\/","title":{"rendered":"K\u00fchlkan\u00e4le"},"content":{"rendered":"<h1>K\u00fchlkan\u00e4le<\/h1>\n<p>Ger\u00e4uschreduzierte effektive Profilk\u00fchlung durch Spray, Schwall oder Tauchk\u00fchlung f\u00fcr flexible und starre Produkte. Modularer 3m Zonen-Aufbau, ausgestattet mit Transport-Rollenbahnen, mit oder ohne Abblasung sowie mobile K\u00fchlkan\u00e4le mit und ohne Produkt-Transportband erg\u00e4nzen unser Lieferprogramm. Standardm\u00e4\u00dfig sind unsere K\u00fchlkan\u00e4le mit Wasserfiltern, W\u00e4rmetauschern und zum Einsatz in offenen oder geschlossenen K\u00fchlkreisl\u00e4ufen bestens geeignet. \u00dcber eine angebaute leistungsstarke Abblas-Station mit integriertem Seitenkanalverdichter wird eine absolute trockene Profiloberfl\u00e4che erzielt. Flexible D\u00fcsen erm\u00f6glichen selbst bei komplizierten Profilen eine einwandfreie Trocknung. F\u00fcr die Profilabk\u00fchlung vor Lackapplikationen stehen unterschiedliche Konzepte der Luftk\u00fchlung zur Disposition.<\/p>\n","protected":false},"excerpt":{"rendered":"<p>Ger\u00e4uschreduzierte effektive Profilk\u00fchlung durch Spray, Schwall oder Tauchk\u00fchlung f\u00fcr flexible und starre Produkte. Modularer 3m Zonen-Aufbau, ausgestattet mit Transport-Rollenbahnen, mit oder ohne Abblasung sowie mobile K\u00fchlkan\u00e4le mit und ohne Produkt-Transportband erg\u00e4nzen unser Lieferprogramm. Standardm\u00e4\u00dfig sind unsere K\u00fchlkan\u00e4le mit Wasserfiltern, W\u00e4rmetauschern und zum Einsatz in offenen oder geschlossenen K\u00fchlkreisl\u00e4ufen bestens geeignet.<\/p>\n","protected":false},"author":4,"featured_media":305,"parent":12,"menu_order":78,"comment_status":"closed","ping_status":"closed","template":"tpl-produkt.php","meta":{"_acf_changed":false,"footnotes":""},"yst_prominent_words":[285,493,74,492,491,286,490,494,265],"class_list":["post-94","page","type-page","status-publish","has-post-thumbnail","hentry"],"acf":[],"_links":{"self":[{"href":"https:\/\/www.gerlach-machinery.com\/de\/wp-json\/wp\/v2\/pages\/94","targetHints":{"allow":["GET"]}}],"collection":[{"href":"https:\/\/www.gerlach-machinery.com\/de\/wp-json\/wp\/v2\/pages"}],"about":[{"href":"https:\/\/www.gerlach-machinery.com\/de\/wp-json\/wp\/v2\/types\/page"}],"author":[{"embeddable":true,"href":"https:\/\/www.gerlach-machinery.com\/de\/wp-json\/wp\/v2\/users\/4"}],"replies":[{"embeddable":true,"href":"https:\/\/www.gerlach-machinery.com\/de\/wp-json\/wp\/v2\/comments?post=94"}],"version-history":[{"count":3,"href":"https:\/\/www.gerlach-machinery.com\/de\/wp-json\/wp\/v2\/pages\/94\/revisions"}],"predecessor-version":[{"id":1987,"href":"https:\/\/www.gerlach-machinery.com\/de\/wp-json\/wp\/v2\/pages\/94\/revisions\/1987"}],"up":[{"embeddable":true,"href":"https:\/\/www.gerlach-machinery.com\/de\/wp-json\/wp\/v2\/pages\/12"}],"wp:featuredmedia":[{"embeddable":true,"href":"https:\/\/www.gerlach-machinery.com\/de\/wp-json\/wp\/v2\/media\/305"}],"wp:attachment":[{"href":"https:\/\/www.gerlach-machinery.com\/de\/wp-json\/wp\/v2\/media?parent=94"}],"wp:term":[{"taxonomy":"yst_prominent_words","embeddable":true,"href":"https:\/\/www.gerlach-machinery.com\/de\/wp-json\/wp\/v2\/yst_prominent_words?post=94"}],"curies":[{"name":"wp","href":"https:\/\/api.w.org\/{rel}","templated":true}]}}