{"id":93,"date":"2017-01-24T12:43:56","date_gmt":"2017-01-24T11:43:56","guid":{"rendered":"http:\/\/gerlach-maschinen.de\/?page_id=93\/"},"modified":"2019-09-13T11:40:17","modified_gmt":"2019-09-13T09:40:17","slug":"ergaenzungsmaschinen","status":"publish","type":"page","link":"https:\/\/www.gerlach-machinery.com\/de\/produkte\/ergaenzungsmaschinen\/","title":{"rendered":"Erg\u00e4nzungsmaschinen"},"content":{"rendered":"<h1>Erg\u00e4nzungsmaschinen<\/h1>\n<p>Die Gerlach Maschinenbau GmbH bietet neben den Hei\u00dfluftvulkanisationsanlagen auch Erg\u00e4nzungsmaschinen rund um das Thema Gummi und Vulkanisationstechnik.<\/p>\n","protected":false},"excerpt":{"rendered":"<p>Erg\u00e4nzungsmaschinen Die Gerlach Maschinenbau GmbH bietet neben den Hei\u00dfluftvulkanisationsanlagen auch Erg\u00e4nzungsmaschinen rund um das Thema Gummi und Vulkanisationstechnik.<\/p>\n","protected":false},"author":4,"featured_media":1684,"parent":12,"menu_order":84,"comment_status":"closed","ping_status":"closed","template":"tpl-produkt.php","meta":{"_acf_changed":false,"footnotes":""},"yst_prominent_words":[495],"class_list":["post-93","page","type-page","status-publish","has-post-thumbnail","hentry"],"acf":[],"_links":{"self":[{"href":"https:\/\/www.gerlach-machinery.com\/de\/wp-json\/wp\/v2\/pages\/93","targetHints":{"allow":["GET"]}}],"collection":[{"href":"https:\/\/www.gerlach-machinery.com\/de\/wp-json\/wp\/v2\/pages"}],"about":[{"href":"https:\/\/www.gerlach-machinery.com\/de\/wp-json\/wp\/v2\/types\/page"}],"author":[{"embeddable":true,"href":"https:\/\/www.gerlach-machinery.com\/de\/wp-json\/wp\/v2\/users\/4"}],"replies":[{"embeddable":true,"href":"https:\/\/www.gerlach-machinery.com\/de\/wp-json\/wp\/v2\/comments?post=93"}],"version-history":[{"count":2,"href":"https:\/\/www.gerlach-machinery.com\/de\/wp-json\/wp\/v2\/pages\/93\/revisions"}],"predecessor-version":[{"id":190,"href":"https:\/\/www.gerlach-machinery.com\/de\/wp-json\/wp\/v2\/pages\/93\/revisions\/190"}],"up":[{"embeddable":true,"href":"https:\/\/www.gerlach-machinery.com\/de\/wp-json\/wp\/v2\/pages\/12"}],"wp:featuredmedia":[{"embeddable":true,"href":"https:\/\/www.gerlach-machinery.com\/de\/wp-json\/wp\/v2\/media\/1684"}],"wp:attachment":[{"href":"https:\/\/www.gerlach-machinery.com\/de\/wp-json\/wp\/v2\/media?parent=93"}],"wp:term":[{"taxonomy":"yst_prominent_words","embeddable":true,"href":"https:\/\/www.gerlach-machinery.com\/de\/wp-json\/wp\/v2\/yst_prominent_words?post=93"}],"curies":[{"name":"wp","href":"https:\/\/api.w.org\/{rel}","templated":true}]}}