{"id":911,"date":"2017-10-04T12:05:43","date_gmt":"2017-10-04T10:05:43","guid":{"rendered":"http:\/\/www.gerlach-machinery.com\/?page_id=911\/"},"modified":"2025-07-12T17:21:51","modified_gmt":"2025-07-12T15:21:51","slug":"heatstrad-heating-strategy-developer","status":"publish","type":"page","link":"https:\/\/www.gerlach-machinery.com\/de\/produkte\/experts\/heatstrad-heating-strategy-developer\/","title":{"rendered":"HeatStraD &#8211; Heating Strategy Developer"},"content":{"rendered":"<h1>Heating Strategy Developer &#8211; HeatStraD<\/h1>\n<p>Der HeatStraD dient zur Validierung und Untersuchung des physikalischen Vernetzungsverhaltens von Elastomeren.<\/p>\n<p>Er vereint die Energieformen Hei\u00dfluft-, Mikrowellen und Infrarotenergie zur Vulkanisation von Elastomeren im Laborma\u00dfstab.<\/p>\n<p>Ob f\u00fcr den wissenschaftlichen Nachweis von Simulationsergebnissen oder der praxisnahen Ermittlung idealer Vulkanisationsparameter, bietet die Maschine ein hohes Ma\u00df an Flexibilit\u00e4t und Untersuchungsm\u00f6glichkeiten.<\/p>\n<p>Moderne Messinstrumente erfassen neben der Ist-Temperatur auch die W\u00e4rmeleitung am Produkt. Messdioden erfassen die nicht absorbierte Mikrowellenernergie und geben so Aufschlu\u00df \u00fcber die Leistungsaufnahme.<\/p>\n<p>\u00dcber die Datenauswertung der Messwerte ermitteln Sie f\u00fcr Ihr Produkt die richtige Energieform und Energiefolge.<\/p>\n<p>Mit dem HeatStraD finden Sie die richtige Vulkanisationsstrategie.<\/p>\n<p><a class=\"btn btn-default pull-left\" href=\"https:\/\/www.gerlach-machinery.com\/de\/anfrageportal\/?source=HeatStraD\" target=\"_blank\" rel=\"noopener\">Datenblatt anfordern<\/a><\/p>\n<p>&nbsp;<\/p>\n","protected":false},"excerpt":{"rendered":"<p>Heating Strategy Developer &#8211; HeatStraD Der HeatStraD dient zur Validierung und Untersuchung des physikalischen Vernetzungsverhaltens von Elastomeren. Er vereint die Energieformen Hei\u00dfluft-, Mikrowellen und Infrarotenergie zur Vulkanisation von Elastomeren im Laborma\u00dfstab. Ob f\u00fcr den wissenschaftlichen Nachweis von Simulationsergebnissen oder der praxisnahen Ermittlung idealer Vulkanisationsparameter, bietet die Maschine ein hohes Ma\u00df an Flexibilit\u00e4t und Untersuchungsm\u00f6glichkeiten. Moderne [&hellip;]<\/p>\n","protected":false},"author":5,"featured_media":890,"parent":908,"menu_order":101,"comment_status":"closed","ping_status":"closed","template":"tpl-produkt.php","meta":{"_acf_changed":false,"footnotes":""},"yst_prominent_words":[260,259,74,582,451,497,265,258,304],"class_list":["post-911","page","type-page","status-publish","has-post-thumbnail","hentry"],"acf":[],"_links":{"self":[{"href":"https:\/\/www.gerlach-machinery.com\/de\/wp-json\/wp\/v2\/pages\/911","targetHints":{"allow":["GET"]}}],"collection":[{"href":"https:\/\/www.gerlach-machinery.com\/de\/wp-json\/wp\/v2\/pages"}],"about":[{"href":"https:\/\/www.gerlach-machinery.com\/de\/wp-json\/wp\/v2\/types\/page"}],"author":[{"embeddable":true,"href":"https:\/\/www.gerlach-machinery.com\/de\/wp-json\/wp\/v2\/users\/5"}],"replies":[{"embeddable":true,"href":"https:\/\/www.gerlach-machinery.com\/de\/wp-json\/wp\/v2\/comments?post=911"}],"version-history":[{"count":6,"href":"https:\/\/www.gerlach-machinery.com\/de\/wp-json\/wp\/v2\/pages\/911\/revisions"}],"predecessor-version":[{"id":4647,"href":"https:\/\/www.gerlach-machinery.com\/de\/wp-json\/wp\/v2\/pages\/911\/revisions\/4647"}],"up":[{"embeddable":true,"href":"https:\/\/www.gerlach-machinery.com\/de\/wp-json\/wp\/v2\/pages\/908"}],"wp:featuredmedia":[{"embeddable":true,"href":"https:\/\/www.gerlach-machinery.com\/de\/wp-json\/wp\/v2\/media\/890"}],"wp:attachment":[{"href":"https:\/\/www.gerlach-machinery.com\/de\/wp-json\/wp\/v2\/media?parent=911"}],"wp:term":[{"taxonomy":"yst_prominent_words","embeddable":true,"href":"https:\/\/www.gerlach-machinery.com\/de\/wp-json\/wp\/v2\/yst_prominent_words?post=911"}],"curies":[{"name":"wp","href":"https:\/\/api.w.org\/{rel}","templated":true}]}}