{"id":53,"date":"2017-01-23T13:52:37","date_gmt":"2017-01-23T12:52:37","guid":{"rendered":"http:\/\/gerlach-maschinen.de\/?page_id=53\/"},"modified":"2019-11-26T15:33:10","modified_gmt":"2019-11-26T14:33:10","slug":"maschinen-anlagen","status":"publish","type":"page","link":"https:\/\/www.gerlach-machinery.com\/de\/leistungen\/maschinen-anlagen\/","title":{"rendered":"Maschinen &#038; Anlagen"},"content":{"rendered":"<h1>Modular, vielseitig und \u201cMade in Germany\u201d<\/h1>\n<p>GERLACH Maschinen und Anlagen eignen sich f\u00fcr die Vulkanisation von Synthese-, Natur- und Silikonkautschuk. Durch den modularen\u00a0Maschinenbau und den Einsatz unterschiedlicher Behandlungsstufen werden exzellente Produktoberfl\u00e4chen und -eigenschaften bei hohen Materialdurchs\u00e4tzen erzielt. Gleichzeitig weisen die umweltfreundlichen GERLACH Anlagen eine beispiellose Energieeffizienz bei hohen Produktionsgeschwindigkeiten auf.<\/p>\n<h2>Alles aus einer Hand<\/h2>\n<p>Unsere Produktion findet ausschlie\u00dflich in unserem Produktionswerk in der N\u00e4he von D\u00fcsseldorf statt. Dabei achten wir auf viele Faktoren, wie z.B. unsere Maschinen als ganzheitlicher Maschinenbauer noch zu 100 Prozent selbst zu fertigen. Das macht unsere Technologief\u00fchrerschaft aus.<\/p>\n<p>Unser umfangreicher Maschinenpark deckt alle ben\u00f6tigten Fertigungsverfahren ab, von der Zerspanung \u00fcber die Blechfertigung und Lackierung bis hin zum Schaltschrankbau und der Endmontage. Damit halten wir die gesamte Wertsch\u00f6pfungskette in unseren H\u00e4nden, von der ersten Idee bis zur fertigen Maschine.<\/p>\n","protected":false},"excerpt":{"rendered":"<p>Modular, vielseitig und \u201cMade in Germany\u201d GERLACH Maschinen und Anlagen eignen sich f\u00fcr die Vulkanisation von Synthese-, Natur- und Silikonkautschuk. Durch den modularen\u00a0Maschinenbau und den Einsatz unterschiedlicher Behandlungsstufen werden exzellente Produktoberfl\u00e4chen und -eigenschaften bei hohen Materialdurchs\u00e4tzen erzielt. Gleichzeitig weisen die umweltfreundlichen GERLACH Anlagen eine beispiellose Energieeffizienz bei hohen Produktionsgeschwindigkeiten auf. Alles aus einer Hand Unsere [&hellip;]<\/p>\n","protected":false},"author":4,"featured_media":63,"parent":13,"menu_order":126,"comment_status":"closed","ping_status":"closed","template":"tpl-leistung.php","meta":{"_acf_changed":false,"footnotes":""},"yst_prominent_words":[223,840,56,24],"class_list":["post-53","page","type-page","status-publish","has-post-thumbnail","hentry"],"acf":[],"_links":{"self":[{"href":"https:\/\/www.gerlach-machinery.com\/de\/wp-json\/wp\/v2\/pages\/53","targetHints":{"allow":["GET"]}}],"collection":[{"href":"https:\/\/www.gerlach-machinery.com\/de\/wp-json\/wp\/v2\/pages"}],"about":[{"href":"https:\/\/www.gerlach-machinery.com\/de\/wp-json\/wp\/v2\/types\/page"}],"author":[{"embeddable":true,"href":"https:\/\/www.gerlach-machinery.com\/de\/wp-json\/wp\/v2\/users\/4"}],"replies":[{"embeddable":true,"href":"https:\/\/www.gerlach-machinery.com\/de\/wp-json\/wp\/v2\/comments?post=53"}],"version-history":[{"count":8,"href":"https:\/\/www.gerlach-machinery.com\/de\/wp-json\/wp\/v2\/pages\/53\/revisions"}],"predecessor-version":[{"id":1911,"href":"https:\/\/www.gerlach-machinery.com\/de\/wp-json\/wp\/v2\/pages\/53\/revisions\/1911"}],"up":[{"embeddable":true,"href":"https:\/\/www.gerlach-machinery.com\/de\/wp-json\/wp\/v2\/pages\/13"}],"wp:featuredmedia":[{"embeddable":true,"href":"https:\/\/www.gerlach-machinery.com\/de\/wp-json\/wp\/v2\/media\/63"}],"wp:attachment":[{"href":"https:\/\/www.gerlach-machinery.com\/de\/wp-json\/wp\/v2\/media?parent=53"}],"wp:term":[{"taxonomy":"yst_prominent_words","embeddable":true,"href":"https:\/\/www.gerlach-machinery.com\/de\/wp-json\/wp\/v2\/yst_prominent_words?post=53"}],"curies":[{"name":"wp","href":"https:\/\/api.w.org\/{rel}","templated":true}]}}