{"id":52,"date":"2017-01-23T13:52:23","date_gmt":"2017-01-23T12:52:23","guid":{"rendered":"http:\/\/gerlach-maschinen.de\/?page_id=52\/"},"modified":"2017-09-18T14:05:49","modified_gmt":"2017-09-18T12:05:49","slug":"ersatzteile","status":"publish","type":"page","link":"https:\/\/www.gerlach-machinery.com\/de\/leistungen\/ersatzteile\/","title":{"rendered":"Ersatzteile"},"content":{"rendered":"<h1>Ersatzteil-Lieferung &#8222;Just in Time&#8220;<\/h1>\n<p>Zeit ist Geld &#8211;\u00a0das gilt auch f\u00fcr die Ersatzteilversorgung unserer komplexen Anlagen. Auf \u00fcber 1000 Quadratmetern Lagerfl\u00e4che bevorraten wir die wesentlichen Ersatz- und Verschlei\u00dfteile, die binnen k\u00fcrzester Zeit zur Auslieferung kommen. Wir verwalten und steuern das Ersatzteil-Lager \u00fcber die bew\u00e4hrte Microsoft Navision\u00a0ERP-Software.\u00a0Der Zugriff auf das GERLACH eigene\u00a0Lager sichert Ihnen schnelle Reaktionszeiten und kurzfristige Terminsendungen f\u00fcr alle wichtigen Maschinenkomponenten.<\/p>\n<h2>Vertrauen Sie nur auf Original-Ersatzteile<\/h2>\n<p>Unsere Maschinen und Anlagen sind hochtechnisiert und die Komponenten bis ins\u00a0kleinste Detail aufeinander abgestimmt. Das gilt auch f\u00fcr die Eigenproduktion der g\u00e4ngigen Ersatzteile. Daher raten wir unseren Kunden, nur GERLACH Original-Ersatzteile zu verwenden. Im ersten Moment erscheinen die Kosten h\u00f6her als bei vermeintlich vergleichbaren Angeboten am Markt. Wir haben die Erfahrung gemacht, dass nicht originale\u00a0Ersatzteile den\u00a0reibungslosen Einsatz der Maschinen st\u00f6ren k\u00f6nnen und im schlimmsten Fall eine Reparatur nach sich ziehen. Ein Garantie Anspruch kann in einem solchen Fall nicht geltend gemacht werden.<\/p>\n<p>&nbsp;<\/p>\n","protected":false},"excerpt":{"rendered":"<p>Ersatzteil-Lieferung &#8222;Just in Time&#8220; Zeit ist Geld &#8211;\u00a0das gilt auch f\u00fcr die Ersatzteilversorgung unserer komplexen Anlagen. Auf \u00fcber 1000 Quadratmetern Lagerfl\u00e4che bevorraten wir die wesentlichen Ersatz- und Verschlei\u00dfteile, die binnen k\u00fcrzester Zeit zur Auslieferung kommen. Wir verwalten und steuern das Ersatzteil-Lager \u00fcber die bew\u00e4hrte Microsoft Navision\u00a0ERP-Software.\u00a0Der Zugriff auf das GERLACH eigene\u00a0Lager sichert Ihnen schnelle Reaktionszeiten [&hellip;]<\/p>\n","protected":false},"author":4,"featured_media":149,"parent":13,"menu_order":130,"comment_status":"closed","ping_status":"closed","template":"tpl-leistung.php","meta":{"_acf_changed":false,"footnotes":""},"yst_prominent_words":[],"class_list":["post-52","page","type-page","status-publish","has-post-thumbnail","hentry"],"acf":[],"_links":{"self":[{"href":"https:\/\/www.gerlach-machinery.com\/de\/wp-json\/wp\/v2\/pages\/52","targetHints":{"allow":["GET"]}}],"collection":[{"href":"https:\/\/www.gerlach-machinery.com\/de\/wp-json\/wp\/v2\/pages"}],"about":[{"href":"https:\/\/www.gerlach-machinery.com\/de\/wp-json\/wp\/v2\/types\/page"}],"author":[{"embeddable":true,"href":"https:\/\/www.gerlach-machinery.com\/de\/wp-json\/wp\/v2\/users\/4"}],"replies":[{"embeddable":true,"href":"https:\/\/www.gerlach-machinery.com\/de\/wp-json\/wp\/v2\/comments?post=52"}],"version-history":[{"count":13,"href":"https:\/\/www.gerlach-machinery.com\/de\/wp-json\/wp\/v2\/pages\/52\/revisions"}],"predecessor-version":[{"id":337,"href":"https:\/\/www.gerlach-machinery.com\/de\/wp-json\/wp\/v2\/pages\/52\/revisions\/337"}],"up":[{"embeddable":true,"href":"https:\/\/www.gerlach-machinery.com\/de\/wp-json\/wp\/v2\/pages\/13"}],"wp:featuredmedia":[{"embeddable":true,"href":"https:\/\/www.gerlach-machinery.com\/de\/wp-json\/wp\/v2\/media\/149"}],"wp:attachment":[{"href":"https:\/\/www.gerlach-machinery.com\/de\/wp-json\/wp\/v2\/media?parent=52"}],"wp:term":[{"taxonomy":"yst_prominent_words","embeddable":true,"href":"https:\/\/www.gerlach-machinery.com\/de\/wp-json\/wp\/v2\/yst_prominent_words?post=52"}],"curies":[{"name":"wp","href":"https:\/\/api.w.org\/{rel}","templated":true}]}}