{"id":50,"date":"2017-01-23T13:50:56","date_gmt":"2017-01-23T12:50:56","guid":{"rendered":"http:\/\/gerlach-maschinen.de\/?page_id=50\/"},"modified":"2019-12-02T16:34:58","modified_gmt":"2019-12-02T15:34:58","slug":"forschung-entwicklung","status":"publish","type":"page","link":"https:\/\/www.gerlach-machinery.com\/de\/leistungen\/forschung-entwicklung\/","title":{"rendered":"Forschung &#038; Entwicklung"},"content":{"rendered":"<h1><strong>Von der Entwicklung bis zur Serienreife<\/strong><\/h1>\n<p>Die GERLACH Maschinenbau GmbH entwickelt, fertigt und vertreibt Sondermaschinen f\u00fcr die Gummi- und Automobil-Zulieferindustrie. Zu den Alleinstellungsmerkmalen des Unternehmens geh\u00f6rt nicht nur der besonders hohe Anteil der Eigenproduktion, sondern auch die gesamte Entwicklung sowie der eigenst\u00e4ndige Maschinenvertrieb.<\/p>\n<p>Sie suchen das ideale Vernetzungsverfahren f\u00fcr Ihr neues, komplexes Produkt oder die passende Heizstrategie aufgrund steigender Anforderungen an umweltfreundliche sowie effiziente Produktionsprozesse?<\/p>\n<p>In K\u00fcrze bieten wir Ihnen in unserem neuen Vorf\u00fchrzentrum Tests, Schulungen und Versuche. Dort finden Sie f\u00fcr Versuche einen umfangreichen Maschinenpark. Mit unserer neuen, kompletten Vulkanisationslinie bestehend aus Extruder, IR-Vorschock, Schockkanal mit Mikrowelle, Hei\u00dfluftkanal, K\u00fchlkanal und Abzugsraupe k\u00f6nnen wir, gerne auch gemeinsam mit Ihnen, Ihr Produkt validieren und Grenzen ausloten.<\/p>\n<p>Kundenmischungen und Spritzwerkzeuge werden hierbei mit in die Validierung einbezogen, um den Nachweis der Produkterstellung in der kontinuierlichen Fertigung zu erbringen.<\/p>\n<p>Zus\u00e4tzlich haben Sie dort die Gelegenheit, mit kleinen und kompakten Einheiten das Aufheizverhalten von Produkt- und Materialmustern zu untersuchen, auch mit unseren neuesten Technologien.<\/p>\n<p>Sie wollen diese neue Technologien in Ihrer Fertigung testen? Eine Vielzahl von Maschinen stellen wir Ihnen auch f\u00fcr Versuche in Ihrer Produktion zur Verf\u00fcgung. Die neuesten Technologien k\u00f6nnen so unter realen Bedingungen getestet werden. Sprechen Sie uns einfach an.<\/p>\n<h2><strong>Wir setzen auf\u00a0strategische Partnerschaften<\/strong><\/h2>\n<p>Auf dem Weg von der Idee bis zur Serienreife kooperieren wir mit freien und wissenschaftlichen Partnern. Schon in der sehr fr\u00fchen Phase des Herstellungsprozess setzen wir auf die Erfahrung und Kompetenz renommierter Institute. Der T\u00dcV Rheinland f\u00fchrt zum Beispiel serienbegleitend Messungen an unserem Produktionsstandort durch.<\/p>\n<p>Mit Hochschulen und Universit\u00e4ten arbeitet GERLACH an gemeinsamen Forschungsprojekten, um die Maschinen noch effizienter und ressourcenschonender zu gestalten. Eine enge Kooperation besteht unter anderem mit der Universit\u00e4t Paderborn. Im Jahr 2016 erschien im Fachmagazin GAK eine Ausarbeitung zum Thema \u201cGanzheitliches Energiekonzept f\u00fcr die Hei\u00dfluft-Vulkanisation mittels innovativer Luftf\u00fchrung und W\u00e4rme\u00fcbertragung\u201d.<\/p>\n<p><a class=\"btn btn-primary\" href=\"https:\/\/www.gerlach-machinery.com\/wp-content\/uploads\/2017\/01\/Sonderdruck-GAK_2016.pdf\" target=\"_blank\" rel=\"noopener noreferrer\">PDF zum Sonderdruck GAK 2016 ansehen<\/a><\/p>\n<p>&nbsp;<\/p>\n","protected":false},"excerpt":{"rendered":"<p>Von der Entwicklung bis zur Serienreife Die GERLACH Maschinenbau GmbH entwickelt, fertigt und vertreibt Sondermaschinen f\u00fcr die Gummi- und Automobil-Zulieferindustrie. Zu den Alleinstellungsmerkmalen des Unternehmens geh\u00f6rt nicht nur der besonders hohe Anteil der Eigenproduktion, sondern auch die gesamte Entwicklung sowie der eigenst\u00e4ndige Maschinenvertrieb. Sie suchen das ideale Vernetzungsverfahren f\u00fcr Ihr neues, komplexes Produkt oder die [&hellip;]<\/p>\n","protected":false},"author":4,"featured_media":1901,"parent":13,"menu_order":128,"comment_status":"closed","ping_status":"closed","template":"tpl-leistung.php","meta":{"_acf_changed":false,"footnotes":""},"yst_prominent_words":[841,817,812,337,56,100,192,172,392,194,842,813,815,816,308,406],"class_list":["post-50","page","type-page","status-publish","has-post-thumbnail","hentry"],"acf":[],"_links":{"self":[{"href":"https:\/\/www.gerlach-machinery.com\/de\/wp-json\/wp\/v2\/pages\/50","targetHints":{"allow":["GET"]}}],"collection":[{"href":"https:\/\/www.gerlach-machinery.com\/de\/wp-json\/wp\/v2\/pages"}],"about":[{"href":"https:\/\/www.gerlach-machinery.com\/de\/wp-json\/wp\/v2\/types\/page"}],"author":[{"embeddable":true,"href":"https:\/\/www.gerlach-machinery.com\/de\/wp-json\/wp\/v2\/users\/4"}],"replies":[{"embeddable":true,"href":"https:\/\/www.gerlach-machinery.com\/de\/wp-json\/wp\/v2\/comments?post=50"}],"version-history":[{"count":28,"href":"https:\/\/www.gerlach-machinery.com\/de\/wp-json\/wp\/v2\/pages\/50\/revisions"}],"predecessor-version":[{"id":1942,"href":"https:\/\/www.gerlach-machinery.com\/de\/wp-json\/wp\/v2\/pages\/50\/revisions\/1942"}],"up":[{"embeddable":true,"href":"https:\/\/www.gerlach-machinery.com\/de\/wp-json\/wp\/v2\/pages\/13"}],"wp:featuredmedia":[{"embeddable":true,"href":"https:\/\/www.gerlach-machinery.com\/de\/wp-json\/wp\/v2\/media\/1901"}],"wp:attachment":[{"href":"https:\/\/www.gerlach-machinery.com\/de\/wp-json\/wp\/v2\/media?parent=50"}],"wp:term":[{"taxonomy":"yst_prominent_words","embeddable":true,"href":"https:\/\/www.gerlach-machinery.com\/de\/wp-json\/wp\/v2\/yst_prominent_words?post=50"}],"curies":[{"name":"wp","href":"https:\/\/api.w.org\/{rel}","templated":true}]}}