{"id":49,"date":"2017-01-23T13:50:30","date_gmt":"2017-01-23T12:50:30","guid":{"rendered":"http:\/\/gerlach-maschinen.de\/?page_id=49\/"},"modified":"2019-08-08T11:56:07","modified_gmt":"2019-08-08T09:56:07","slug":"beratung-planung","status":"publish","type":"page","link":"https:\/\/www.gerlach-machinery.com\/de\/leistungen\/beratung-planung\/","title":{"rendered":"Beratung &#038; Planung"},"content":{"rendered":"<h1>Beratung &amp; Planung<\/h1>\n<div class=\"page-header\">\n<h2>Materialmischungen<\/h2>\n<\/div>\n<div>\n<p>Neben der Anlagentechnik spielt auch die Auswahl der richtigen Materialmischungen eine gro\u00dfe Rolle f\u00fcr die Qualit\u00e4t des Endproduktes. Durch die enge Zusammenarbeit mit verschiedenen Herstellern bieten wir Ihnen die M\u00f6glichkeit, Ihre Mischungen auf unseren Extruder-Anlagen zu testen und anschlie\u00dfend gemeinsam zu optimieren. Im Anschluss\u00a0sprechen wir eine Handlungsempfehlung f\u00fcr den Vulkanisations-Prozess Ihrer Produktionslinie\u00a0aus und geben genaue Auskunft \u00fcber die Oberfl\u00e4chenstruktur, die Qualit\u00e4t sowie\u00a0die kalkulierte\u00a0Produktionszeit des Endproduktes.<\/p>\n<p><a href=\"https:\/\/www.gerlach-machinery.com\/wp-content\/uploads\/2017\/01\/Gerlach-Materialmischung1.jpg\"><img fetchpriority=\"high\" decoding=\"async\" class=\"alignnone size-medium wp-image-358\" src=\"https:\/\/www.gerlach-machinery.com\/wp-content\/uploads\/2017\/01\/Gerlach-Materialmischung1-300x241.jpg\" alt=\"\" width=\"300\" height=\"241\" srcset=\"https:\/\/www.gerlach-machinery.com\/wp-content\/uploads\/2017\/01\/Gerlach-Materialmischung1-300x241.jpg 300w, https:\/\/www.gerlach-machinery.com\/wp-content\/uploads\/2017\/01\/Gerlach-Materialmischung1-1024x821.jpg 1024w, https:\/\/www.gerlach-machinery.com\/wp-content\/uploads\/2017\/01\/Gerlach-Materialmischung1-768x616.jpg 768w, https:\/\/www.gerlach-machinery.com\/wp-content\/uploads\/2017\/01\/Gerlach-Materialmischung1-1536x1232.jpg 1536w, https:\/\/www.gerlach-machinery.com\/wp-content\/uploads\/2017\/01\/Gerlach-Materialmischung1.jpg 1789w\" sizes=\"(max-width: 300px) 100vw, 300px\" \/><\/a>\u00a0<a href=\"https:\/\/www.gerlach-machinery.com\/wp-content\/uploads\/2017\/01\/Materialmischung.jpg\"><img decoding=\"async\" class=\"alignnone size-medium wp-image-359\" src=\"https:\/\/www.gerlach-machinery.com\/wp-content\/uploads\/2017\/01\/Materialmischung-300x200.jpg\" alt=\"\" width=\"300\" height=\"200\" srcset=\"https:\/\/www.gerlach-machinery.com\/wp-content\/uploads\/2017\/01\/Materialmischung-300x200.jpg 300w, https:\/\/www.gerlach-machinery.com\/wp-content\/uploads\/2017\/01\/Materialmischung-1024x682.jpg 1024w, https:\/\/www.gerlach-machinery.com\/wp-content\/uploads\/2017\/01\/Materialmischung-768x511.jpg 768w, https:\/\/www.gerlach-machinery.com\/wp-content\/uploads\/2017\/01\/Materialmischung-1536x1023.jpg 1536w, https:\/\/www.gerlach-machinery.com\/wp-content\/uploads\/2017\/01\/Materialmischung.jpg 2002w\" sizes=\"(max-width: 300px) 100vw, 300px\" \/><\/a><\/p>\n<div class=\"page-header\">\n<h2>Verfahrenstechniken<\/h2>\n<\/div>\n<div>\n<p>Die Verfahrenstechnik ist einer unserer\u00a0wichtigsten Kernkomponenten und Grund f\u00fcr die hohe Effizienz der GERLACH\u00a0Anlagentechnik. Durch eine enge Kooperation mit wissenschaftlichen Instituten arbeiten wir stets an der weiteren Optimierung und Verfeinerung des Wirkprinzips. Dar\u00fcber hinaus bieten wir durch die langj\u00e4hrige Erfahrung Unterst\u00fctzung bei der Auslegung Ihrer Vulkanisationsstrecke. Mit Hilfe unserer Partner konfigurieren wir gemeinsam die f\u00fcr Ihren Anwendungsfall optimal abgestimmte Anlagentechnik.<\/p>\n<div class=\"page-header\">\n<h2>Finanzierungen<\/h2>\n<\/div>\n<div>\n<p>Der Erwerb von Maschinentechnik stellt immer eine Investition dar, die wohl kalkuliert und vorbereitet sein muss. Insbesondere bei Sondermaschinen haben viele Finanzinstitute Schwierigkeiten bei der Einsch\u00e4tzung der Werthaltigkeit und Eingruppierung des Anlagegutes. Wir arbeiten daher seit vielen Jahren eng mit namhaften Finanzierungsdienstleistern zusammen und vermitteln gerne die geeigneten Ansprechpartner. Ganz gleich ob Leasing, Finanzierung oder Pricesharing &#8211; wir finden f\u00fcr Sie zusammen mit den geeigneten Kreditinstituten eine ma\u00dfgeschneiderte L\u00f6sung.<\/p>\n<\/div>\n<\/div>\n<\/div>\n","protected":false},"excerpt":{"rendered":"<p>Beratung &amp; Planung Materialmischungen Neben der Anlagentechnik spielt auch die Auswahl der richtigen Materialmischungen eine gro\u00dfe Rolle f\u00fcr die Qualit\u00e4t des Endproduktes. Durch die enge Zusammenarbeit mit verschiedenen Herstellern bieten wir Ihnen die M\u00f6glichkeit, Ihre Mischungen auf unseren Extruder-Anlagen zu testen und anschlie\u00dfend gemeinsam zu optimieren. Im Anschluss\u00a0sprechen wir eine Handlungsempfehlung f\u00fcr den Vulkanisations-Prozess Ihrer [&hellip;]<\/p>\n","protected":false},"author":4,"featured_media":1550,"parent":13,"menu_order":129,"comment_status":"closed","ping_status":"closed","template":"tpl-leistung.php","meta":{"_acf_changed":false,"footnotes":""},"yst_prominent_words":[288,289,284,294,283,287,281,280,267,282,285,292,293,74,262,295,290,286,291,279],"class_list":["post-49","page","type-page","status-publish","has-post-thumbnail","hentry"],"acf":[],"_links":{"self":[{"href":"https:\/\/www.gerlach-machinery.com\/de\/wp-json\/wp\/v2\/pages\/49","targetHints":{"allow":["GET"]}}],"collection":[{"href":"https:\/\/www.gerlach-machinery.com\/de\/wp-json\/wp\/v2\/pages"}],"about":[{"href":"https:\/\/www.gerlach-machinery.com\/de\/wp-json\/wp\/v2\/types\/page"}],"author":[{"embeddable":true,"href":"https:\/\/www.gerlach-machinery.com\/de\/wp-json\/wp\/v2\/users\/4"}],"replies":[{"embeddable":true,"href":"https:\/\/www.gerlach-machinery.com\/de\/wp-json\/wp\/v2\/comments?post=49"}],"version-history":[{"count":12,"href":"https:\/\/www.gerlach-machinery.com\/de\/wp-json\/wp\/v2\/pages\/49\/revisions"}],"predecessor-version":[{"id":1454,"href":"https:\/\/www.gerlach-machinery.com\/de\/wp-json\/wp\/v2\/pages\/49\/revisions\/1454"}],"up":[{"embeddable":true,"href":"https:\/\/www.gerlach-machinery.com\/de\/wp-json\/wp\/v2\/pages\/13"}],"wp:featuredmedia":[{"embeddable":true,"href":"https:\/\/www.gerlach-machinery.com\/de\/wp-json\/wp\/v2\/media\/1550"}],"wp:attachment":[{"href":"https:\/\/www.gerlach-machinery.com\/de\/wp-json\/wp\/v2\/media?parent=49"}],"wp:term":[{"taxonomy":"yst_prominent_words","embeddable":true,"href":"https:\/\/www.gerlach-machinery.com\/de\/wp-json\/wp\/v2\/yst_prominent_words?post=49"}],"curies":[{"name":"wp","href":"https:\/\/api.w.org\/{rel}","templated":true}]}}