{"id":4758,"date":"2025-10-07T21:42:26","date_gmt":"2025-10-07T19:42:26","guid":{"rendered":"https:\/\/www.gerlach-machinery.com\/?page_id=4758"},"modified":"2025-10-07T21:52:27","modified_gmt":"2025-10-07T19:52:27","slug":"heat-tower-ht-420","status":"publish","type":"page","link":"https:\/\/www.gerlach-machinery.com\/de\/produkte\/ergaenzungsmaschinen\/ht-450\/","title":{"rendered":"Heat Tower HT 420"},"content":{"rendered":"<h1><strong>Heat Tower HT 420<\/strong><\/h1>\n<h2><strong>Effiziente elektrische Beheizung f\u00fcr Hei\u00dfluft-Vulkanisationssysteme<\/strong><\/h2>\n<p><span style=\"font-weight: 400;\">Der elektrisch betriebene Heat Tower HT 420 ist eine kompakte, eigenst\u00e4ndige Heizl\u00f6sung. Er kann hinter praktisch jedem Hei\u00dfluft-Vulkanisationskanal mit Umluftsystem installiert werden, auch im Zuge einer Umr\u00fcstung von einer Gas- auf elektrische Beheizung. Sie versorgt den angeschlossenen Kanal zuverl\u00e4ssig mit gleichm\u00e4\u00dfig erhitzter Luft \u2013 effizient, leistungsstark und pr\u00e4zise geregelt.<\/span><\/p>\n<p><span style=\"font-weight: 400;\">Im Inneren arbeiten hochwertige Heizelemente zusammen mit einem integrierten Ventilator, dessen motorische Stellklappe eine exakte Steuerung der Luftmenge erm\u00f6glicht. Der modulare Aufbau erlaubt es, die Heizleistung flexibel an die jeweilige Anlagenkonfiguration anzupassen.<\/span><\/p>\n<p><img fetchpriority=\"high\" decoding=\"async\" class=\"alignnone wp-image-4760 size-full\" src=\"https:\/\/www.gerlach-machinery.com\/wp-content\/uploads\/2025\/10\/HT420-min.png\" alt=\"\" width=\"1386\" height=\"780\" srcset=\"https:\/\/www.gerlach-machinery.com\/wp-content\/uploads\/2025\/10\/HT420-min.png 1386w, https:\/\/www.gerlach-machinery.com\/wp-content\/uploads\/2025\/10\/HT420-min-300x169.png 300w, https:\/\/www.gerlach-machinery.com\/wp-content\/uploads\/2025\/10\/HT420-min-1024x576.png 1024w, https:\/\/www.gerlach-machinery.com\/wp-content\/uploads\/2025\/10\/HT420-min-768x432.png 768w, https:\/\/www.gerlach-machinery.com\/wp-content\/uploads\/2025\/10\/HT420-min-585x330.png 585w\" sizes=\"(max-width: 1386px) 100vw, 1386px\" \/><\/p>\n<p><span style=\"font-weight: 400;\">Mit weniger als 2 Metern L\u00e4nge, einer H\u00f6he von 2,1 Metern und rund 1 Meter Tiefe ist der HT 420 besonders platzsparend konstruiert. Er wird montagefertig auf einem stabilen Podest mit Stellf\u00fc\u00dfen geliefert. Ein separater Schaltschrank ist im Lieferumfang enthalten.<\/span><\/p>\n<p>&nbsp;<\/p>\n<h2><strong>Maschinen Highlights<\/strong><\/h2>\n<ul>\n<li style=\"font-weight: 400;\" aria-level=\"1\"><span style=\"font-weight: 400;\">Heizleistung ab 10 kW, je nach L\u00e4nge und Gr\u00f6\u00dfe des angeschlossenen Hei\u00dfluftkanals in gleichen Schritten erweiterbar; bei \u00fcber 40 kW mit angepassten Abmessungen<\/span><\/li>\n<li style=\"font-weight: 400;\" aria-level=\"1\"><span style=\"font-weight: 400;\">F\u00fcr alle Hei\u00dfluftkan\u00e4le mit Umluftsystem geeignet<\/span><\/li>\n<li style=\"font-weight: 400;\" aria-level=\"1\"><span style=\"font-weight: 400;\">Temperaturbereich bis 340 \u00b0C, Sonderausf\u00fchrungen bis 550 \u00b0C verf\u00fcgbar<\/span><\/li>\n<\/ul>\n<p>&nbsp;<\/p>\n<p><a class=\"btn btn-default pull-left\" href=\"https:\/\/www.gerlach-machinery.com\/de\/anfrageportal\/?source=Heat-Tower-HT-420\" target=\"_blank\" rel=\"noopener\">Datenblatt anfordern<\/a><\/p>\n<p>&nbsp;<\/p>\n","protected":false},"excerpt":{"rendered":"<p>Heat Tower HT 420 Effiziente elektrische Beheizung f\u00fcr Hei\u00dfluft-Vulkanisationssysteme Der elektrisch betriebene Heat Tower HT 420 ist eine kompakte, eigenst\u00e4ndige Heizl\u00f6sung. Er kann hinter praktisch jedem Hei\u00dfluft-Vulkanisationskanal mit Umluftsystem installiert werden, auch im Zuge einer Umr\u00fcstung von einer Gas- auf elektrische Beheizung. Sie versorgt den angeschlossenen Kanal zuverl\u00e4ssig mit gleichm\u00e4\u00dfig erhitzter Luft \u2013 effizient, leistungsstark [&hellip;]<\/p>\n","protected":false},"author":4,"featured_media":4760,"parent":93,"menu_order":1,"comment_status":"closed","ping_status":"closed","template":"tpl-produkt.php","meta":{"_acf_changed":false,"footnotes":""},"yst_prominent_words":[260,559,463,454,266,286,265],"class_list":["post-4758","page","type-page","status-publish","has-post-thumbnail","hentry"],"acf":[],"_links":{"self":[{"href":"https:\/\/www.gerlach-machinery.com\/de\/wp-json\/wp\/v2\/pages\/4758","targetHints":{"allow":["GET"]}}],"collection":[{"href":"https:\/\/www.gerlach-machinery.com\/de\/wp-json\/wp\/v2\/pages"}],"about":[{"href":"https:\/\/www.gerlach-machinery.com\/de\/wp-json\/wp\/v2\/types\/page"}],"author":[{"embeddable":true,"href":"https:\/\/www.gerlach-machinery.com\/de\/wp-json\/wp\/v2\/users\/4"}],"replies":[{"embeddable":true,"href":"https:\/\/www.gerlach-machinery.com\/de\/wp-json\/wp\/v2\/comments?post=4758"}],"version-history":[{"count":6,"href":"https:\/\/www.gerlach-machinery.com\/de\/wp-json\/wp\/v2\/pages\/4758\/revisions"}],"predecessor-version":[{"id":4771,"href":"https:\/\/www.gerlach-machinery.com\/de\/wp-json\/wp\/v2\/pages\/4758\/revisions\/4771"}],"up":[{"embeddable":true,"href":"https:\/\/www.gerlach-machinery.com\/de\/wp-json\/wp\/v2\/pages\/93"}],"wp:featuredmedia":[{"embeddable":true,"href":"https:\/\/www.gerlach-machinery.com\/de\/wp-json\/wp\/v2\/media\/4760"}],"wp:attachment":[{"href":"https:\/\/www.gerlach-machinery.com\/de\/wp-json\/wp\/v2\/media?parent=4758"}],"wp:term":[{"taxonomy":"yst_prominent_words","embeddable":true,"href":"https:\/\/www.gerlach-machinery.com\/de\/wp-json\/wp\/v2\/yst_prominent_words?post=4758"}],"curies":[{"name":"wp","href":"https:\/\/api.w.org\/{rel}","templated":true}]}}