{"id":4738,"date":"2025-10-07T21:25:49","date_gmt":"2025-10-07T19:25:49","guid":{"rendered":"https:\/\/www.gerlach-machinery.com\/?page_id=4738"},"modified":"2025-10-07T21:57:31","modified_gmt":"2025-10-07T19:57:31","slug":"heissluftkanal-gm-500","status":"publish","type":"page","link":"https:\/\/www.gerlach-machinery.com\/de\/produkte\/mikrowellenkanaele\/gm500\/","title":{"rendered":"Hei\u00dfluftkanal GM 500"},"content":{"rendered":"<h1><strong>Hei\u00dfluftkanal GM 500 mit Gef\u00fchrter-Welle-Mikrowelle<\/strong><\/h1>\n<p><span style=\"font-weight: 400;\">Der Hei\u00dfluftkanal GM 500 ist nicht nur eine modulare und energieeffiziente Anlage zur Vulkanisation von Elastomer-Profilen, die flexibel an Kundenanforderungen anpassbar ist. Mit unserer neuen, Gef\u00fchrte-Welle-Mikrowellentechnologie entsteht daraus eine neue Dimension der Vulkanisationstechnik. Das Produkt wird je 3 kW Mikrowelleneinheit direkt zweimal durch den Reaktorraum des Hohlleiters gef\u00fchrt und dort gezielt mit der Mikrowellenstrahlung in Kontakt gebracht. Die durch die hintergebaute, gasbeheizte OCTOtherm BK 400 oder den elektrisch beheizten HeatTower HT 420 erzeugte Hei\u00dfluft str\u00f6mt turbulent durch den Kanal und verst\u00e4rkt dadurch die Effektivit\u00e4t der Mikrowellenstrahlung.\u00a0<\/span><\/p>\n<p><span style=\"font-weight: 400;\">Der gleichzeitige Energieeintrag durch W\u00e4rmeleitung- und \u00dcbergang f\u00fchrt zu einer extrem schnellen Aufheizung des Produktes und bietet Ihnen damit eine h\u00f6here Produktionsgeschwindigkeit bei minimalem Energieeinsatz.<\/span><\/p>\n<p><span style=\"font-weight: 400;\">Nat\u00fcrlich verf\u00fcgt auch die Mikrowellen-GM 500 \u00fcber das innovative Umluftf\u00fchrungssystem und die verbesserte Isolierung und wird aus den gleichen standardisierten Modulen zusammengesetzt.<\/span><\/p>\n<p><img fetchpriority=\"high\" decoding=\"async\" class=\"alignnone wp-image-4740 size-full\" src=\"https:\/\/www.gerlach-machinery.com\/wp-content\/uploads\/2025\/10\/KS6101930055.1182-min-e1759865596486.png\" alt=\"\" width=\"1806\" height=\"600\" srcset=\"https:\/\/www.gerlach-machinery.com\/wp-content\/uploads\/2025\/10\/KS6101930055.1182-min-e1759865596486.png 1806w, https:\/\/www.gerlach-machinery.com\/wp-content\/uploads\/2025\/10\/KS6101930055.1182-min-e1759865596486-300x100.png 300w, https:\/\/www.gerlach-machinery.com\/wp-content\/uploads\/2025\/10\/KS6101930055.1182-min-e1759865596486-1024x340.png 1024w, https:\/\/www.gerlach-machinery.com\/wp-content\/uploads\/2025\/10\/KS6101930055.1182-min-e1759865596486-768x255.png 768w, https:\/\/www.gerlach-machinery.com\/wp-content\/uploads\/2025\/10\/KS6101930055.1182-min-e1759865596486-1536x510.png 1536w\" sizes=\"(max-width: 1806px) 100vw, 1806px\" \/><\/p>\n<h2><strong><br \/>\nMaschinen Highlights<\/strong><\/h2>\n<ul>\n<li style=\"font-weight: 400;\" aria-level=\"1\"><span style=\"font-weight: 400;\">Maschinenl\u00e4ngen 6 bis 24 m\u00a0<\/span><\/li>\n<li style=\"font-weight: 400;\" aria-level=\"1\"><span style=\"font-weight: 400;\">Produktionsgeschwindigkeit bis 40 m\/min.\u00a0<\/span><\/li>\n<li style=\"font-weight: 400;\" aria-level=\"1\"><span style=\"font-weight: 400;\">Betrieb mit Gas- oder Elektroheizung durch OCTOtherm BK 400 oder HT 420.<\/span><\/li>\n<li style=\"font-weight: 400;\" aria-level=\"1\"><span style=\"font-weight: 400;\">Temperaturen bis 340 \u00b0C einstellbar.<\/span><\/li>\n<li style=\"font-weight: 400;\" aria-level=\"1\"><span style=\"font-weight: 400;\">Bis zu 24 kW Mikrowellenleistung mit Gef\u00fchrter-Welle-Technologie <\/span>mittels 3 kW Mikrowelleneinheiten mit Isolatortechnik<\/li>\n<\/ul>\n<p>&nbsp;<\/p>\n<p><img decoding=\"async\" class=\"alignnone wp-image-4742 size-full\" src=\"https:\/\/www.gerlach-machinery.com\/wp-content\/uploads\/2025\/10\/gm500.jpg\" alt=\"\" width=\"2491\" height=\"915\" srcset=\"https:\/\/www.gerlach-machinery.com\/wp-content\/uploads\/2025\/10\/gm500.jpg 2491w, https:\/\/www.gerlach-machinery.com\/wp-content\/uploads\/2025\/10\/gm500-300x110.jpg 300w, https:\/\/www.gerlach-machinery.com\/wp-content\/uploads\/2025\/10\/gm500-1024x376.jpg 1024w, https:\/\/www.gerlach-machinery.com\/wp-content\/uploads\/2025\/10\/gm500-768x282.jpg 768w, https:\/\/www.gerlach-machinery.com\/wp-content\/uploads\/2025\/10\/gm500-1536x564.jpg 1536w, https:\/\/www.gerlach-machinery.com\/wp-content\/uploads\/2025\/10\/gm500-2048x752.jpg 2048w\" sizes=\"(max-width: 2491px) 100vw, 2491px\" \/><\/p>\n<p>&nbsp;<\/p>\n<p><a class=\"btn btn-default pull-left\" href=\"https:\/\/www.gerlach-machinery.com\/de\/anfrageportal\/?source=Hei\u00dfluftkanal-GM-500-mit-Gef\u00fchrter-Welle-Mikrowelle\" target=\"_blank\" rel=\"noopener\">Datenblatt anfordern<\/a><\/p>\n<p>&nbsp;<\/p>\n","protected":false},"excerpt":{"rendered":"<p>Hei\u00dfluftkanal GM 500 mit Gef\u00fchrter-Welle-Mikrowelle Der Hei\u00dfluftkanal GM 500 ist nicht nur eine modulare und energieeffiziente Anlage zur Vulkanisation von Elastomer-Profilen, die flexibel an Kundenanforderungen anpassbar ist. Mit unserer neuen, Gef\u00fchrte-Welle-Mikrowellentechnologie entsteht daraus eine neue Dimension der Vulkanisationstechnik. Das Produkt wird je 3 kW Mikrowelleneinheit direkt zweimal durch den Reaktorraum des Hohlleiters gef\u00fchrt und dort [&hellip;]<\/p>\n","protected":false},"author":4,"featured_media":4742,"parent":439,"menu_order":6,"comment_status":"closed","ping_status":"closed","template":"tpl-produkt.php","meta":{"_acf_changed":false,"footnotes":""},"yst_prominent_words":[484,306,260,259,267,286,265],"class_list":["post-4738","page","type-page","status-publish","has-post-thumbnail","hentry"],"acf":[],"_links":{"self":[{"href":"https:\/\/www.gerlach-machinery.com\/de\/wp-json\/wp\/v2\/pages\/4738","targetHints":{"allow":["GET"]}}],"collection":[{"href":"https:\/\/www.gerlach-machinery.com\/de\/wp-json\/wp\/v2\/pages"}],"about":[{"href":"https:\/\/www.gerlach-machinery.com\/de\/wp-json\/wp\/v2\/types\/page"}],"author":[{"embeddable":true,"href":"https:\/\/www.gerlach-machinery.com\/de\/wp-json\/wp\/v2\/users\/4"}],"replies":[{"embeddable":true,"href":"https:\/\/www.gerlach-machinery.com\/de\/wp-json\/wp\/v2\/comments?post=4738"}],"version-history":[{"count":7,"href":"https:\/\/www.gerlach-machinery.com\/de\/wp-json\/wp\/v2\/pages\/4738\/revisions"}],"predecessor-version":[{"id":4772,"href":"https:\/\/www.gerlach-machinery.com\/de\/wp-json\/wp\/v2\/pages\/4738\/revisions\/4772"}],"up":[{"embeddable":true,"href":"https:\/\/www.gerlach-machinery.com\/de\/wp-json\/wp\/v2\/pages\/439"}],"wp:featuredmedia":[{"embeddable":true,"href":"https:\/\/www.gerlach-machinery.com\/de\/wp-json\/wp\/v2\/media\/4742"}],"wp:attachment":[{"href":"https:\/\/www.gerlach-machinery.com\/de\/wp-json\/wp\/v2\/media?parent=4738"}],"wp:term":[{"taxonomy":"yst_prominent_words","embeddable":true,"href":"https:\/\/www.gerlach-machinery.com\/de\/wp-json\/wp\/v2\/yst_prominent_words?post=4738"}],"curies":[{"name":"wp","href":"https:\/\/api.w.org\/{rel}","templated":true}]}}