{"id":4729,"date":"2025-10-07T21:11:28","date_gmt":"2025-10-07T19:11:28","guid":{"rendered":"https:\/\/www.gerlach-machinery.com\/?page_id=4729"},"modified":"2025-10-09T19:16:10","modified_gmt":"2025-10-09T17:16:10","slug":"gm500-2","status":"publish","type":"page","link":"https:\/\/www.gerlach-machinery.com\/de\/produkte\/heissluftkanaele\/gm500\/","title":{"rendered":"Hei\u00dfluftkanal GM 500"},"content":{"rendered":"<h1><strong>Hei\u00dfluftkanal GM 500<\/strong><\/h1>\n<p><span style=\"font-weight: 400;\">Der Hei\u00dfluftkanal GM 500 ist eine modulare und energieeffiziente Anlage zur Vulkanisation oder Trocknung von Elastomer-Profilen, die flexibel an Kundenanforderungen anpassbar ist. Die Maschine ist mit einem innovativen Umluftf\u00fchrungssystem und verbesserter Isolierung ausgestattet, um Energieverbrauch zu minimieren und eine gleichm\u00e4\u00dfige Temperaturverteilung zu gew\u00e4hrleisten.<\/span><\/p>\n<ul>\n<li style=\"font-weight: 400;\" aria-level=\"1\"><span style=\"font-weight: 400;\">Modularer Aufbau und Flexibilit\u00e4t: Die Maschine besteht aus standardisierten Modulen mit L\u00e4ngen von 1500 oder 3000 mm, die einfach ausgetauscht oder erweitert werden k\u00f6nnen, ohne die Gesamtanlage zu verschieben. Die Elektrotechnik ist pro Modul integriert, was \u201ePlug and Play\u201c-Funktionalit\u00e4t erm\u00f6glicht.<\/span><span style=\"font-weight: 400;\"><br \/>\n<\/span><span style=\"font-weight: 400;\">Ebenso ist der Einbau von Mikrowellen-Modulen oder der Einsatz von Infrarotstrahlern zur Lacktrocknung m\u00f6glich.<\/span><\/li>\n<li style=\"font-weight: 400;\" aria-level=\"1\"><span style=\"font-weight: 400;\">Innovative Umluftf\u00fchrung und Energieeffizienz: Der Umluftschacht liegt direkt unter dem Arbeitsschacht f\u00fcr schnellere und gleichm\u00e4\u00dfigere Aufheizung. <\/span><span style=\"font-weight: 400;\"><br \/>\n<\/span><span style=\"font-weight: 400;\">Die Beheizung erfolgt grunds\u00e4tzlich mit unserer Brennkammer OCTOtherm BK 400 oder dem Elektro-Heizturm HT 420.<\/span><\/li>\n<\/ul>\n<p>&nbsp;<\/p>\n<p><img fetchpriority=\"high\" decoding=\"async\" class=\"alignnone wp-image-4719 size-full\" src=\"https:\/\/www.gerlach-machinery.com\/wp-content\/uploads\/2025\/10\/KS2774116327.86-min-scaled.png\" alt=\"\" width=\"2560\" height=\"1440\" srcset=\"https:\/\/www.gerlach-machinery.com\/wp-content\/uploads\/2025\/10\/KS2774116327.86-min-scaled.png 2560w, https:\/\/www.gerlach-machinery.com\/wp-content\/uploads\/2025\/10\/KS2774116327.86-min-300x169.png 300w, https:\/\/www.gerlach-machinery.com\/wp-content\/uploads\/2025\/10\/KS2774116327.86-min-1024x576.png 1024w, https:\/\/www.gerlach-machinery.com\/wp-content\/uploads\/2025\/10\/KS2774116327.86-min-768x432.png 768w, https:\/\/www.gerlach-machinery.com\/wp-content\/uploads\/2025\/10\/KS2774116327.86-min-1536x864.png 1536w, https:\/\/www.gerlach-machinery.com\/wp-content\/uploads\/2025\/10\/KS2774116327.86-min-2048x1152.png 2048w, https:\/\/www.gerlach-machinery.com\/wp-content\/uploads\/2025\/10\/KS2774116327.86-min-585x330.png 585w\" sizes=\"(max-width: 2560px) 100vw, 2560px\" \/><\/p>\n<h2><strong>Maschinen Highlights<\/strong><\/h2>\n<ul>\n<li style=\"font-weight: 400;\" aria-level=\"1\"><span style=\"font-weight: 400;\">Maschinenl\u00e4ngen 3 bis 24 m\u00a0<\/span><\/li>\n<li style=\"font-weight: 400;\" aria-level=\"1\"><span style=\"font-weight: 400;\">Produktionsgeschwindigkeit bis 40 m\/min.\u00a0<\/span><\/li>\n<li style=\"font-weight: 400;\" aria-level=\"1\"><span style=\"font-weight: 400;\">Betrieb mit Gas- oder Elektroheizung durch OCTOtherm BK 400 oder HT 420.<\/span><\/li>\n<li style=\"font-weight: 400;\" aria-level=\"1\"><span style=\"font-weight: 400;\">Temperaturen bis 340 \u00b0C einstellbar.<\/span><\/li>\n<\/ul>\n<p>&nbsp;<\/p>\n<p><img decoding=\"async\" class=\"alignnone wp-image-4724 size-full\" src=\"https:\/\/www.gerlach-machinery.com\/wp-content\/uploads\/2025\/10\/GM500_Geschlossen.png\" alt=\"\" width=\"793\" height=\"465\" srcset=\"https:\/\/www.gerlach-machinery.com\/wp-content\/uploads\/2025\/10\/GM500_Geschlossen.png 793w, https:\/\/www.gerlach-machinery.com\/wp-content\/uploads\/2025\/10\/GM500_Geschlossen-300x176.png 300w, https:\/\/www.gerlach-machinery.com\/wp-content\/uploads\/2025\/10\/GM500_Geschlossen-768x450.png 768w\" sizes=\"(max-width: 793px) 100vw, 793px\" \/><\/p>\n<p>&nbsp;<\/p>\n<p><a class=\"btn btn-default pull-left\" href=\"https:\/\/www.gerlach-machinery.com\/de\/anfrageportal\/?source=Hei\u00dfluftkanal-GM-500\" target=\"_blank\" rel=\"noopener\">Datenblatt anfordern<\/a><\/p>\n<p>&nbsp;<\/p>\n","protected":false},"excerpt":{"rendered":"<p>Hei\u00dfluftkanal GM 500 Der Hei\u00dfluftkanal GM 500 ist eine modulare und energieeffiziente Anlage zur Vulkanisation oder Trocknung von Elastomer-Profilen, die flexibel an Kundenanforderungen anpassbar ist. Die Maschine ist mit einem innovativen Umluftf\u00fchrungssystem und verbesserter Isolierung ausgestattet, um Energieverbrauch zu minimieren und eine gleichm\u00e4\u00dfige Temperaturverteilung zu gew\u00e4hrleisten. Modularer Aufbau und Flexibilit\u00e4t: Die Maschine besteht aus standardisierten [&hellip;]<\/p>\n","protected":false},"author":4,"featured_media":4719,"parent":95,"menu_order":4,"comment_status":"closed","ping_status":"closed","template":"tpl-produkt.php","meta":{"_acf_changed":false,"footnotes":""},"yst_prominent_words":[484,260,259,266,286,490,265,258,279],"class_list":["post-4729","page","type-page","status-publish","has-post-thumbnail","hentry"],"acf":[],"_links":{"self":[{"href":"https:\/\/www.gerlach-machinery.com\/de\/wp-json\/wp\/v2\/pages\/4729","targetHints":{"allow":["GET"]}}],"collection":[{"href":"https:\/\/www.gerlach-machinery.com\/de\/wp-json\/wp\/v2\/pages"}],"about":[{"href":"https:\/\/www.gerlach-machinery.com\/de\/wp-json\/wp\/v2\/types\/page"}],"author":[{"embeddable":true,"href":"https:\/\/www.gerlach-machinery.com\/de\/wp-json\/wp\/v2\/users\/4"}],"replies":[{"embeddable":true,"href":"https:\/\/www.gerlach-machinery.com\/de\/wp-json\/wp\/v2\/comments?post=4729"}],"version-history":[{"count":6,"href":"https:\/\/www.gerlach-machinery.com\/de\/wp-json\/wp\/v2\/pages\/4729\/revisions"}],"predecessor-version":[{"id":4782,"href":"https:\/\/www.gerlach-machinery.com\/de\/wp-json\/wp\/v2\/pages\/4729\/revisions\/4782"}],"up":[{"embeddable":true,"href":"https:\/\/www.gerlach-machinery.com\/de\/wp-json\/wp\/v2\/pages\/95"}],"wp:featuredmedia":[{"embeddable":true,"href":"https:\/\/www.gerlach-machinery.com\/de\/wp-json\/wp\/v2\/media\/4719"}],"wp:attachment":[{"href":"https:\/\/www.gerlach-machinery.com\/de\/wp-json\/wp\/v2\/media?parent=4729"}],"wp:term":[{"taxonomy":"yst_prominent_words","embeddable":true,"href":"https:\/\/www.gerlach-machinery.com\/de\/wp-json\/wp\/v2\/yst_prominent_words?post=4729"}],"curies":[{"name":"wp","href":"https:\/\/api.w.org\/{rel}","templated":true}]}}