{"id":449,"date":"2017-06-06T12:29:06","date_gmt":"2017-06-06T10:29:06","guid":{"rendered":"http:\/\/gerlach-maschinen.de\/?page_id=449\/"},"modified":"2025-07-12T17:08:17","modified_gmt":"2025-07-12T15:08:17","slug":"shf-147","status":"publish","type":"page","link":"https:\/\/www.gerlach-machinery.com\/de\/produkte\/mikrowellenkanaele\/shf-147\/","title":{"rendered":"SHF 147"},"content":{"rendered":"<h1>SHF 147<\/h1>\n<p>Mit der integrierter Abluftreinigung (PCT) und dem bew\u00e4hrten Umluftsystem erhalten Sie mit dem Schockkanal SHF 147 eine effiziente Hochleistungsanlage. Konzipiert f\u00fcr hohe Produktionsgeschwindigkeiten kommt diese Anlagentechnik vorwiegend in der automotiven Profilextrusion zum Einsatz. Der modulare Aufbau in 3 m Zonen bestehend aus Schock-, Mikrowellen-und Hei\u00dfluftzonen werden um weitere Optionen, wie wahlweiser Profiltransport \u00fcber angetriebene Rollen oder Transportband, sowie weitere Zusatzfunktionen erg\u00e4nzt. Als Ergebnis erhalten Sie eine glatte und matte Profiloberfl\u00e4che, feine Zellstruktur bei Moosgummi, sowie schnelle Verfestigung der Profilgeometrie.<\/p>\n<h3><\/h3>\n<h3>Maschinen Highlights<\/h3>\n<ul>\n<li>Maschinenwirkl\u00e4ngen 6-18 m<\/li>\n<li>Erdgasbeheizung LNG\/LPG- nach Euronorm<\/li>\n<li>Produktionsgeschwindigkeit bis 60 m\/min<\/li>\n<li>Schocktemperaturen bis 500\u00b0C<\/li>\n<li>Mikrowellenleistungen bis 24 kW<\/li>\n<li>Hochgeschwindigkeit-Hei\u00dfluftzone<\/li>\n<li>Separater Rollen- und Bandantrieb<\/li>\n<li>Integrierte Abluftreinigung (PCT), Typ SHF 147<\/li>\n<li>Energieeffizientes Wirkprinzip<\/li>\n<\/ul>\n<p>&nbsp;<\/p>\n<p><a class=\"btn btn-default pull-left\" href=\"https:\/\/www.gerlach-machinery.com\/de\/anfrageportal\/?source=SHF-147\" target=\"_blank\" rel=\"noopener\">Datenblatt anfordern<\/a><\/p>\n<p>&nbsp;<\/p>\n","protected":false},"excerpt":{"rendered":"<p>SHF 147 Mit der integrierter Abluftreinigung (PCT) und dem bew\u00e4hrten Umluftsystem erhalten Sie mit dem Schockkanal SHF 147 eine effiziente Hochleistungsanlage. Konzipiert f\u00fcr hohe Produktionsgeschwindigkeiten kommt diese Anlagentechnik vorwiegend in der automotiven Profilextrusion zum Einsatz. Der modulare Aufbau in 3 m Zonen bestehend aus Schock-, Mikrowellen-und Hei\u00dfluftzonen werden um weitere Optionen, wie wahlweiser Profiltransport \u00fcber [&hellip;]<\/p>\n","protected":false},"author":4,"featured_media":245,"parent":439,"menu_order":76,"comment_status":"closed","ping_status":"closed","template":"tpl-produkt.php","meta":{"_acf_changed":false,"footnotes":""},"yst_prominent_words":[],"class_list":["post-449","page","type-page","status-publish","has-post-thumbnail","hentry"],"acf":[],"_links":{"self":[{"href":"https:\/\/www.gerlach-machinery.com\/de\/wp-json\/wp\/v2\/pages\/449","targetHints":{"allow":["GET"]}}],"collection":[{"href":"https:\/\/www.gerlach-machinery.com\/de\/wp-json\/wp\/v2\/pages"}],"about":[{"href":"https:\/\/www.gerlach-machinery.com\/de\/wp-json\/wp\/v2\/types\/page"}],"author":[{"embeddable":true,"href":"https:\/\/www.gerlach-machinery.com\/de\/wp-json\/wp\/v2\/users\/4"}],"replies":[{"embeddable":true,"href":"https:\/\/www.gerlach-machinery.com\/de\/wp-json\/wp\/v2\/comments?post=449"}],"version-history":[{"count":3,"href":"https:\/\/www.gerlach-machinery.com\/de\/wp-json\/wp\/v2\/pages\/449\/revisions"}],"predecessor-version":[{"id":4625,"href":"https:\/\/www.gerlach-machinery.com\/de\/wp-json\/wp\/v2\/pages\/449\/revisions\/4625"}],"up":[{"embeddable":true,"href":"https:\/\/www.gerlach-machinery.com\/de\/wp-json\/wp\/v2\/pages\/439"}],"wp:featuredmedia":[{"embeddable":true,"href":"https:\/\/www.gerlach-machinery.com\/de\/wp-json\/wp\/v2\/media\/245"}],"wp:attachment":[{"href":"https:\/\/www.gerlach-machinery.com\/de\/wp-json\/wp\/v2\/media?parent=449"}],"wp:term":[{"taxonomy":"yst_prominent_words","embeddable":true,"href":"https:\/\/www.gerlach-machinery.com\/de\/wp-json\/wp\/v2\/yst_prominent_words?post=449"}],"curies":[{"name":"wp","href":"https:\/\/api.w.org\/{rel}","templated":true}]}}