{"id":442,"date":"2017-06-06T12:24:26","date_gmt":"2017-06-06T10:24:26","guid":{"rendered":"http:\/\/gerlach-maschinen.de\/?page_id=442\/"},"modified":"2025-07-12T17:07:46","modified_gmt":"2025-07-12T15:07:46","slug":"shf-145","status":"publish","type":"page","link":"https:\/\/www.gerlach-machinery.com\/de\/produkte\/mikrowellenkanaele\/shf-145\/","title":{"rendered":"SHF 145"},"content":{"rendered":"<h1>SHF 145<\/h1>\n<p>Der SHF 145 Schockkanal eignet sich besonders zur Profilherstellung f\u00fcr die Bereiche Automotive, Industrie, Hoch und Tiefbau. Neben dem Werkstoff EPDM k\u00f6nnen auch schwefelvernetzte NBR und SBR Kautschuke verarbeitet werden. Durch den Einsatz von turbulenter Hei\u00dfluft kombiniert mit bis zu 24 KW Mikrowellenleistung k\u00f6nnen m\u00fchelos auch gro\u00dfvolumige Profile verarbeitet werden. Das Frischluftsystem bietet dabei eine gute Modulationsm\u00f6glichkeit der Temperaturbereiche.<\/p>\n<h3>Maschinen Highlights<\/h3>\n<ul>\n<li>Maschinenwirkl\u00e4ngen 6-18 m<\/li>\n<li>Erdgasbeheizung LNG\/LPG- nach Euronorm<\/li>\n<li>Produktionsgeschwindigkeit bis 60 m\/min<\/li>\n<li>Schocktemperaturen bis 500\u00b0C<\/li>\n<li>Mikrowellenleistungen bis 24 kW<\/li>\n<li>Hochgeschwindigkeit-Hei\u00dfluftzone<\/li>\n<li>Separater Rollen- und Bandantrieb<\/li>\n<li>Integrierte Abluftreinigung (PCT), Typ SHF 147<\/li>\n<li>Energieeffizientes Wirkprinzip<\/li>\n<\/ul>\n<p>&nbsp;<\/p>\n<p><a class=\"btn btn-default pull-left\" href=\"https:\/\/www.gerlach-machinery.com\/de\/anfrageportal\/?source=SHF-145\" target=\"_blank\" rel=\"noopener\">Datenblatt anfordern<\/a><\/p>\n<p>&nbsp;<\/p>\n","protected":false},"excerpt":{"rendered":"<p>SHF 145 Der SHF 145 Schockkanal eignet sich besonders zur Profilherstellung f\u00fcr die Bereiche Automotive, Industrie, Hoch und Tiefbau. Neben dem Werkstoff EPDM k\u00f6nnen auch schwefelvernetzte NBR und SBR Kautschuke verarbeitet werden. Durch den Einsatz von turbulenter Hei\u00dfluft kombiniert mit bis zu 24 KW Mikrowellenleistung k\u00f6nnen m\u00fchelos auch gro\u00dfvolumige Profile verarbeitet werden. Das Frischluftsystem bietet [&hellip;]<\/p>\n","protected":false},"author":4,"featured_media":444,"parent":439,"menu_order":74,"comment_status":"closed","ping_status":"closed","template":"tpl-produkt.php","meta":{"_acf_changed":false,"footnotes":""},"yst_prominent_words":[725,484,260,595,265,434],"class_list":["post-442","page","type-page","status-publish","has-post-thumbnail","hentry"],"acf":[],"_links":{"self":[{"href":"https:\/\/www.gerlach-machinery.com\/de\/wp-json\/wp\/v2\/pages\/442","targetHints":{"allow":["GET"]}}],"collection":[{"href":"https:\/\/www.gerlach-machinery.com\/de\/wp-json\/wp\/v2\/pages"}],"about":[{"href":"https:\/\/www.gerlach-machinery.com\/de\/wp-json\/wp\/v2\/types\/page"}],"author":[{"embeddable":true,"href":"https:\/\/www.gerlach-machinery.com\/de\/wp-json\/wp\/v2\/users\/4"}],"replies":[{"embeddable":true,"href":"https:\/\/www.gerlach-machinery.com\/de\/wp-json\/wp\/v2\/comments?post=442"}],"version-history":[{"count":7,"href":"https:\/\/www.gerlach-machinery.com\/de\/wp-json\/wp\/v2\/pages\/442\/revisions"}],"predecessor-version":[{"id":4624,"href":"https:\/\/www.gerlach-machinery.com\/de\/wp-json\/wp\/v2\/pages\/442\/revisions\/4624"}],"up":[{"embeddable":true,"href":"https:\/\/www.gerlach-machinery.com\/de\/wp-json\/wp\/v2\/pages\/439"}],"wp:featuredmedia":[{"embeddable":true,"href":"https:\/\/www.gerlach-machinery.com\/de\/wp-json\/wp\/v2\/media\/444"}],"wp:attachment":[{"href":"https:\/\/www.gerlach-machinery.com\/de\/wp-json\/wp\/v2\/media?parent=442"}],"wp:term":[{"taxonomy":"yst_prominent_words","embeddable":true,"href":"https:\/\/www.gerlach-machinery.com\/de\/wp-json\/wp\/v2\/yst_prominent_words?post=442"}],"curies":[{"name":"wp","href":"https:\/\/api.w.org\/{rel}","templated":true}]}}