{"id":439,"date":"2017-06-06T12:12:39","date_gmt":"2017-06-06T10:12:39","guid":{"rendered":"http:\/\/gerlach-maschinen.de\/?page_id=439\/"},"modified":"2019-12-04T08:42:01","modified_gmt":"2019-12-04T07:42:01","slug":"mikrowellenkanaele","status":"publish","type":"page","link":"https:\/\/www.gerlach-machinery.com\/de\/produkte\/mikrowellenkanaele\/","title":{"rendered":"Mikrowellenkan\u00e4le"},"content":{"rendered":"<h1>Mikrowellenkan\u00e4le<\/h1>\n<p>Unsere kombinierten Hochleistungsschockkan\u00e4le vereinen die Leistungsf\u00e4higkeit aller Einzelmodule. Durch modulare Konfigurationen werden die Einheiten PreShock, Schockmodul, Mikrowellenzone und Hei\u00dfluftzone in einem energiesparenden Wirkprinzip vereint. Durch die Integration der optional erh\u00e4ltlichen Abluftreinigung (PCT) erhalten Sie mit der Gerlach SHF Maschine ein umweltfreundliches und leistungsf\u00e4higes Gesamtkonzept.<\/p>\n","protected":false},"excerpt":{"rendered":"<p>Mikrowellenkan\u00e4le Unsere kombinierten Hochleistungsschockkan\u00e4le vereinen die Leistungsf\u00e4higkeit aller Einzelmodule. Durch modulare Konfigurationen werden die Einheiten PreShock, Schockmodul, Mikrowellenzone und Hei\u00dfluftzone in einem energiesparenden Wirkprinzip vereint. Durch die Integration der optional erh\u00e4ltlichen Abluftreinigung (PCT) erhalten Sie mit der Gerlach SHF Maschine ein umweltfreundliches und leistungsf\u00e4higes Gesamtkonzept.<\/p>\n","protected":false},"author":4,"featured_media":444,"parent":12,"menu_order":72,"comment_status":"closed","ping_status":"closed","template":"tpl-produkt.php","meta":{"_acf_changed":false,"footnotes":""},"yst_prominent_words":[260,259,267,265],"class_list":["post-439","page","type-page","status-publish","has-post-thumbnail","hentry"],"acf":[],"_links":{"self":[{"href":"https:\/\/www.gerlach-machinery.com\/de\/wp-json\/wp\/v2\/pages\/439","targetHints":{"allow":["GET"]}}],"collection":[{"href":"https:\/\/www.gerlach-machinery.com\/de\/wp-json\/wp\/v2\/pages"}],"about":[{"href":"https:\/\/www.gerlach-machinery.com\/de\/wp-json\/wp\/v2\/types\/page"}],"author":[{"embeddable":true,"href":"https:\/\/www.gerlach-machinery.com\/de\/wp-json\/wp\/v2\/users\/4"}],"replies":[{"embeddable":true,"href":"https:\/\/www.gerlach-machinery.com\/de\/wp-json\/wp\/v2\/comments?post=439"}],"version-history":[{"count":5,"href":"https:\/\/www.gerlach-machinery.com\/de\/wp-json\/wp\/v2\/pages\/439\/revisions"}],"predecessor-version":[{"id":1986,"href":"https:\/\/www.gerlach-machinery.com\/de\/wp-json\/wp\/v2\/pages\/439\/revisions\/1986"}],"up":[{"embeddable":true,"href":"https:\/\/www.gerlach-machinery.com\/de\/wp-json\/wp\/v2\/pages\/12"}],"wp:featuredmedia":[{"embeddable":true,"href":"https:\/\/www.gerlach-machinery.com\/de\/wp-json\/wp\/v2\/media\/444"}],"wp:attachment":[{"href":"https:\/\/www.gerlach-machinery.com\/de\/wp-json\/wp\/v2\/media?parent=439"}],"wp:term":[{"taxonomy":"yst_prominent_words","embeddable":true,"href":"https:\/\/www.gerlach-machinery.com\/de\/wp-json\/wp\/v2\/yst_prominent_words?post=439"}],"curies":[{"name":"wp","href":"https:\/\/api.w.org\/{rel}","templated":true}]}}