{"id":3841,"date":"2022-11-22T14:58:27","date_gmt":"2022-11-22T13:58:27","guid":{"rendered":"https:\/\/www.gerlach-machinery.com\/?page_id=3841"},"modified":"2025-07-12T17:15:48","modified_gmt":"2025-07-12T15:15:48","slug":"heissluft-modul-203","status":"publish","type":"page","link":"https:\/\/www.gerlach-machinery.com\/de\/produkte\/ergaenzungsmaschinen\/heissluft-modul-203\/","title":{"rendered":"Hei\u00dfluft-Modul 203"},"content":{"rendered":"\t\t<div data-elementor-type=\"wp-page\" data-elementor-id=\"3841\" class=\"elementor elementor-3841\" data-elementor-post-type=\"page\">\n\t\t\t\t\t\t<section data-particle_enable=\"false\" data-particle-mobile-disabled=\"false\" class=\"elementor-section elementor-top-section elementor-element elementor-element-ace7dbb elementor-section-boxed elementor-section-height-default elementor-section-height-default\" data-id=\"ace7dbb\" data-element_type=\"section\">\n\t\t\t\t\t\t<div class=\"elementor-container elementor-column-gap-default\">\n\t\t\t\t\t<div class=\"elementor-column elementor-col-100 elementor-top-column elementor-element elementor-element-7be7ddd\" data-id=\"7be7ddd\" data-element_type=\"column\">\n\t\t\t<div class=\"elementor-widget-wrap elementor-element-populated\">\n\t\t\t\t\t\t<div class=\"elementor-element elementor-element-bb58db1 elementor-widget elementor-widget-heading\" data-id=\"bb58db1\" data-element_type=\"widget\" data-widget_type=\"heading.default\">\n\t\t\t\t<div class=\"elementor-widget-container\">\n\t\t\t\t\t<h1 class=\"elementor-heading-title elementor-size-default\">Das Hei\u00dfluft \u2013 Modul 203<\/h1>\t\t\t\t<\/div>\n\t\t\t\t<\/div>\n\t\t\t\t<div class=\"elementor-element elementor-element-d5ec008 elementor-widget elementor-widget-text-editor\" data-id=\"d5ec008\" data-element_type=\"widget\" data-widget_type=\"text-editor.default\">\n\t\t\t\t<div class=\"elementor-widget-container\">\n\t\t\t\t\t\t\t\t\t<p><strong>Innovative Beheizung liefert herausragende Energieeffizienz<\/strong><\/p>\t\t\t\t\t\t\t\t<\/div>\n\t\t\t\t<\/div>\n\t\t\t\t<section data-particle_enable=\"false\" data-particle-mobile-disabled=\"false\" class=\"elementor-section elementor-inner-section elementor-element elementor-element-a09b76a elementor-section-height-min-height elementor-section-boxed elementor-section-height-default\" data-id=\"a09b76a\" data-element_type=\"section\" data-settings=\"{&quot;background_background&quot;:&quot;gradient&quot;}\">\n\t\t\t\t\t\t\t<div class=\"elementor-background-overlay\"><\/div>\n\t\t\t\t\t\t\t<div class=\"elementor-container elementor-column-gap-default\">\n\t\t\t\t\t<div class=\"elementor-column elementor-col-100 elementor-inner-column elementor-element elementor-element-260b0ba\" data-id=\"260b0ba\" data-element_type=\"column\">\n\t\t\t<div class=\"elementor-widget-wrap elementor-element-populated\">\n\t\t\t\t\t\t<div class=\"elementor-element elementor-element-1088e84 elementor-widget elementor-widget-image\" data-id=\"1088e84\" data-element_type=\"widget\" data-widget_type=\"image.default\">\n\t\t\t\t<div class=\"elementor-widget-container\">\n\t\t\t\t\t\t\t\t\t\t\t\t\t\t\t<img fetchpriority=\"high\" decoding=\"async\" width=\"1024\" height=\"640\" src=\"https:\/\/www.gerlach-machinery.com\/wp-content\/uploads\/2022\/11\/Heizkassette-203.527-min-1024x640.jpg\" class=\"attachment-large size-large wp-image-3830\" alt=\"\" srcset=\"https:\/\/www.gerlach-machinery.com\/wp-content\/uploads\/2022\/11\/Heizkassette-203.527-min-1024x640.jpg 1024w, https:\/\/www.gerlach-machinery.com\/wp-content\/uploads\/2022\/11\/Heizkassette-203.527-min-300x188.jpg 300w, https:\/\/www.gerlach-machinery.com\/wp-content\/uploads\/2022\/11\/Heizkassette-203.527-min-768x480.jpg 768w, https:\/\/www.gerlach-machinery.com\/wp-content\/uploads\/2022\/11\/Heizkassette-203.527-min-1536x960.jpg 1536w, https:\/\/www.gerlach-machinery.com\/wp-content\/uploads\/2022\/11\/Heizkassette-203.527-min-2048x1280.jpg 2048w\" sizes=\"(max-width: 1024px) 100vw, 1024px\" \/>\t\t\t\t\t\t\t\t\t\t\t\t\t\t\t<\/div>\n\t\t\t\t<\/div>\n\t\t\t\t\t<\/div>\n\t\t<\/div>\n\t\t\t\t\t<\/div>\n\t\t<\/section>\n\t\t\t\t<div class=\"elementor-element elementor-element-fa72ab1 elementor-widget elementor-widget-text-editor\" data-id=\"fa72ab1\" data-element_type=\"widget\" data-widget_type=\"text-editor.default\">\n\t\t\t\t<div class=\"elementor-widget-container\">\n\t\t\t\t\t\t\t\t\t<h3>Mit 2 kW Anschlussleitung 500\u00b0C hei\u00dfe Luft\u00a0erzeugen!<\/h3><div class=\"page\" title=\"Page 1\"><div class=\"section\"><div class=\"layoutArea\"><div class=\"column\">Bei Gerlach Maschinenbau wurde schon lange vor der aktuellen Energiesituation dar\u00fcber gegr\u00fcbelt, wie man die Leistung von Maschinen optimieren und den Energieverbrauch reduzieren kann. Die neue innovative Heizung gepaart mit dem thermodynamischen Know-How liefert eine\u00a0beeindruckende Maschinenl\u00f6sung.<\/div><div>\u00a0<\/div><div class=\"column\">Ein Ergebnis dieser Entwicklungen ist das neuartige, elektrisch beheizte Hei\u00dfluft-Modul 203 mit seinem extrem energiesparenden Umluftsystem zum Vulkanisieren, Schocken und Aufheizen.\u00a0Nie gab es eine energieeffizientere Luft-Shock-Einheit f\u00fcr die Vernetzung von Elastomeren oder andere Aufgaben, bei denen es um die Erw\u00e4rmung von Oberfl\u00e4chen geht. In der Standardversion ausgestattet mit 2 Heizelementen mit gerade einmal jeweils 1 kW Leistung k\u00f6nnen Temperaturen von mehr als 450\u00b0C erreicht werden.<\/div><div>\u00a0<\/div><div class=\"column\">Validierungen im Feld liefern beeindruckende Ergebnisse, wonach z.B. eine Oberfl\u00e4chenaufheizung\u00a0eines Gummiprofils von \u00fcber 200\u00b0C binnen 4 Sekunden erreicht werden kann.<\/div><div>\u00a0<\/div><div class=\"column\"><h2><strong>Das Hei\u00dfluft \u2013 Modul 203<\/strong><\/h2><p>Das Hei\u00dfluft \u2013 Modul 203 mit seiner neuen, einzigartigen Hei\u00dflufttechnologie zeichnet sich durch hohe Flexibilit\u00e4t aus und kann \u00fcberall eingesetzt werden, wo eine leistungsstarke Hei\u00dfluftanlage ben\u00f6tigt wird. Das Einsatzspektrum ist vielseitig und nicht auf elastomerverarbeitende Branchen beschr\u00e4nkt. Auch Eins\u00e4tze im Kunststoffbereich sind damit umsetzbar, wenn es beispielsweise um die schnelle Vorw\u00e4rmung von Kunststoffteilen vor einer Weiterverarbeitung geht. Das Hei\u00dfluft-Modul ist autark und durch seine kompakte und mobile Bauweise mit integriertem Schaltschrank jederzeit einsatzbereit, sowohl als Einzelger\u00e4t als auch im Verbund.<\/p><p>Die \u00fcbergeordnete Kommunikation erm\u00f6glicht es, Module zu einem gro\u00dfen System zu vereinen und zentral \u00fcber ein Display zu steuern. Jedes Modul ist nachtr\u00e4glich erweiterbar und mit allen anderen Modellen der 200er Serie kompatibel.<\/p><\/div><\/div><\/div><\/div>\t\t\t\t\t\t\t\t<\/div>\n\t\t\t\t<\/div>\n\t\t\t\t<div class=\"elementor-element elementor-element-df2479b elementor-arrows-position-inside elementor-pagination-position-outside elementor-widget elementor-widget-image-carousel\" data-id=\"df2479b\" data-element_type=\"widget\" data-settings=\"{&quot;slides_to_show&quot;:&quot;2&quot;,&quot;navigation&quot;:&quot;both&quot;,&quot;autoplay&quot;:&quot;yes&quot;,&quot;pause_on_hover&quot;:&quot;yes&quot;,&quot;pause_on_interaction&quot;:&quot;yes&quot;,&quot;autoplay_speed&quot;:5000,&quot;infinite&quot;:&quot;yes&quot;,&quot;speed&quot;:500}\" data-widget_type=\"image-carousel.default\">\n\t\t\t\t<div class=\"elementor-widget-container\">\n\t\t\t\t\t\t\t<div class=\"elementor-image-carousel-wrapper swiper\" role=\"region\" aria-roledescription=\"carousel\" aria-label=\"Image Carousel\" dir=\"ltr\">\n\t\t\t<div class=\"elementor-image-carousel swiper-wrapper\" aria-live=\"off\">\n\t\t\t\t\t\t\t\t<div class=\"swiper-slide\" role=\"group\" aria-roledescription=\"slide\" aria-label=\"1 von 6\"><a data-elementor-open-lightbox=\"yes\" data-elementor-lightbox-slideshow=\"df2479b\" data-elementor-lightbox-title=\"Heizkassette 203.523-min\" data-e-action-hash=\"#elementor-action%3Aaction%3Dlightbox%26settings%3DeyJpZCI6Mzg0MCwidXJsIjoiaHR0cHM6XC9cL3d3dy5nZXJsYWNoLW1hY2hpbmVyeS5jb21cL3dwLWNvbnRlbnRcL3VwbG9hZHNcLzIwMjJcLzExXC9IZWl6a2Fzc2V0dGUtMjAzLjUyMy1taW4ucG5nIiwic2xpZGVzaG93IjoiZGYyNDc5YiJ9\" href=\"https:\/\/www.gerlach-machinery.com\/wp-content\/uploads\/2022\/11\/Heizkassette-203.523-min.png\"><figure class=\"swiper-slide-inner\"><img decoding=\"async\" class=\"swiper-slide-image\" src=\"https:\/\/www.gerlach-machinery.com\/wp-content\/uploads\/2022\/11\/Heizkassette-203.523-min-300x188.png\" alt=\"Heizkassette 203.523-min\" \/><\/figure><\/a><\/div><div class=\"swiper-slide\" role=\"group\" aria-roledescription=\"slide\" aria-label=\"2 von 6\"><a data-elementor-open-lightbox=\"yes\" data-elementor-lightbox-slideshow=\"df2479b\" data-elementor-lightbox-title=\"Heizkassette 203.499-min\" data-e-action-hash=\"#elementor-action%3Aaction%3Dlightbox%26settings%3DeyJpZCI6MzgzOCwidXJsIjoiaHR0cHM6XC9cL3d3dy5nZXJsYWNoLW1hY2hpbmVyeS5jb21cL3dwLWNvbnRlbnRcL3VwbG9hZHNcLzIwMjJcLzExXC9IZWl6a2Fzc2V0dGUtMjAzLjQ5OS1taW4ucG5nIiwic2xpZGVzaG93IjoiZGYyNDc5YiJ9\" href=\"https:\/\/www.gerlach-machinery.com\/wp-content\/uploads\/2022\/11\/Heizkassette-203.499-min.png\"><figure class=\"swiper-slide-inner\"><img decoding=\"async\" class=\"swiper-slide-image\" src=\"https:\/\/www.gerlach-machinery.com\/wp-content\/uploads\/2022\/11\/Heizkassette-203.499-min-300x188.png\" alt=\"Heizkassette 203.499-min\" \/><\/figure><\/a><\/div><div class=\"swiper-slide\" role=\"group\" aria-roledescription=\"slide\" aria-label=\"3 von 6\"><a data-elementor-open-lightbox=\"yes\" data-elementor-lightbox-slideshow=\"df2479b\" data-elementor-lightbox-title=\"Heizkassette 203.496-min\" data-e-action-hash=\"#elementor-action%3Aaction%3Dlightbox%26settings%3DeyJpZCI6MzgzNiwidXJsIjoiaHR0cHM6XC9cL3d3dy5nZXJsYWNoLW1hY2hpbmVyeS5jb21cL3dwLWNvbnRlbnRcL3VwbG9hZHNcLzIwMjJcLzExXC9IZWl6a2Fzc2V0dGUtMjAzLjQ5Ni1taW4ucG5nIiwic2xpZGVzaG93IjoiZGYyNDc5YiJ9\" href=\"https:\/\/www.gerlach-machinery.com\/wp-content\/uploads\/2022\/11\/Heizkassette-203.496-min.png\"><figure class=\"swiper-slide-inner\"><img decoding=\"async\" class=\"swiper-slide-image\" src=\"https:\/\/www.gerlach-machinery.com\/wp-content\/uploads\/2022\/11\/Heizkassette-203.496-min-300x221.png\" alt=\"Heizkassette 203.496-min\" \/><\/figure><\/a><\/div><div class=\"swiper-slide\" role=\"group\" aria-roledescription=\"slide\" aria-label=\"4 von 6\"><a data-elementor-open-lightbox=\"yes\" data-elementor-lightbox-slideshow=\"df2479b\" data-elementor-lightbox-title=\"Heizkassette 203.532-min\" data-e-action-hash=\"#elementor-action%3Aaction%3Dlightbox%26settings%3DeyJpZCI6MzgzNCwidXJsIjoiaHR0cHM6XC9cL3d3dy5nZXJsYWNoLW1hY2hpbmVyeS5jb21cL3dwLWNvbnRlbnRcL3VwbG9hZHNcLzIwMjJcLzExXC9IZWl6a2Fzc2V0dGUtMjAzLjUzMi1taW4uanBnIiwic2xpZGVzaG93IjoiZGYyNDc5YiJ9\" href=\"https:\/\/www.gerlach-machinery.com\/wp-content\/uploads\/2022\/11\/Heizkassette-203.532-min.jpg\"><figure class=\"swiper-slide-inner\"><img decoding=\"async\" class=\"swiper-slide-image\" src=\"https:\/\/www.gerlach-machinery.com\/wp-content\/uploads\/2022\/11\/Heizkassette-203.532-min-300x188.jpg\" alt=\"Heizkassette 203.532-min\" \/><\/figure><\/a><\/div><div class=\"swiper-slide\" role=\"group\" aria-roledescription=\"slide\" aria-label=\"5 von 6\"><a data-elementor-open-lightbox=\"yes\" data-elementor-lightbox-slideshow=\"df2479b\" data-elementor-lightbox-title=\"Heizkassette 203.530-min\" data-e-action-hash=\"#elementor-action%3Aaction%3Dlightbox%26settings%3DeyJpZCI6MzgzMiwidXJsIjoiaHR0cHM6XC9cL3d3dy5nZXJsYWNoLW1hY2hpbmVyeS5jb21cL3dwLWNvbnRlbnRcL3VwbG9hZHNcLzIwMjJcLzExXC9IZWl6a2Fzc2V0dGUtMjAzLjUzMC1taW4uanBnIiwic2xpZGVzaG93IjoiZGYyNDc5YiJ9\" href=\"https:\/\/www.gerlach-machinery.com\/wp-content\/uploads\/2022\/11\/Heizkassette-203.530-min.jpg\"><figure class=\"swiper-slide-inner\"><img decoding=\"async\" class=\"swiper-slide-image\" src=\"https:\/\/www.gerlach-machinery.com\/wp-content\/uploads\/2022\/11\/Heizkassette-203.530-min-300x188.jpg\" alt=\"Heizkassette 203.530-min\" \/><\/figure><\/a><\/div><div class=\"swiper-slide\" role=\"group\" aria-roledescription=\"slide\" aria-label=\"6 von 6\"><a data-elementor-open-lightbox=\"yes\" data-elementor-lightbox-slideshow=\"df2479b\" data-elementor-lightbox-title=\"Heizkassette 203.527-min\" data-e-action-hash=\"#elementor-action%3Aaction%3Dlightbox%26settings%3DeyJpZCI6MzgzMCwidXJsIjoiaHR0cHM6XC9cL3d3dy5nZXJsYWNoLW1hY2hpbmVyeS5jb21cL3dwLWNvbnRlbnRcL3VwbG9hZHNcLzIwMjJcLzExXC9IZWl6a2Fzc2V0dGUtMjAzLjUyNy1taW4uanBnIiwic2xpZGVzaG93IjoiZGYyNDc5YiJ9\" href=\"https:\/\/www.gerlach-machinery.com\/wp-content\/uploads\/2022\/11\/Heizkassette-203.527-min.jpg\"><figure class=\"swiper-slide-inner\"><img decoding=\"async\" class=\"swiper-slide-image\" src=\"https:\/\/www.gerlach-machinery.com\/wp-content\/uploads\/2022\/11\/Heizkassette-203.527-min-300x188.jpg\" alt=\"Heizkassette 203.527-min\" \/><\/figure><\/a><\/div>\t\t\t<\/div>\n\t\t\t\t\t\t\t\t\t\t\t\t<div class=\"elementor-swiper-button elementor-swiper-button-prev\" role=\"button\" tabindex=\"0\">\n\t\t\t\t\t\t<i aria-hidden=\"true\" class=\"eicon-chevron-left\"><\/i>\t\t\t\t\t<\/div>\n\t\t\t\t\t<div class=\"elementor-swiper-button elementor-swiper-button-next\" role=\"button\" tabindex=\"0\">\n\t\t\t\t\t\t<i aria-hidden=\"true\" class=\"eicon-chevron-right\"><\/i>\t\t\t\t\t<\/div>\n\t\t\t\t\n\t\t\t\t\t\t\t\t\t<div class=\"swiper-pagination\"><\/div>\n\t\t\t\t\t\t\t\t\t<\/div>\n\t\t\t\t\t\t<\/div>\n\t\t\t\t<\/div>\n\t\t\t\t\t<\/div>\n\t\t<\/div>\n\t\t\t\t\t<\/div>\n\t\t<\/section>\n\t\t\t\t<section data-particle_enable=\"false\" data-particle-mobile-disabled=\"false\" class=\"elementor-section elementor-top-section elementor-element elementor-element-8dd0efe elementor-section-boxed elementor-section-height-default elementor-section-height-default\" data-id=\"8dd0efe\" data-element_type=\"section\">\n\t\t\t\t\t\t<div class=\"elementor-container elementor-column-gap-default\">\n\t\t\t\t\t<div class=\"elementor-column elementor-col-100 elementor-top-column elementor-element elementor-element-a77d5b4\" data-id=\"a77d5b4\" data-element_type=\"column\">\n\t\t\t<div class=\"elementor-widget-wrap elementor-element-populated\">\n\t\t\t\t\t\t<div class=\"elementor-element elementor-element-16714cf elementor-widget elementor-widget-text-editor\" data-id=\"16714cf\" data-element_type=\"widget\" data-widget_type=\"text-editor.default\">\n\t\t\t\t<div class=\"elementor-widget-container\">\n\t\t\t\t\t\t\t\t\t<a class=\"btn btn-default pull-left\" href=\"https:\/\/www.gerlach-machinery.com\/de\/anfrageportal\/?source=Hei\u00dfluft-Modul-203\" target=\"_blank\" rel=\"noopener\">Datenblatt anfordern<\/a>\t\t\t\t\t\t\t\t<\/div>\n\t\t\t\t<\/div>\n\t\t\t\t\t<\/div>\n\t\t<\/div>\n\t\t\t\t\t<\/div>\n\t\t<\/section>\n\t\t\t\t<\/div>\n\t\t","protected":false},"excerpt":{"rendered":"<p>Das Hei\u00dfluft-Modul 203 ist ein neuartiges, elektrisch beheiztes, extrem energiesparendes Umluftsystem zum Vulkanisieren, Schocken, Aufheizen und&#8230;<\/p>\n","protected":false},"author":4,"featured_media":3838,"parent":93,"menu_order":9,"comment_status":"closed","ping_status":"closed","template":"tpl-produkt.php","meta":{"_acf_changed":false,"footnotes":""},"yst_prominent_words":[557,272,287,268,638,454,266,595,490,258,434,279,307],"class_list":["post-3841","page","type-page","status-publish","has-post-thumbnail","hentry"],"acf":[],"_links":{"self":[{"href":"https:\/\/www.gerlach-machinery.com\/de\/wp-json\/wp\/v2\/pages\/3841","targetHints":{"allow":["GET"]}}],"collection":[{"href":"https:\/\/www.gerlach-machinery.com\/de\/wp-json\/wp\/v2\/pages"}],"about":[{"href":"https:\/\/www.gerlach-machinery.com\/de\/wp-json\/wp\/v2\/types\/page"}],"author":[{"embeddable":true,"href":"https:\/\/www.gerlach-machinery.com\/de\/wp-json\/wp\/v2\/users\/4"}],"replies":[{"embeddable":true,"href":"https:\/\/www.gerlach-machinery.com\/de\/wp-json\/wp\/v2\/comments?post=3841"}],"version-history":[{"count":75,"href":"https:\/\/www.gerlach-machinery.com\/de\/wp-json\/wp\/v2\/pages\/3841\/revisions"}],"predecessor-version":[{"id":4646,"href":"https:\/\/www.gerlach-machinery.com\/de\/wp-json\/wp\/v2\/pages\/3841\/revisions\/4646"}],"up":[{"embeddable":true,"href":"https:\/\/www.gerlach-machinery.com\/de\/wp-json\/wp\/v2\/pages\/93"}],"wp:featuredmedia":[{"embeddable":true,"href":"https:\/\/www.gerlach-machinery.com\/de\/wp-json\/wp\/v2\/media\/3838"}],"wp:attachment":[{"href":"https:\/\/www.gerlach-machinery.com\/de\/wp-json\/wp\/v2\/media?parent=3841"}],"wp:term":[{"taxonomy":"yst_prominent_words","embeddable":true,"href":"https:\/\/www.gerlach-machinery.com\/de\/wp-json\/wp\/v2\/yst_prominent_words?post=3841"}],"curies":[{"name":"wp","href":"https:\/\/api.w.org\/{rel}","templated":true}]}}