{"id":3734,"date":"2022-10-14T14:14:23","date_gmt":"2022-10-14T12:14:23","guid":{"rendered":"https:\/\/www.gerlach-machinery.com\/?page_id=3734"},"modified":"2025-07-12T17:06:40","modified_gmt":"2025-07-12T15:06:40","slug":"elektrofilter-450","status":"publish","type":"page","link":"https:\/\/www.gerlach-machinery.com\/de\/produkte\/abluftreinigung\/elektrofilter-450\/","title":{"rendered":"Elektrofilter 450"},"content":{"rendered":"\t\t<div data-elementor-type=\"wp-page\" data-elementor-id=\"3734\" class=\"elementor elementor-3734\" data-elementor-post-type=\"page\">\n\t\t\t\t\t\t<section data-particle_enable=\"false\" data-particle-mobile-disabled=\"false\" class=\"elementor-section elementor-top-section elementor-element elementor-element-fe3a4fe elementor-section-boxed elementor-section-height-default elementor-section-height-default\" data-id=\"fe3a4fe\" data-element_type=\"section\">\n\t\t\t\t\t\t<div class=\"elementor-container elementor-column-gap-default\">\n\t\t\t\t\t<div class=\"elementor-column elementor-col-100 elementor-top-column elementor-element elementor-element-ab783c3\" data-id=\"ab783c3\" data-element_type=\"column\">\n\t\t\t<div class=\"elementor-widget-wrap elementor-element-populated\">\n\t\t\t\t\t\t<section data-particle_enable=\"false\" data-particle-mobile-disabled=\"false\" class=\"elementor-section elementor-inner-section elementor-element elementor-element-a9b85ff elementor-section-height-min-height elementor-section-boxed elementor-section-height-default\" data-id=\"a9b85ff\" data-element_type=\"section\" data-settings=\"{&quot;background_background&quot;:&quot;gradient&quot;}\">\n\t\t\t\t\t\t\t<div class=\"elementor-background-overlay\"><\/div>\n\t\t\t\t\t\t\t<div class=\"elementor-container elementor-column-gap-default\">\n\t\t\t\t\t<div class=\"elementor-column elementor-col-100 elementor-inner-column elementor-element elementor-element-a466e6f\" data-id=\"a466e6f\" data-element_type=\"column\">\n\t\t\t<div class=\"elementor-widget-wrap elementor-element-populated\">\n\t\t\t\t\t\t<div class=\"elementor-element elementor-element-fac849b elementor-widget elementor-widget-image\" data-id=\"fac849b\" data-element_type=\"widget\" data-widget_type=\"image.default\">\n\t\t\t\t<div class=\"elementor-widget-container\">\n\t\t\t\t\t\t\t\t\t\t\t\t\t\t\t<img fetchpriority=\"high\" decoding=\"async\" width=\"1024\" height=\"559\" src=\"https:\/\/www.gerlach-machinery.com\/wp-content\/uploads\/2022\/10\/Elektrofilter-450-1024x559.png\" class=\"attachment-large size-large wp-image-3737\" alt=\"\" srcset=\"https:\/\/www.gerlach-machinery.com\/wp-content\/uploads\/2022\/10\/Elektrofilter-450-1024x559.png 1024w, https:\/\/www.gerlach-machinery.com\/wp-content\/uploads\/2022\/10\/Elektrofilter-450-300x164.png 300w, https:\/\/www.gerlach-machinery.com\/wp-content\/uploads\/2022\/10\/Elektrofilter-450-768x419.png 768w, https:\/\/www.gerlach-machinery.com\/wp-content\/uploads\/2022\/10\/Elektrofilter-450.png 1100w\" sizes=\"(max-width: 1024px) 100vw, 1024px\" \/>\t\t\t\t\t\t\t\t\t\t\t\t\t\t\t<\/div>\n\t\t\t\t<\/div>\n\t\t\t\t\t<\/div>\n\t\t<\/div>\n\t\t\t\t\t<\/div>\n\t\t<\/section>\n\t\t\t\t<div class=\"elementor-element elementor-element-d54a4c3 elementor-widget elementor-widget-text-editor\" data-id=\"d54a4c3\" data-element_type=\"widget\" data-widget_type=\"text-editor.default\">\n\t\t\t\t<div class=\"elementor-widget-container\">\n\t\t\t\t\t\t\t\t\t<p><b>Der Elektrofilter 450 f\u00fcr die Abgasnachbehandlung \/ Reinigung von Vulkanisationsd\u00e4mpfen ist kompakt, modular und extrem energiesparend.<span class=\"Apple-converted-space\">\u00a0<\/span><\/b><\/p><p>D\u00e4mpfe, Ger\u00fcche und Schadstoffe, die bei der Vulkanisation entstehen, k\u00f6nnen erhebliche Auswirkungen auf Umwelt und Gesundheit haben und m\u00fcssen deshalb neutralisiert und entsorgt werden.<\/p><p>Gerlach bietet kompakte L\u00f6sungen, die bereits in die Maschinen integriert sind und autarke Abluftreinigungsanlagen, die z.B. an Altmaschinen oder Fremdmaschinen angeschlossen werden k\u00f6nnen.<span class=\"Apple-converted-space\">\u00a0<\/span><\/p><p>Zur neuesten Generation der Abluftreinigungsanlagen geh\u00f6rt der energieeffiziente Elektrofilter, bei dem die in der Abluft enthaltenen Schadstoffe, Ger\u00fcche und Partikel in einem elektrischen Hochspannungsfeld behandelt und abgeschieden werden.<\/p><p>Der Elektrofilter besteht aus einem modularen Baukastensystem und kann je nach Anforderung modular erweitert werden. Je nach zu reinigender Luftmenge und Kontamination k\u00f6nnen Filterstufen variabel erg\u00e4nzt werden. Die Einheit arbeitet unabh\u00e4ngig von Ihrer Vulkanisationsanlage und kann so nicht nur an Gerlach Anlagen, sondern an nahezu allen Hei\u00dfluft- und Mikrowelleneinheiten betrieben werden.<\/p><h2><b>Wirkweise<\/b><\/h2><p>Der Elektrofilter \u00fcbernimmt die Abgase aus der Vulkanisationsanlage und k\u00fchlt diese auf eine Temperatur von ca. 80\u00b0C herunter. In den einzelnen Filterstufen befindet sich ein elektrostatisches Hochspannungsfeld, das die Schwebstoffe aus der Luft herausfiltert. \u00dcber die optional erh\u00e4ltliche Filterstufe mit Aktivkohle werden zudem geruchsintensive Stoffe neutralisiert.<span class=\"Apple-converted-space\">\u00a0<\/span><\/p><p>Jede\u00a0Filterstufe ist mit einer einzeln verriegelbaren T\u00fcr ausgestattet, die von der Frontseite aus eine\u00a0schnelle Inspektion und einfachen Austausch der Filterelemente erm\u00f6glicht.<\/p><p>Ein durchschnittliches Filtersystem kommt inklusive der Ventilatorleistung auf einen Verbrauch von weniger als 5kW\/h. und ist damit deutlich energiesparender als die markt\u00fcblichen thermischen Abgasnachbehandlungen.<\/p><p>Durch den Einsatz des Elektrofilters sparen Sie nicht nur Energie. Die Abscheideleistung liegt je nach Partikelgr\u00f6\u00dfe bei &gt;99%.<span class=\"Apple-converted-space\">\u00a0<\/span><\/p><p>So sieht aktiver Umweltschutz und Nachhaltigkeit in der Gummiverarbeitung heute aus!<\/p>\t\t\t\t\t\t\t\t<\/div>\n\t\t\t\t<\/div>\n\t\t\t\t<div class=\"elementor-element elementor-element-20d9f3a elementor-widget elementor-widget-image\" data-id=\"20d9f3a\" data-element_type=\"widget\" data-widget_type=\"image.default\">\n\t\t\t\t<div class=\"elementor-widget-container\">\n\t\t\t\t\t\t\t\t\t\t\t\t\t\t\t<img decoding=\"async\" width=\"1206\" height=\"672\" src=\"https:\/\/www.gerlach-machinery.com\/wp-content\/uploads\/2022\/10\/Elektrofilter.png\" class=\"attachment-full size-full wp-image-3711\" alt=\"\" srcset=\"https:\/\/www.gerlach-machinery.com\/wp-content\/uploads\/2022\/10\/Elektrofilter.png 1206w, https:\/\/www.gerlach-machinery.com\/wp-content\/uploads\/2022\/10\/Elektrofilter-300x167.png 300w, https:\/\/www.gerlach-machinery.com\/wp-content\/uploads\/2022\/10\/Elektrofilter-1024x571.png 1024w, https:\/\/www.gerlach-machinery.com\/wp-content\/uploads\/2022\/10\/Elektrofilter-768x428.png 768w\" sizes=\"(max-width: 1206px) 100vw, 1206px\" \/>\t\t\t\t\t\t\t\t\t\t\t\t\t\t\t<\/div>\n\t\t\t\t<\/div>\n\t\t\t\t\t<\/div>\n\t\t<\/div>\n\t\t\t\t\t<\/div>\n\t\t<\/section>\n\t\t\t\t<section data-particle_enable=\"false\" data-particle-mobile-disabled=\"false\" class=\"elementor-section elementor-top-section elementor-element elementor-element-8f76ac6 elementor-section-boxed elementor-section-height-default elementor-section-height-default\" data-id=\"8f76ac6\" data-element_type=\"section\">\n\t\t\t\t\t\t<div class=\"elementor-container elementor-column-gap-default\">\n\t\t\t\t\t<div class=\"elementor-column elementor-col-100 elementor-top-column elementor-element elementor-element-02ff1bd\" data-id=\"02ff1bd\" data-element_type=\"column\">\n\t\t\t<div class=\"elementor-widget-wrap elementor-element-populated\">\n\t\t\t\t\t\t<div class=\"elementor-element elementor-element-f90063f elementor-widget elementor-widget-text-editor\" data-id=\"f90063f\" data-element_type=\"widget\" data-widget_type=\"text-editor.default\">\n\t\t\t\t<div class=\"elementor-widget-container\">\n\t\t\t\t\t\t\t\t\t<a class=\"btn btn-default pull-left\" href=\"https:\/\/www.gerlach-machinery.com\/de\/anfrageportal\/?source=Elektrofilter-450\" target=\"_blank\" rel=\"noopener\">Datenblatt anfordern<\/a>\t\t\t\t\t\t\t\t<\/div>\n\t\t\t\t<\/div>\n\t\t\t\t\t<\/div>\n\t\t<\/div>\n\t\t\t\t\t<\/div>\n\t\t<\/section>\n\t\t\t\t<\/div>\n\t\t","protected":false},"excerpt":{"rendered":"<p>Der Elektrofilter 450 f\u00fcr die Abgasnachbehandlung \/ Reinigung von Vulkanisationsd\u00e4mpfen ist kompakt, modular und extrem energiesparend. <\/p>\n","protected":false},"author":4,"featured_media":3737,"parent":3710,"menu_order":12,"comment_status":"closed","ping_status":"closed","template":"tpl-produkt.php","meta":{"_acf_changed":false,"footnotes":""},"yst_prominent_words":[303,506,289,266,261,595,273,677,258,434],"class_list":["post-3734","page","type-page","status-publish","has-post-thumbnail","hentry"],"acf":[],"_links":{"self":[{"href":"https:\/\/www.gerlach-machinery.com\/de\/wp-json\/wp\/v2\/pages\/3734","targetHints":{"allow":["GET"]}}],"collection":[{"href":"https:\/\/www.gerlach-machinery.com\/de\/wp-json\/wp\/v2\/pages"}],"about":[{"href":"https:\/\/www.gerlach-machinery.com\/de\/wp-json\/wp\/v2\/types\/page"}],"author":[{"embeddable":true,"href":"https:\/\/www.gerlach-machinery.com\/de\/wp-json\/wp\/v2\/users\/4"}],"replies":[{"embeddable":true,"href":"https:\/\/www.gerlach-machinery.com\/de\/wp-json\/wp\/v2\/comments?post=3734"}],"version-history":[{"count":20,"href":"https:\/\/www.gerlach-machinery.com\/de\/wp-json\/wp\/v2\/pages\/3734\/revisions"}],"predecessor-version":[{"id":4623,"href":"https:\/\/www.gerlach-machinery.com\/de\/wp-json\/wp\/v2\/pages\/3734\/revisions\/4623"}],"up":[{"embeddable":true,"href":"https:\/\/www.gerlach-machinery.com\/de\/wp-json\/wp\/v2\/pages\/3710"}],"wp:featuredmedia":[{"embeddable":true,"href":"https:\/\/www.gerlach-machinery.com\/de\/wp-json\/wp\/v2\/media\/3737"}],"wp:attachment":[{"href":"https:\/\/www.gerlach-machinery.com\/de\/wp-json\/wp\/v2\/media?parent=3734"}],"wp:term":[{"taxonomy":"yst_prominent_words","embeddable":true,"href":"https:\/\/www.gerlach-machinery.com\/de\/wp-json\/wp\/v2\/yst_prominent_words?post=3734"}],"curies":[{"name":"wp","href":"https:\/\/api.w.org\/{rel}","templated":true}]}}