{"id":3710,"date":"2022-10-14T13:56:51","date_gmt":"2022-10-14T11:56:51","guid":{"rendered":"https:\/\/www.gerlach-machinery.com\/?page_id=3710"},"modified":"2022-10-14T14:11:28","modified_gmt":"2022-10-14T12:11:28","slug":"elektrofilter","status":"publish","type":"page","link":"https:\/\/www.gerlach-machinery.com\/de\/produkte\/abluftreinigung\/","title":{"rendered":"Abluftreinigung"},"content":{"rendered":"<h1>Abluftreinigung<\/h1>\n<p>D\u00e4mpfe, Ger\u00fcche und Schadstoffe, die bei der Vulkanisation entstehen, k\u00f6nnen erhebliche Auswirkungen auf Umwelt und Gesundheit haben und m\u00fcssen deshalb neutralisiert und entsorgt werden.<\/p>\n<p>Gerlach bietet kompakte L\u00f6sungen, die bereits in die Maschinen integriert sind und autarke Abluftreinigungsanlagen, die z.B. an Altmaschinen oder Fremdmaschinen angeschlossen werden k\u00f6nnen.<span class=\"Apple-converted-space\">\u00a0<\/span><\/p>\n","protected":false},"excerpt":{"rendered":"<p>D\u00e4mpfe, Ger\u00fcche und Schadstoffe, die bei der Vulkanisation entstehen, k\u00f6nnen erhebliche Auswirkungen auf Umwelt und Gesundheit haben und m\u00fcssen deshalb neutralisiert und entsorgt werden. Gerlach bietet kompakte L\u00f6sungen, die bereits in die Maschinen integriert sind und autarke Abluftreinigungsanlagen, die z.B. an Altmaschinen oder Fremdmaschinen angeschlossen werden k\u00f6nnen.\u00a0<\/p>\n","protected":false},"author":4,"featured_media":3711,"parent":12,"menu_order":88,"comment_status":"closed","ping_status":"closed","template":"tpl-produkt.php","meta":{"_acf_changed":false,"footnotes":""},"yst_prominent_words":[259,595,265,434],"class_list":["post-3710","page","type-page","status-publish","has-post-thumbnail","hentry"],"acf":[],"_links":{"self":[{"href":"https:\/\/www.gerlach-machinery.com\/de\/wp-json\/wp\/v2\/pages\/3710","targetHints":{"allow":["GET"]}}],"collection":[{"href":"https:\/\/www.gerlach-machinery.com\/de\/wp-json\/wp\/v2\/pages"}],"about":[{"href":"https:\/\/www.gerlach-machinery.com\/de\/wp-json\/wp\/v2\/types\/page"}],"author":[{"embeddable":true,"href":"https:\/\/www.gerlach-machinery.com\/de\/wp-json\/wp\/v2\/users\/4"}],"replies":[{"embeddable":true,"href":"https:\/\/www.gerlach-machinery.com\/de\/wp-json\/wp\/v2\/comments?post=3710"}],"version-history":[{"count":8,"href":"https:\/\/www.gerlach-machinery.com\/de\/wp-json\/wp\/v2\/pages\/3710\/revisions"}],"predecessor-version":[{"id":3730,"href":"https:\/\/www.gerlach-machinery.com\/de\/wp-json\/wp\/v2\/pages\/3710\/revisions\/3730"}],"up":[{"embeddable":true,"href":"https:\/\/www.gerlach-machinery.com\/de\/wp-json\/wp\/v2\/pages\/12"}],"wp:featuredmedia":[{"embeddable":true,"href":"https:\/\/www.gerlach-machinery.com\/de\/wp-json\/wp\/v2\/media\/3711"}],"wp:attachment":[{"href":"https:\/\/www.gerlach-machinery.com\/de\/wp-json\/wp\/v2\/media?parent=3710"}],"wp:term":[{"taxonomy":"yst_prominent_words","embeddable":true,"href":"https:\/\/www.gerlach-machinery.com\/de\/wp-json\/wp\/v2\/yst_prominent_words?post=3710"}],"curies":[{"name":"wp","href":"https:\/\/api.w.org\/{rel}","templated":true}]}}