{"id":3636,"date":"2022-10-14T11:42:10","date_gmt":"2022-10-14T09:42:10","guid":{"rendered":"https:\/\/www.gerlach-machinery.com\/produkte\/extruder\/d-35-l-d-15-d-120-l-d-20\/"},"modified":"2025-07-12T16:55:53","modified_gmt":"2025-07-12T14:55:53","slug":"d-35-l-d-15-d-120-l-d-20","status":"publish","type":"page","link":"https:\/\/www.gerlach-machinery.com\/de\/produkte\/extruder\/d-35-l-d-15-d-120-l-d-20\/","title":{"rendered":"D 35 L\/D 15 \u2013 D 120 L\/D 20"},"content":{"rendered":"\t\t<div data-elementor-type=\"wp-page\" data-elementor-id=\"3636\" class=\"elementor elementor-3636 elementor-3594\" data-elementor-post-type=\"page\">\n\t\t\t\t\t\t<section data-particle_enable=\"false\" data-particle-mobile-disabled=\"false\" class=\"elementor-section elementor-top-section elementor-element elementor-element-b2e9450 elementor-section-boxed elementor-section-height-default elementor-section-height-default\" data-id=\"b2e9450\" data-element_type=\"section\">\n\t\t\t\t\t\t<div class=\"elementor-container elementor-column-gap-default\">\n\t\t\t\t\t<div class=\"elementor-column elementor-col-100 elementor-top-column elementor-element elementor-element-3b6b1b9\" data-id=\"3b6b1b9\" data-element_type=\"column\">\n\t\t\t<div class=\"elementor-widget-wrap elementor-element-populated\">\n\t\t\t\t\t\t<section data-particle_enable=\"false\" data-particle-mobile-disabled=\"false\" class=\"elementor-section elementor-inner-section elementor-element elementor-element-125ceb6 elementor-section-height-min-height elementor-section-boxed elementor-section-height-default\" data-id=\"125ceb6\" data-element_type=\"section\" data-settings=\"{&quot;background_background&quot;:&quot;gradient&quot;}\">\n\t\t\t\t\t\t\t<div class=\"elementor-background-overlay\"><\/div>\n\t\t\t\t\t\t\t<div class=\"elementor-container elementor-column-gap-default\">\n\t\t\t\t\t<div class=\"elementor-column elementor-col-100 elementor-inner-column elementor-element elementor-element-00ddfce\" data-id=\"00ddfce\" data-element_type=\"column\">\n\t\t\t<div class=\"elementor-widget-wrap elementor-element-populated\">\n\t\t\t\t\t\t<div class=\"elementor-element elementor-element-4638d82 elementor-widget elementor-widget-image\" data-id=\"4638d82\" data-element_type=\"widget\" data-widget_type=\"image.default\">\n\t\t\t\t<div class=\"elementor-widget-container\">\n\t\t\t\t\t\t\t\t\t\t\t\t\t\t\t<img fetchpriority=\"high\" decoding=\"async\" width=\"1024\" height=\"364\" src=\"https:\/\/www.gerlach-machinery.com\/wp-content\/uploads\/2022\/10\/extruder-1024x364.png\" class=\"attachment-large size-large wp-image-3607\" alt=\"\" srcset=\"https:\/\/www.gerlach-machinery.com\/wp-content\/uploads\/2022\/10\/extruder-1024x364.png 1024w, https:\/\/www.gerlach-machinery.com\/wp-content\/uploads\/2022\/10\/extruder-300x107.png 300w, https:\/\/www.gerlach-machinery.com\/wp-content\/uploads\/2022\/10\/extruder-768x273.png 768w, https:\/\/www.gerlach-machinery.com\/wp-content\/uploads\/2022\/10\/extruder-1536x545.png 1536w, https:\/\/www.gerlach-machinery.com\/wp-content\/uploads\/2022\/10\/extruder-2048x727.png 2048w\" sizes=\"(max-width: 1024px) 100vw, 1024px\" \/>\t\t\t\t\t\t\t\t\t\t\t\t\t\t\t<\/div>\n\t\t\t\t<\/div>\n\t\t\t\t\t<\/div>\n\t\t<\/div>\n\t\t\t\t\t<\/div>\n\t\t<\/section>\n\t\t\t\t<div class=\"elementor-element elementor-element-f8d4722 elementor-widget elementor-widget-text-editor\" data-id=\"f8d4722\" data-element_type=\"widget\" data-widget_type=\"text-editor.default\">\n\t\t\t\t<div class=\"elementor-widget-container\">\n\t\t\t\t\t\t\t\t\t<p>Elastomer-Extruder werden im Rahmen des kontinuierlichen Extrusionsprozesses zur Verarbeitung von Kautschukmischungen vor dem kontinuierlichen Vulkanisationsprozess eingesetzt.<\/p><p>F\u00fcr diese Anwendung stellen wir kompakte Kaltf\u00fctterextruder mit Schneckendurchmessern von<span class=\"Apple-converted-space\">\u00a0 <\/span>35 mm L\/D 15 bis 120 mm L\/D 20 her.<span class=\"Apple-converted-space\">\u00a0<\/span><\/p><p>Je nach Materialspezifikation unterschiedliche Oberfl\u00e4chenbehandlungen von Schnecke und Zylinder ber\u00fccksichtigt werden.<span class=\"Apple-converted-space\">\u00a0<\/span><\/p><p>Abh\u00e4ngig von der Anforderung k\u00f6nnen Bauart, Baugr\u00f6\u00dfe, Schneckengeometrie und andere Parameter festgelegt und die Extruder in Standardausf\u00fchrung, als Vakuumextruder, Silikonextruder, Co-Extrusionsanlage geliefert werden und mit Zahnradpumpen sowie Einzel- oder Co-Extrusionsk\u00f6pfe komplettiert werden.<\/p>\t\t\t\t\t\t\t\t<\/div>\n\t\t\t\t<\/div>\n\t\t\t\t<div class=\"elementor-element elementor-element-ce1b2c7 elementor-widget elementor-widget-image\" data-id=\"ce1b2c7\" data-element_type=\"widget\" data-widget_type=\"image.default\">\n\t\t\t\t<div class=\"elementor-widget-container\">\n\t\t\t\t\t\t\t\t\t\t\t\t\t\t\t<img decoding=\"async\" width=\"1320\" height=\"758\" src=\"https:\/\/www.gerlach-machinery.com\/wp-content\/uploads\/2022\/10\/extr2-1.png\" class=\"attachment-full size-full wp-image-3618\" alt=\"\" srcset=\"https:\/\/www.gerlach-machinery.com\/wp-content\/uploads\/2022\/10\/extr2-1.png 1320w, https:\/\/www.gerlach-machinery.com\/wp-content\/uploads\/2022\/10\/extr2-1-300x172.png 300w, https:\/\/www.gerlach-machinery.com\/wp-content\/uploads\/2022\/10\/extr2-1-1024x588.png 1024w, https:\/\/www.gerlach-machinery.com\/wp-content\/uploads\/2022\/10\/extr2-1-768x441.png 768w\" sizes=\"(max-width: 1320px) 100vw, 1320px\" \/>\t\t\t\t\t\t\t\t\t\t\t\t\t\t\t<\/div>\n\t\t\t\t<\/div>\n\t\t\t\t<div class=\"elementor-element elementor-element-be3b1a0 elementor-widget elementor-widget-text-editor\" data-id=\"be3b1a0\" data-element_type=\"widget\" data-widget_type=\"text-editor.default\">\n\t\t\t\t<div class=\"elementor-widget-container\">\n\t\t\t\t\t\t\t\t\t<p>Unsere Extruder haben eine separat angetriebene F\u00f6rderwalze, das Drehmoment bzw. die Drehzahl wird \u00fcber die SPS-Steuerung geregelt. Das System erm\u00f6glicht somit eine Schneckenf\u00f6rderung mit absoluter Pr\u00e4zision und mit der exakt notwendigen Elastomermenge.<\/p><p>Um einen unkomplizierten Schneckenwechsel durchzuf\u00fchren oder zu Reinigungszwecken, kann der Extruder elektrisch vor- und zur\u00fcckbewegt werden.<\/p><p>Alle Extruder sind mit temperierten Zonen ausgestattet, deren Anzahl vom Durchmesser der Schnecke und der L\u00e4nge des Extruders abh\u00e4ngt. Die Menge reicht dabei von einer bis zu sechs Zonen, wobei die Temperierung des Kopfbereiches mit ber\u00fccksichtigt ist.<\/p><p>Unsere Extruder finden Anwendung bei der Herstellung von Rohren, Profilen, Kabeln, Schl\u00e4uchen, Fasern und der Rohr- und Profilummantelung.<\/p>\t\t\t\t\t\t\t\t<\/div>\n\t\t\t\t<\/div>\n\t\t\t\t<div class=\"elementor-element elementor-element-362f637 elementor-widget elementor-widget-image\" data-id=\"362f637\" data-element_type=\"widget\" data-widget_type=\"image.default\">\n\t\t\t\t<div class=\"elementor-widget-container\">\n\t\t\t\t\t\t\t\t\t\t\t\t\t\t\t<img decoding=\"async\" width=\"852\" height=\"984\" src=\"https:\/\/www.gerlach-machinery.com\/wp-content\/uploads\/2022\/10\/etr1.png\" class=\"attachment-full size-full wp-image-3614\" alt=\"\" srcset=\"https:\/\/www.gerlach-machinery.com\/wp-content\/uploads\/2022\/10\/etr1.png 852w, https:\/\/www.gerlach-machinery.com\/wp-content\/uploads\/2022\/10\/etr1-260x300.png 260w, https:\/\/www.gerlach-machinery.com\/wp-content\/uploads\/2022\/10\/etr1-768x887.png 768w\" sizes=\"(max-width: 852px) 100vw, 852px\" \/>\t\t\t\t\t\t\t\t\t\t\t\t\t\t\t<\/div>\n\t\t\t\t<\/div>\n\t\t\t\t\t<\/div>\n\t\t<\/div>\n\t\t\t\t\t<\/div>\n\t\t<\/section>\n\t\t\t\t<section data-particle_enable=\"false\" data-particle-mobile-disabled=\"false\" class=\"elementor-section elementor-top-section elementor-element elementor-element-965e4b7 elementor-section-boxed elementor-section-height-default elementor-section-height-default\" data-id=\"965e4b7\" data-element_type=\"section\">\n\t\t\t\t\t\t<div class=\"elementor-container elementor-column-gap-default\">\n\t\t\t\t\t<div class=\"elementor-column elementor-col-100 elementor-top-column elementor-element elementor-element-8fea5c8\" data-id=\"8fea5c8\" data-element_type=\"column\">\n\t\t\t<div class=\"elementor-widget-wrap elementor-element-populated\">\n\t\t\t\t\t\t<div class=\"elementor-element elementor-element-61f3c1d elementor-widget elementor-widget-text-editor\" data-id=\"61f3c1d\" data-element_type=\"widget\" data-widget_type=\"text-editor.default\">\n\t\t\t\t<div class=\"elementor-widget-container\">\n\t\t\t\t\t\t\t\t\t<a class=\"btn btn-default pull-left\" href=\"https:\/\/www.gerlach-machinery.com\/de\/anfrageportal\/?source=D-35-L-D-15-\u2013-D-120-L-D-20\" target=\"_blank\" rel=\"noopener\">Datenblatt anfordern<\/a>\t\t\t\t\t\t\t\t<\/div>\n\t\t\t\t<\/div>\n\t\t\t\t\t<\/div>\n\t\t<\/div>\n\t\t\t\t\t<\/div>\n\t\t<\/section>\n\t\t\t\t<\/div>\n\t\t","protected":false},"excerpt":{"rendered":"<p>Elastomer-Extruder werden im Rahmen des kontinuierlichen Extrusionsprozesses zur Verarbeitung von Kautschukmischungen vor dem kontinuierlichen Vulkanisationsprozess eingesetzt. F\u00fcr diese Anwendung stellen wir kompakte Kaltf\u00fctterextruder mit Schneckendurchmessern von\u00a0 35 mm L\/D 15 bis 120 mm L\/D 20 her.\u00a0 Je nach Materialspezifikation unterschiedliche Oberfl\u00e4chenbehandlungen von Schnecke und Zylinder ber\u00fccksichtigt werden.\u00a0 Abh\u00e4ngig von der Anforderung k\u00f6nnen Bauart, Baugr\u00f6\u00dfe, Schneckengeometrie [&hellip;]<\/p>\n","protected":false},"author":4,"featured_media":3815,"parent":3603,"menu_order":18,"comment_status":"closed","ping_status":"closed","template":"tpl-produkt.php","meta":{"_acf_changed":false,"footnotes":""},"yst_prominent_words":[],"class_list":["post-3636","page","type-page","status-publish","has-post-thumbnail","hentry"],"acf":[],"_links":{"self":[{"href":"https:\/\/www.gerlach-machinery.com\/de\/wp-json\/wp\/v2\/pages\/3636","targetHints":{"allow":["GET"]}}],"collection":[{"href":"https:\/\/www.gerlach-machinery.com\/de\/wp-json\/wp\/v2\/pages"}],"about":[{"href":"https:\/\/www.gerlach-machinery.com\/de\/wp-json\/wp\/v2\/types\/page"}],"author":[{"embeddable":true,"href":"https:\/\/www.gerlach-machinery.com\/de\/wp-json\/wp\/v2\/users\/4"}],"replies":[{"embeddable":true,"href":"https:\/\/www.gerlach-machinery.com\/de\/wp-json\/wp\/v2\/comments?post=3636"}],"version-history":[{"count":22,"href":"https:\/\/www.gerlach-machinery.com\/de\/wp-json\/wp\/v2\/pages\/3636\/revisions"}],"predecessor-version":[{"id":4607,"href":"https:\/\/www.gerlach-machinery.com\/de\/wp-json\/wp\/v2\/pages\/3636\/revisions\/4607"}],"up":[{"embeddable":true,"href":"https:\/\/www.gerlach-machinery.com\/de\/wp-json\/wp\/v2\/pages\/3603"}],"wp:featuredmedia":[{"embeddable":true,"href":"https:\/\/www.gerlach-machinery.com\/de\/wp-json\/wp\/v2\/media\/3815"}],"wp:attachment":[{"href":"https:\/\/www.gerlach-machinery.com\/de\/wp-json\/wp\/v2\/media?parent=3636"}],"wp:term":[{"taxonomy":"yst_prominent_words","embeddable":true,"href":"https:\/\/www.gerlach-machinery.com\/de\/wp-json\/wp\/v2\/yst_prominent_words?post=3636"}],"curies":[{"name":"wp","href":"https:\/\/api.w.org\/{rel}","templated":true}]}}