{"id":3022,"date":"2021-11-16T19:18:18","date_gmt":"2021-11-16T18:18:18","guid":{"rendered":"https:\/\/www.gerlach-machinery.com\/?page_id=3022"},"modified":"2025-07-12T17:11:01","modified_gmt":"2025-07-12T15:11:01","slug":"uhf-box-205","status":"publish","type":"page","link":"https:\/\/www.gerlach-machinery.com\/de\/produkte\/mikrowellenkanaele\/uhf-box-205\/","title":{"rendered":"UHF-Box 205"},"content":{"rendered":"\t\t<div data-elementor-type=\"wp-page\" data-elementor-id=\"3022\" class=\"elementor elementor-3022 elementor-3009\" data-elementor-post-type=\"page\">\n\t\t\t\t\t\t<section data-particle_enable=\"false\" data-particle-mobile-disabled=\"false\" class=\"elementor-section elementor-top-section elementor-element elementor-element-116da89e elementor-section-boxed elementor-section-height-default elementor-section-height-default\" data-id=\"116da89e\" data-element_type=\"section\">\n\t\t\t\t\t\t<div class=\"elementor-container elementor-column-gap-default\">\n\t\t\t\t\t<div class=\"elementor-column elementor-col-100 elementor-top-column elementor-element elementor-element-694b5b8c\" data-id=\"694b5b8c\" data-element_type=\"column\">\n\t\t\t<div class=\"elementor-widget-wrap elementor-element-populated\">\n\t\t\t\t\t\t<div class=\"elementor-element elementor-element-2245fb45 elementor-widget elementor-widget-text-editor\" data-id=\"2245fb45\" data-element_type=\"widget\" data-widget_type=\"text-editor.default\">\n\t\t\t\t<div class=\"elementor-widget-container\">\n\t\t\t\t\t\t\t\t\t<h1><strong>Die UHF-Box 205. Die richtungsweisende Erg\u00e4nzung zu bestehenden Vulkanisations- und Produktionslinien. <\/strong><\/h1>\t\t\t\t\t\t\t\t<\/div>\n\t\t\t\t<\/div>\n\t\t\t\t<div class=\"elementor-element elementor-element-142bda4 elementor-widget elementor-widget-text-editor\" data-id=\"142bda4\" data-element_type=\"widget\" data-widget_type=\"text-editor.default\">\n\t\t\t\t<div class=\"elementor-widget-container\">\n\t\t\t\t\t\t\t\t\t<p>Die UHF Box 205 ist der gr\u00f6\u00dfere Geschwisterteil des UHF-Moduls 201. Die Box ist mit 2 UHF-Einheiten mit 3 kW Leistung ausgestattet und verf\u00fcgt \u00fcber einige unglaubliche Funktionen.<\/p><p>Obwohl sie das Geschwistermodell des UHF-Moduls 201 ist, ist sie weit mehr als nur eine Kopie desselben. Sein Zweck ist ganz anders, und das gilt auch f\u00fcr seine Eigenschaften.<\/p>\t\t\t\t\t\t\t\t<\/div>\n\t\t\t\t<\/div>\n\t\t\t\t<div class=\"elementor-element elementor-element-591f159 elementor-widget elementor-widget-text-editor\" data-id=\"591f159\" data-element_type=\"widget\" data-widget_type=\"text-editor.default\">\n\t\t\t\t<div class=\"elementor-widget-container\">\n\t\t\t\t\t\t\t\t\t<p>Die Box bietet ebenfalls konzentrierte Mikrowellentechnologie in einem kompakten Design mit noch nie dagewesenen und neuartigen Eigenschaften. Diese neue Art von Mikrowellen erm\u00f6glicht hohe Energiedichten, die lokal auf das Produkt gerichtet sind.<\/p>\t\t\t\t\t\t\t\t<\/div>\n\t\t\t\t<\/div>\n\t\t\t\t<div class=\"elementor-element elementor-element-abda000 elementor-arrows-position-inside elementor-pagination-position-outside elementor-widget elementor-widget-image-carousel\" data-id=\"abda000\" data-element_type=\"widget\" data-settings=\"{&quot;slides_to_show&quot;:&quot;2&quot;,&quot;navigation&quot;:&quot;both&quot;,&quot;autoplay&quot;:&quot;yes&quot;,&quot;pause_on_hover&quot;:&quot;yes&quot;,&quot;pause_on_interaction&quot;:&quot;yes&quot;,&quot;autoplay_speed&quot;:5000,&quot;infinite&quot;:&quot;yes&quot;,&quot;speed&quot;:500}\" data-widget_type=\"image-carousel.default\">\n\t\t\t\t<div class=\"elementor-widget-container\">\n\t\t\t\t\t\t\t<div class=\"elementor-image-carousel-wrapper swiper\" role=\"region\" aria-roledescription=\"carousel\" aria-label=\"Image Carousel\" dir=\"ltr\">\n\t\t\t<div class=\"elementor-image-carousel swiper-wrapper\" aria-live=\"off\">\n\t\t\t\t\t\t\t\t<div class=\"swiper-slide\" role=\"group\" aria-roledescription=\"slide\" aria-label=\"1 von 3\"><a data-elementor-open-lightbox=\"yes\" data-elementor-lightbox-slideshow=\"abda000\" data-elementor-lightbox-title=\"KS5186921787.258 (1)\" data-e-action-hash=\"#elementor-action%3Aaction%3Dlightbox%26settings%3DeyJpZCI6MzAwOCwidXJsIjoiaHR0cHM6XC9cL3d3dy5nZXJsYWNoLW1hY2hpbmVyeS5jb21cL3dwLWNvbnRlbnRcL3VwbG9hZHNcLzIwMjFcLzExXC9LUzUxODY5MjE3ODcuMjU4LTEtZTE2MzcwODU3MzkzNDMucG5nIiwic2xpZGVzaG93IjoiYWJkYTAwMCJ9\" href=\"https:\/\/www.gerlach-machinery.com\/wp-content\/uploads\/2021\/11\/KS5186921787.258-1-e1637085739343.png\"><figure class=\"swiper-slide-inner\"><img decoding=\"async\" class=\"swiper-slide-image\" src=\"https:\/\/www.gerlach-machinery.com\/wp-content\/uploads\/2021\/11\/KS5186921787.258-1-150x150.png\" alt=\"KS5186921787.258 (1)\" \/><\/figure><\/a><\/div><div class=\"swiper-slide\" role=\"group\" aria-roledescription=\"slide\" aria-label=\"2 von 3\"><a data-elementor-open-lightbox=\"yes\" data-elementor-lightbox-slideshow=\"abda000\" data-elementor-lightbox-title=\"KS5186921787.261\" data-e-action-hash=\"#elementor-action%3Aaction%3Dlightbox%26settings%3DeyJpZCI6MzAwMiwidXJsIjoiaHR0cHM6XC9cL3d3dy5nZXJsYWNoLW1hY2hpbmVyeS5jb21cL3dwLWNvbnRlbnRcL3VwbG9hZHNcLzIwMjFcLzExXC9LUzUxODY5MjE3ODcuMjYxLnBuZyIsInNsaWRlc2hvdyI6ImFiZGEwMDAifQ%3D%3D\" href=\"https:\/\/www.gerlach-machinery.com\/wp-content\/uploads\/2021\/11\/KS5186921787.261.png\"><figure class=\"swiper-slide-inner\"><img decoding=\"async\" class=\"swiper-slide-image\" src=\"https:\/\/www.gerlach-machinery.com\/wp-content\/uploads\/2021\/11\/KS5186921787.261-150x150.png\" alt=\"KS5186921787.261\" \/><\/figure><\/a><\/div><div class=\"swiper-slide\" role=\"group\" aria-roledescription=\"slide\" aria-label=\"3 von 3\"><a data-elementor-open-lightbox=\"yes\" data-elementor-lightbox-slideshow=\"abda000\" data-elementor-lightbox-title=\"KS5186921787.257\" data-e-action-hash=\"#elementor-action%3Aaction%3Dlightbox%26settings%3DeyJpZCI6MzAwMCwidXJsIjoiaHR0cHM6XC9cL3d3dy5nZXJsYWNoLW1hY2hpbmVyeS5jb21cL3dwLWNvbnRlbnRcL3VwbG9hZHNcLzIwMjFcLzExXC9LUzUxODY5MjE3ODcuMjU3LnBuZyIsInNsaWRlc2hvdyI6ImFiZGEwMDAifQ%3D%3D\" href=\"https:\/\/www.gerlach-machinery.com\/wp-content\/uploads\/2021\/11\/KS5186921787.257.png\"><figure class=\"swiper-slide-inner\"><img decoding=\"async\" class=\"swiper-slide-image\" src=\"https:\/\/www.gerlach-machinery.com\/wp-content\/uploads\/2021\/11\/KS5186921787.257-150x150.png\" alt=\"KS5186921787.257\" \/><\/figure><\/a><\/div>\t\t\t<\/div>\n\t\t\t\t\t\t\t\t\t\t\t\t<div class=\"elementor-swiper-button elementor-swiper-button-prev\" role=\"button\" tabindex=\"0\">\n\t\t\t\t\t\t<i aria-hidden=\"true\" class=\"eicon-chevron-left\"><\/i>\t\t\t\t\t<\/div>\n\t\t\t\t\t<div class=\"elementor-swiper-button elementor-swiper-button-next\" role=\"button\" tabindex=\"0\">\n\t\t\t\t\t\t<i aria-hidden=\"true\" class=\"eicon-chevron-right\"><\/i>\t\t\t\t\t<\/div>\n\t\t\t\t\n\t\t\t\t\t\t\t\t\t<div class=\"swiper-pagination\"><\/div>\n\t\t\t\t\t\t\t\t\t<\/div>\n\t\t\t\t\t\t<\/div>\n\t\t\t\t<\/div>\n\t\t\t\t<div class=\"elementor-element elementor-element-7b96589 elementor-widget elementor-widget-text-editor\" data-id=\"7b96589\" data-element_type=\"widget\" data-widget_type=\"text-editor.default\">\n\t\t\t\t<div class=\"elementor-widget-container\">\n\t\t\t\t\t\t\t\t\t<p>Im Gegensatz zum UHF-Modul 201 besticht die UHF-Box 205 durch zwei unabh\u00e4ngige UHF-Einheiten, die justiert werden k\u00f6nnen und deren Position jederzeit reproduzierbar ist, wenn Sie das entsprechende Profil produzieren.<\/p><p>So k\u00f6nnen Sie Ihre Produktions- und Qualit\u00e4tsziele erh\u00f6hen, indem Sie die UHF-Energie gezielt dort einsetzen, wo sie am meisten ben\u00f6tigt wird.<\/p><h2><strong>Wie wird das gemacht?<\/strong><\/h2><p>Die UHF-Einheiten sind gegeneinander versetzt und drehbar montiert. Dies erm\u00f6glicht eine 360\u00b0-Abdeckung von kritischen Bereichen in Profilen. Selbst Bereiche, die im Schatten von Metalltr\u00e4gern liegen oder Produkte mit Mischungen unterschiedlicher Polarit\u00e4ten k\u00f6nnen gezielt erw\u00e4rmt werden.<\/p><p>Die Box arbeitet dabei auch mit der Guided-Wave-Technologie, bei der durch die Fokussierung der Mikrowellenstrahlung auch schwachpolare Mischungen effizient erw\u00e4rmt werden k\u00f6nnen.<\/p><p>Die bereits erw\u00e4hnte Prozessreproduzierbarkeit wird durch die integrierte Rezepturverwaltung sichergestellt. Demnach speichern Sie die Positionen der UHF-Einheiten und die gew\u00fcnschten Leistungen in Abh\u00e4ngigkeit vom Produkt und der gew\u00fcnschten Produktionsgeschwindigkeit.<\/p><p>Die UHF-Box k\u00f6nnen Sie flexibel \u00fcberall dort einsetzen, wo eine zus\u00e4tzliche UHF-Heizung ben\u00f6tigt wird. Durch ihre kompakte Bauweise ist sie ohne gro\u00dfen Installationsaufwand schnell einsatzbereit.<\/p><p>Sie k\u00f6nnen sie einfach mit einem Gabelstapler oder einem Hubwagen bewegen und ihre Position innerhalb Ihrer Vulkanisationslinie ver\u00e4ndern. Finden Sie heraus, ob eine Mikrowelle am Anfang des Prozesses stehen muss oder ob es vielleicht effizienter ist, sie f\u00fcr einige Produkte in der Mitte der Linie oder in der N\u00e4he des Endes aufzustellen. Der Schaltschrank steht auf feststellbaren Rollen und kann leicht mitgenommen werden.<\/p><p>Nie war es einfacher, Energie in Ihre Produkte zu bringen. Nutzen Sie die UHF-Box, um die UHF-Strahlung dort zu fokussieren, wo sie den gr\u00f6\u00dften Effekt hat, und steuern Sie einen Heizvorgang, der bisher schwer zu kontrollieren war.<\/p>\t\t\t\t\t\t\t\t<\/div>\n\t\t\t\t<\/div>\n\t\t\t\t<div class=\"elementor-element elementor-element-2454543 elementor-arrows-position-inside elementor-pagination-position-outside elementor-widget elementor-widget-image-carousel\" data-id=\"2454543\" data-element_type=\"widget\" data-settings=\"{&quot;slides_to_show&quot;:&quot;2&quot;,&quot;navigation&quot;:&quot;both&quot;,&quot;autoplay&quot;:&quot;yes&quot;,&quot;pause_on_hover&quot;:&quot;yes&quot;,&quot;pause_on_interaction&quot;:&quot;yes&quot;,&quot;autoplay_speed&quot;:5000,&quot;infinite&quot;:&quot;yes&quot;,&quot;speed&quot;:500}\" data-widget_type=\"image-carousel.default\">\n\t\t\t\t<div class=\"elementor-widget-container\">\n\t\t\t\t\t\t\t<div class=\"elementor-image-carousel-wrapper swiper\" role=\"region\" aria-roledescription=\"carousel\" aria-label=\"Image Carousel\" dir=\"ltr\">\n\t\t\t<div class=\"elementor-image-carousel swiper-wrapper\" aria-live=\"off\">\n\t\t\t\t\t\t\t\t<div class=\"swiper-slide\" role=\"group\" aria-roledescription=\"slide\" aria-label=\"1 von 3\"><a data-elementor-open-lightbox=\"yes\" data-elementor-lightbox-slideshow=\"2454543\" data-elementor-lightbox-title=\"KS5186921787.258 (1)\" data-e-action-hash=\"#elementor-action%3Aaction%3Dlightbox%26settings%3DeyJpZCI6MzAwOCwidXJsIjoiaHR0cHM6XC9cL3d3dy5nZXJsYWNoLW1hY2hpbmVyeS5jb21cL3dwLWNvbnRlbnRcL3VwbG9hZHNcLzIwMjFcLzExXC9LUzUxODY5MjE3ODcuMjU4LTEtZTE2MzcwODU3MzkzNDMucG5nIiwic2xpZGVzaG93IjoiMjQ1NDU0MyJ9\" href=\"https:\/\/www.gerlach-machinery.com\/wp-content\/uploads\/2021\/11\/KS5186921787.258-1-e1637085739343.png\"><figure class=\"swiper-slide-inner\"><img decoding=\"async\" class=\"swiper-slide-image\" src=\"https:\/\/www.gerlach-machinery.com\/wp-content\/uploads\/2021\/11\/KS5186921787.258-1-150x150.png\" alt=\"KS5186921787.258 (1)\" \/><\/figure><\/a><\/div><div class=\"swiper-slide\" role=\"group\" aria-roledescription=\"slide\" aria-label=\"2 von 3\"><a data-elementor-open-lightbox=\"yes\" data-elementor-lightbox-slideshow=\"2454543\" data-elementor-lightbox-title=\"KS5186921787.261\" data-e-action-hash=\"#elementor-action%3Aaction%3Dlightbox%26settings%3DeyJpZCI6MzAwMiwidXJsIjoiaHR0cHM6XC9cL3d3dy5nZXJsYWNoLW1hY2hpbmVyeS5jb21cL3dwLWNvbnRlbnRcL3VwbG9hZHNcLzIwMjFcLzExXC9LUzUxODY5MjE3ODcuMjYxLnBuZyIsInNsaWRlc2hvdyI6IjI0NTQ1NDMifQ%3D%3D\" href=\"https:\/\/www.gerlach-machinery.com\/wp-content\/uploads\/2021\/11\/KS5186921787.261.png\"><figure class=\"swiper-slide-inner\"><img decoding=\"async\" class=\"swiper-slide-image\" src=\"https:\/\/www.gerlach-machinery.com\/wp-content\/uploads\/2021\/11\/KS5186921787.261-150x150.png\" alt=\"KS5186921787.261\" \/><\/figure><\/a><\/div><div class=\"swiper-slide\" role=\"group\" aria-roledescription=\"slide\" aria-label=\"3 von 3\"><a data-elementor-open-lightbox=\"yes\" data-elementor-lightbox-slideshow=\"2454543\" data-elementor-lightbox-title=\"KS5186921787.257\" data-e-action-hash=\"#elementor-action%3Aaction%3Dlightbox%26settings%3DeyJpZCI6MzAwMCwidXJsIjoiaHR0cHM6XC9cL3d3dy5nZXJsYWNoLW1hY2hpbmVyeS5jb21cL3dwLWNvbnRlbnRcL3VwbG9hZHNcLzIwMjFcLzExXC9LUzUxODY5MjE3ODcuMjU3LnBuZyIsInNsaWRlc2hvdyI6IjI0NTQ1NDMifQ%3D%3D\" href=\"https:\/\/www.gerlach-machinery.com\/wp-content\/uploads\/2021\/11\/KS5186921787.257.png\"><figure class=\"swiper-slide-inner\"><img decoding=\"async\" class=\"swiper-slide-image\" src=\"https:\/\/www.gerlach-machinery.com\/wp-content\/uploads\/2021\/11\/KS5186921787.257-150x150.png\" alt=\"KS5186921787.257\" \/><\/figure><\/a><\/div>\t\t\t<\/div>\n\t\t\t\t\t\t\t\t\t\t\t\t<div class=\"elementor-swiper-button elementor-swiper-button-prev\" role=\"button\" tabindex=\"0\">\n\t\t\t\t\t\t<i aria-hidden=\"true\" class=\"eicon-chevron-left\"><\/i>\t\t\t\t\t<\/div>\n\t\t\t\t\t<div class=\"elementor-swiper-button elementor-swiper-button-next\" role=\"button\" tabindex=\"0\">\n\t\t\t\t\t\t<i aria-hidden=\"true\" class=\"eicon-chevron-right\"><\/i>\t\t\t\t\t<\/div>\n\t\t\t\t\n\t\t\t\t\t\t\t\t\t<div class=\"swiper-pagination\"><\/div>\n\t\t\t\t\t\t\t\t\t<\/div>\n\t\t\t\t\t\t<\/div>\n\t\t\t\t<\/div>\n\t\t\t\t\t<\/div>\n\t\t<\/div>\n\t\t\t\t\t<\/div>\n\t\t<\/section>\n\t\t\t\t<section data-particle_enable=\"false\" data-particle-mobile-disabled=\"false\" class=\"elementor-section elementor-top-section elementor-element elementor-element-29baa35 elementor-section-boxed elementor-section-height-default elementor-section-height-default\" data-id=\"29baa35\" data-element_type=\"section\">\n\t\t\t\t\t\t<div class=\"elementor-container elementor-column-gap-default\">\n\t\t\t\t\t<div class=\"elementor-column elementor-col-100 elementor-top-column elementor-element elementor-element-2aeb701\" data-id=\"2aeb701\" data-element_type=\"column\">\n\t\t\t<div class=\"elementor-widget-wrap elementor-element-populated\">\n\t\t\t\t\t\t<div class=\"elementor-element elementor-element-dc559f2 elementor-widget elementor-widget-text-editor\" data-id=\"dc559f2\" data-element_type=\"widget\" data-widget_type=\"text-editor.default\">\n\t\t\t\t<div class=\"elementor-widget-container\">\n\t\t\t\t\t\t\t\t\t<a class=\"btn btn-default pull-left\" href=\"https:\/\/www.gerlach-machinery.com\/de\/anfrageportal\/?source=UHF-Box-205\" target=\"_blank\" rel=\"noopener\">Datenblatt anfordern<\/a>\t\t\t\t\t\t\t\t<\/div>\n\t\t\t\t<\/div>\n\t\t\t\t\t<\/div>\n\t\t<\/div>\n\t\t\t\t\t<\/div>\n\t\t<\/section>\n\t\t\t\t<\/div>\n\t\t","protected":false},"excerpt":{"rendered":"<p>Die UHF-Box 205. Die richtungsweisende Erg\u00e4nzung zu bestehenden Vulkanisations- und Produktionslinien. Die UHF Box 205 ist der gr\u00f6\u00dfere Geschwisterteil des UHF-Moduls 201. Die Box ist mit 2 UHF-Einheiten mit 3 kW Leistung ausgestattet und verf\u00fcgt \u00fcber einige unglaubliche Funktionen. Obwohl sie das Geschwistermodell des UHF-Moduls 201 ist, ist sie weit mehr als nur eine Kopie [&hellip;]<\/p>\n","protected":false},"author":4,"featured_media":3002,"parent":439,"menu_order":113,"comment_status":"closed","ping_status":"closed","template":"tpl-produkt.php","meta":{"_acf_changed":false,"footnotes":""},"yst_prominent_words":[260],"class_list":["post-3022","page","type-page","status-publish","has-post-thumbnail","hentry"],"acf":[],"_links":{"self":[{"href":"https:\/\/www.gerlach-machinery.com\/de\/wp-json\/wp\/v2\/pages\/3022","targetHints":{"allow":["GET"]}}],"collection":[{"href":"https:\/\/www.gerlach-machinery.com\/de\/wp-json\/wp\/v2\/pages"}],"about":[{"href":"https:\/\/www.gerlach-machinery.com\/de\/wp-json\/wp\/v2\/types\/page"}],"author":[{"embeddable":true,"href":"https:\/\/www.gerlach-machinery.com\/de\/wp-json\/wp\/v2\/users\/4"}],"replies":[{"embeddable":true,"href":"https:\/\/www.gerlach-machinery.com\/de\/wp-json\/wp\/v2\/comments?post=3022"}],"version-history":[{"count":25,"href":"https:\/\/www.gerlach-machinery.com\/de\/wp-json\/wp\/v2\/pages\/3022\/revisions"}],"predecessor-version":[{"id":4633,"href":"https:\/\/www.gerlach-machinery.com\/de\/wp-json\/wp\/v2\/pages\/3022\/revisions\/4633"}],"up":[{"embeddable":true,"href":"https:\/\/www.gerlach-machinery.com\/de\/wp-json\/wp\/v2\/pages\/439"}],"wp:featuredmedia":[{"embeddable":true,"href":"https:\/\/www.gerlach-machinery.com\/de\/wp-json\/wp\/v2\/media\/3002"}],"wp:attachment":[{"href":"https:\/\/www.gerlach-machinery.com\/de\/wp-json\/wp\/v2\/media?parent=3022"}],"wp:term":[{"taxonomy":"yst_prominent_words","embeddable":true,"href":"https:\/\/www.gerlach-machinery.com\/de\/wp-json\/wp\/v2\/yst_prominent_words?post=3022"}],"curies":[{"name":"wp","href":"https:\/\/api.w.org\/{rel}","templated":true}]}}