{"id":2880,"date":"2021-09-07T15:26:38","date_gmt":"2021-09-07T13:26:38","guid":{"rendered":"https:\/\/www.gerlach-machinery.com\/?page_id=2880"},"modified":"2025-07-12T17:09:54","modified_gmt":"2025-07-12T15:09:54","slug":"uhf-modul-201","status":"publish","type":"page","link":"https:\/\/www.gerlach-machinery.com\/de\/produkte\/mikrowellenkanaele\/uhf-modul-201\/","title":{"rendered":"UHF-Modul 201"},"content":{"rendered":"\t\t<div data-elementor-type=\"wp-page\" data-elementor-id=\"2880\" class=\"elementor elementor-2880 elementor-2844\" data-elementor-post-type=\"page\">\n\t\t\t\t\t\t<section data-particle_enable=\"false\" data-particle-mobile-disabled=\"false\" class=\"elementor-section elementor-top-section elementor-element elementor-element-116da89e elementor-section-boxed elementor-section-height-default elementor-section-height-default\" data-id=\"116da89e\" data-element_type=\"section\">\n\t\t\t\t\t\t<div class=\"elementor-container elementor-column-gap-default\">\n\t\t\t\t\t<div class=\"elementor-column elementor-col-100 elementor-top-column elementor-element elementor-element-694b5b8c\" data-id=\"694b5b8c\" data-element_type=\"column\">\n\t\t\t<div class=\"elementor-widget-wrap elementor-element-populated\">\n\t\t\t\t\t\t<div class=\"elementor-element elementor-element-2245fb45 elementor-widget elementor-widget-text-editor\" data-id=\"2245fb45\" data-element_type=\"widget\" data-widget_type=\"text-editor.default\">\n\t\t\t\t<div class=\"elementor-widget-container\">\n\t\t\t\t\t\t\t\t\t<h3>Das UHF-Modul 201 bietet eine neue Dimension der Mikrowellenvernetzung von Elastomeren.<\/h3><h3>\u00a0<\/h3><h1><strong>Modular<\/strong><\/h1><p>Das UHF-Modul bietet hohe Flexibilit\u00e4t und kann \u00fcberall dort eingesetzt werden, wo eine leistungsstarke\u00a0<span style=\"font-family: var( --e-global-typography-text-font-family ), Sans-serif; font-weight: var( --e-global-typography-text-font-weight );\">Mikrowelle im Vulkanisationsprozess ben\u00f6tigt wird.<\/span><\/p><p>Das UHF-Modul ist autark, durch die kompakte und mobile Bauform mit einem integrierten Schaltschank ist die\u00a0<span style=\"font-family: var( --e-global-typography-text-font-family ), Sans-serif; font-weight: var( --e-global-typography-text-font-weight );\">Einheit jederzeit einsatzbereit. Ob als Einzeleinheit, oder im Verbund.<\/span><\/p><p>Heute am Anfang der Linie 2, morgen am Ende der Vulkanisationslinie 11, um einem Profil dort den letzten Kick\u00a0<span style=\"font-family: var( --e-global-typography-text-font-family ), Sans-serif; font-weight: var( --e-global-typography-text-font-weight );\">zu geben. Das ist bei der mobilen Version dank des modularen Aufbaus und des integrierten Schaltschranks\u00a0<\/span><span style=\"font-family: var( --e-global-typography-text-font-family ), Sans-serif; font-weight: var( --e-global-typography-text-font-weight );\">keine gro\u00dfe Sache. Alles, was Sie dazu machen m\u00fcssen, ist es, das Modul vom Stromnetz zu trennen und wieder\u00a0<\/span><span style=\"font-family: var( --e-global-typography-text-font-family ), Sans-serif; font-weight: var( --e-global-typography-text-font-weight );\">zu verbinden &#8211; und nat\u00fcrlich das Modul dorthin zu bewegen, wo Sie es ben\u00f6tigen.<\/span><\/p><p>Die \u00fcbergeordnete Kommunikation erm\u00f6glicht es, Module zu einer gro\u00dfen Anlage zu vereinen und zentral \u00fcber\u00a0<span style=\"font-family: var( --e-global-typography-text-font-family ), Sans-serif; font-weight: var( --e-global-typography-text-font-weight );\">ein Display zu steuern.<\/span><\/p><p>Jedes Modul ist nachtr\u00e4glich erweiterbar und kompatibel zu allen anderen Modellen der 200-er Serie\u00a0<\/p>\t\t\t\t\t\t\t\t<\/div>\n\t\t\t\t<\/div>\n\t\t\t\t<div class=\"elementor-element elementor-element-142bda4 elementor-widget elementor-widget-text-editor\" data-id=\"142bda4\" data-element_type=\"widget\" data-widget_type=\"text-editor.default\">\n\t\t\t\t<div class=\"elementor-widget-container\">\n\t\t\t\t\t\t\t\t\t<h3><span style=\"font-size: 34px;\"><b>Effizient<\/b><\/span><\/h3><p>Im UHF-Modul kommt die neuartige Gef\u00fchrte-Welle-Technologie zum Einsatz. Durch die Fokussierung der\u00a0<span style=\"font-family: var( --e-global-typography-text-font-family ), Sans-serif; font-weight: var( --e-global-typography-text-font-weight );\">Mikrowellenstrahlung k\u00f6nnen selbst schwach polare Mischungen effizient erw\u00e4rmt werden.<\/span><\/p><p>Kombinieren Sie unterschiedliche Ger\u00e4teklassen von 500 Watt bis 6KW und setzen Sie die Energiemenge gezielt\u00a0<span style=\"font-family: var( --e-global-typography-text-font-family ), Sans-serif; font-weight: var( --e-global-typography-text-font-weight );\">da ein, wo Ihr Produkt es verlangt.<\/span><\/p><p>Erzielen Sie h\u00f6here Produktionsgeschwindigkeiten und reagieren Sie flexibel auf Produktwechsel ohne Energie<span style=\"font-family: var( --e-global-typography-text-font-family ), Sans-serif; font-weight: var( --e-global-typography-text-font-weight );\">verschwendung.<\/span><\/p>\t\t\t\t\t\t\t\t<\/div>\n\t\t\t\t<\/div>\n\t\t\t\t<div class=\"elementor-element elementor-element-73e6e15 elementor-widget elementor-widget-text-editor\" data-id=\"73e6e15\" data-element_type=\"widget\" data-widget_type=\"text-editor.default\">\n\t\t\t\t<div class=\"elementor-widget-container\">\n\t\t\t\t\t\t\t\t\t<h3><span style=\"font-size: 34px;\"><b>Einzigartig<\/b><\/span><\/h3><p>Diese Maschinenserie ist einzigartig und bietet neue und flexible Einsatzm\u00f6glichkeiten. Kleine, kompakte\u00a0<span style=\"font-family: var( --e-global-typography-text-font-family ), Sans-serif; font-weight: var( --e-global-typography-text-font-weight );\">Einzelmodule unterschiedlicher Energieformen werden so zu Ihrer individuellen Vernetzungseinheit.<\/span><\/p><p>Nie gab es eine kompaktere Bauform einer Mikrowelleneinheit f\u00fcr die Vernetzung von Elastomeren. In der\u00a0<span style=\"font-family: var( --e-global-typography-text-font-family ), Sans-serif; font-weight: var( --e-global-typography-text-font-weight );\">Standardversion ausgestattet mit einer 2 kW UHF-Einheit mit neuester Isolatortechnik und einer Spiegelebene.<\/span><\/p><p>Dabei ben\u00f6tigt es eine Standfl\u00e4che von unter einem 1 m\u00b2.\u00a0<span style=\"font-family: var( --e-global-typography-text-font-family ), Sans-serif; font-weight: var( --e-global-typography-text-font-weight );\">Optional k\u00f6nnen weitere Funktionen wie H\u00f6henverstellung, zus\u00e4tzliche Spiegelebenen etc. ausgew\u00e4hlt werden.<\/span><\/p><p>Eine optionale W\u00e4rmebildkamera erm\u00f6glicht die kontinuierliche Temperaturkontrolle des Profils im\u00a0<span style=\"font-family: var( --e-global-typography-text-font-family ), Sans-serif; font-weight: var( --e-global-typography-text-font-weight );\">Produktionsprozess. Hiermit ist es erstmalig m\u00f6glich, eine Mikrowelle \u00fcber Zieltemperaturen zu regeln und ihr\u00a0<\/span><span style=\"font-family: var( --e-global-typography-text-font-family ), Sans-serif; font-weight: var( --e-global-typography-text-font-weight );\">Produkt damit bestm\u00f6glich zu kontrollieren.<\/span><\/p>\t\t\t\t\t\t\t\t<\/div>\n\t\t\t\t<\/div>\n\t\t\t\t<div class=\"elementor-element elementor-element-2454543 elementor-arrows-position-inside elementor-pagination-position-outside elementor-widget elementor-widget-image-carousel\" data-id=\"2454543\" data-element_type=\"widget\" data-settings=\"{&quot;slides_to_show&quot;:&quot;2&quot;,&quot;navigation&quot;:&quot;both&quot;,&quot;autoplay&quot;:&quot;yes&quot;,&quot;pause_on_hover&quot;:&quot;yes&quot;,&quot;pause_on_interaction&quot;:&quot;yes&quot;,&quot;autoplay_speed&quot;:5000,&quot;infinite&quot;:&quot;yes&quot;,&quot;speed&quot;:500}\" data-widget_type=\"image-carousel.default\">\n\t\t\t\t<div class=\"elementor-widget-container\">\n\t\t\t\t\t\t\t<div class=\"elementor-image-carousel-wrapper swiper\" role=\"region\" aria-roledescription=\"carousel\" aria-label=\"Image Carousel\" dir=\"ltr\">\n\t\t\t<div class=\"elementor-image-carousel swiper-wrapper\" aria-live=\"off\">\n\t\t\t\t\t\t\t\t<div class=\"swiper-slide\" role=\"group\" aria-roledescription=\"slide\" aria-label=\"1 von 4\"><a data-elementor-open-lightbox=\"yes\" data-elementor-lightbox-slideshow=\"2454543\" data-elementor-lightbox-title=\"KS2696120510.324\" data-e-action-hash=\"#elementor-action%3Aaction%3Dlightbox%26settings%3DeyJpZCI6Mjg2MSwidXJsIjoiaHR0cHM6XC9cL3d3dy5nZXJsYWNoLW1hY2hpbmVyeS5jb21cL3dwLWNvbnRlbnRcL3VwbG9hZHNcLzIwMjFcLzA5XC9LUzI2OTYxMjA1MTAuMzI0LnBuZyIsInNsaWRlc2hvdyI6IjI0NTQ1NDMifQ%3D%3D\" href=\"https:\/\/www.gerlach-machinery.com\/wp-content\/uploads\/2021\/09\/KS2696120510.324.png\"><figure class=\"swiper-slide-inner\"><img decoding=\"async\" class=\"swiper-slide-image\" src=\"https:\/\/www.gerlach-machinery.com\/wp-content\/uploads\/2021\/09\/KS2696120510.324-300x169.png\" alt=\"KS2696120510.324\" \/><\/figure><\/a><\/div><div class=\"swiper-slide\" role=\"group\" aria-roledescription=\"slide\" aria-label=\"2 von 4\"><a data-elementor-open-lightbox=\"yes\" data-elementor-lightbox-slideshow=\"2454543\" data-elementor-lightbox-title=\"KS2696120510.317\" data-e-action-hash=\"#elementor-action%3Aaction%3Dlightbox%26settings%3DeyJpZCI6Mjg1OSwidXJsIjoiaHR0cHM6XC9cL3d3dy5nZXJsYWNoLW1hY2hpbmVyeS5jb21cL3dwLWNvbnRlbnRcL3VwbG9hZHNcLzIwMjFcLzA5XC9LUzI2OTYxMjA1MTAuMzE3LWUxNjMxMDIwNjU3NDQ3LnBuZyIsInNsaWRlc2hvdyI6IjI0NTQ1NDMifQ%3D%3D\" href=\"https:\/\/www.gerlach-machinery.com\/wp-content\/uploads\/2021\/09\/KS2696120510.317-e1631020657447.png\"><figure class=\"swiper-slide-inner\"><img decoding=\"async\" class=\"swiper-slide-image\" src=\"https:\/\/www.gerlach-machinery.com\/wp-content\/uploads\/2021\/09\/KS2696120510.317-300x169.png\" alt=\"KS2696120510.317\" \/><\/figure><\/a><\/div><div class=\"swiper-slide\" role=\"group\" aria-roledescription=\"slide\" aria-label=\"3 von 4\"><a data-elementor-open-lightbox=\"yes\" data-elementor-lightbox-slideshow=\"2454543\" data-elementor-lightbox-title=\"KS2696120510.300\" data-e-action-hash=\"#elementor-action%3Aaction%3Dlightbox%26settings%3DeyJpZCI6Mjg1NywidXJsIjoiaHR0cHM6XC9cL3d3dy5nZXJsYWNoLW1hY2hpbmVyeS5jb21cL3dwLWNvbnRlbnRcL3VwbG9hZHNcLzIwMjFcLzA5XC9LUzI2OTYxMjA1MTAuMzAwLWUxNjMxMDIwNTg2NDQ2LnBuZyIsInNsaWRlc2hvdyI6IjI0NTQ1NDMifQ%3D%3D\" href=\"https:\/\/www.gerlach-machinery.com\/wp-content\/uploads\/2021\/09\/KS2696120510.300-e1631020586446.png\"><figure class=\"swiper-slide-inner\"><img decoding=\"async\" class=\"swiper-slide-image\" src=\"https:\/\/www.gerlach-machinery.com\/wp-content\/uploads\/2021\/09\/KS2696120510.300-300x169.png\" alt=\"KS2696120510.300\" \/><\/figure><\/a><\/div><div class=\"swiper-slide\" role=\"group\" aria-roledescription=\"slide\" aria-label=\"4 von 4\"><a data-elementor-open-lightbox=\"yes\" data-elementor-lightbox-slideshow=\"2454543\" data-elementor-lightbox-title=\"uhfmodulwidesc\" data-e-action-hash=\"#elementor-action%3Aaction%3Dlightbox%26settings%3DeyJpZCI6Mjg0NiwidXJsIjoiaHR0cHM6XC9cL3d3dy5nZXJsYWNoLW1hY2hpbmVyeS5jb21cL3dwLWNvbnRlbnRcL3VwbG9hZHNcLzIwMjFcLzA5XC91aGZtb2R1bHdpZGVzYy5qcGciLCJzbGlkZXNob3ciOiIyNDU0NTQzIn0%3D\" href=\"https:\/\/www.gerlach-machinery.com\/wp-content\/uploads\/2021\/09\/uhfmodulwidesc.jpg\"><figure class=\"swiper-slide-inner\"><img decoding=\"async\" class=\"swiper-slide-image\" src=\"https:\/\/www.gerlach-machinery.com\/wp-content\/uploads\/2021\/09\/uhfmodulwidesc-300x157.jpg\" alt=\"uhfmodulwidesc\" \/><\/figure><\/a><\/div>\t\t\t<\/div>\n\t\t\t\t\t\t\t\t\t\t\t\t<div class=\"elementor-swiper-button elementor-swiper-button-prev\" role=\"button\" tabindex=\"0\">\n\t\t\t\t\t\t<i aria-hidden=\"true\" class=\"eicon-chevron-left\"><\/i>\t\t\t\t\t<\/div>\n\t\t\t\t\t<div class=\"elementor-swiper-button elementor-swiper-button-next\" role=\"button\" tabindex=\"0\">\n\t\t\t\t\t\t<i aria-hidden=\"true\" class=\"eicon-chevron-right\"><\/i>\t\t\t\t\t<\/div>\n\t\t\t\t\n\t\t\t\t\t\t\t\t\t<div class=\"swiper-pagination\"><\/div>\n\t\t\t\t\t\t\t\t\t<\/div>\n\t\t\t\t\t\t<\/div>\n\t\t\t\t<\/div>\n\t\t\t\t\t<\/div>\n\t\t<\/div>\n\t\t\t\t\t<\/div>\n\t\t<\/section>\n\t\t\t\t<section data-particle_enable=\"false\" data-particle-mobile-disabled=\"false\" class=\"elementor-section elementor-top-section elementor-element elementor-element-5403c34 elementor-section-boxed elementor-section-height-default elementor-section-height-default\" data-id=\"5403c34\" data-element_type=\"section\">\n\t\t\t\t\t\t<div class=\"elementor-container elementor-column-gap-default\">\n\t\t\t\t\t<div class=\"elementor-column elementor-col-100 elementor-top-column elementor-element elementor-element-42463bb\" data-id=\"42463bb\" data-element_type=\"column\">\n\t\t\t<div class=\"elementor-widget-wrap elementor-element-populated\">\n\t\t\t\t\t\t<div class=\"elementor-element elementor-element-e8049cc elementor-widget elementor-widget-text-editor\" data-id=\"e8049cc\" data-element_type=\"widget\" data-widget_type=\"text-editor.default\">\n\t\t\t\t<div class=\"elementor-widget-container\">\n\t\t\t\t\t\t\t\t\t<a class=\"btn btn-default pull-left\" href=\"https:\/\/www.gerlach-machinery.com\/de\/anfrageportal\/?source=UHF-Modul-201\" target=\"_blank\" rel=\"noopener\">Datenblatt anfordern<\/a>\t\t\t\t\t\t\t\t<\/div>\n\t\t\t\t<\/div>\n\t\t\t\t\t<\/div>\n\t\t<\/div>\n\t\t\t\t\t<\/div>\n\t\t<\/section>\n\t\t\t\t<\/div>\n\t\t","protected":false},"excerpt":{"rendered":"<p>Das UHF-Modul 201 bietet eine neue Dimension der Mikrowellenvernetzung von Elastomeren. \u00a0 Modular Das UHF-Modul bietet hohe Flexibilit\u00e4t und kann \u00fcberall dort eingesetzt werden, wo eine leistungsstarke\u00a0Mikrowelle im Vulkanisationsprozess ben\u00f6tigt wird. Das UHF-Modul ist autark, durch die kompakte und mobile Bauform mit einem integrierten Schaltschank ist die\u00a0Einheit jederzeit einsatzbereit. Ob als Einzeleinheit, oder im Verbund. [&hellip;]<\/p>\n","protected":false},"author":4,"featured_media":2846,"parent":439,"menu_order":111,"comment_status":"closed","ping_status":"closed","template":"tpl-produkt.php","meta":{"_acf_changed":false,"footnotes":""},"yst_prominent_words":[557,272,260,259,282,285,559,638,454,266,451,258,434],"class_list":["post-2880","page","type-page","status-publish","has-post-thumbnail","hentry"],"acf":[],"_links":{"self":[{"href":"https:\/\/www.gerlach-machinery.com\/de\/wp-json\/wp\/v2\/pages\/2880","targetHints":{"allow":["GET"]}}],"collection":[{"href":"https:\/\/www.gerlach-machinery.com\/de\/wp-json\/wp\/v2\/pages"}],"about":[{"href":"https:\/\/www.gerlach-machinery.com\/de\/wp-json\/wp\/v2\/types\/page"}],"author":[{"embeddable":true,"href":"https:\/\/www.gerlach-machinery.com\/de\/wp-json\/wp\/v2\/users\/4"}],"replies":[{"embeddable":true,"href":"https:\/\/www.gerlach-machinery.com\/de\/wp-json\/wp\/v2\/comments?post=2880"}],"version-history":[{"count":15,"href":"https:\/\/www.gerlach-machinery.com\/de\/wp-json\/wp\/v2\/pages\/2880\/revisions"}],"predecessor-version":[{"id":4630,"href":"https:\/\/www.gerlach-machinery.com\/de\/wp-json\/wp\/v2\/pages\/2880\/revisions\/4630"}],"up":[{"embeddable":true,"href":"https:\/\/www.gerlach-machinery.com\/de\/wp-json\/wp\/v2\/pages\/439"}],"wp:featuredmedia":[{"embeddable":true,"href":"https:\/\/www.gerlach-machinery.com\/de\/wp-json\/wp\/v2\/media\/2846"}],"wp:attachment":[{"href":"https:\/\/www.gerlach-machinery.com\/de\/wp-json\/wp\/v2\/media?parent=2880"}],"wp:term":[{"taxonomy":"yst_prominent_words","embeddable":true,"href":"https:\/\/www.gerlach-machinery.com\/de\/wp-json\/wp\/v2\/yst_prominent_words?post=2880"}],"curies":[{"name":"wp","href":"https:\/\/api.w.org\/{rel}","templated":true}]}}