{"id":187,"date":"2017-02-09T17:09:11","date_gmt":"2017-02-09T16:09:11","guid":{"rendered":"http:\/\/gerlach-maschinen.de\/?page_id=187\/"},"modified":"2025-07-12T17:13:47","modified_gmt":"2025-07-12T15:13:47","slug":"rollaclean","status":"publish","type":"page","link":"https:\/\/www.gerlach-machinery.com\/de\/produkte\/ergaenzungsmaschinen\/rollaclean\/","title":{"rendered":"RollaClean"},"content":{"rendered":"<h1>RollaClean<\/h1>\n<p>Mit dem RollaClean bieten wir eine mobile Einheit f\u00fcr den schnellen Transportrollenreiniger ihrer Hei\u00dfluftvulkanisationsanlage. Als Tisch- oder Wandausf\u00fchrung bietet diese Einheit eine Produktionsnahe, zeitsparende und riefenfreie Reinigungsm\u00f6glichkeit.<\/p>\n<p>\u00dcber einen Schnellwechselabdapter kann der RollaClean schnell f\u00fcr die Aufnahme der g\u00e4ngigen Gerlach Transportrollen umger\u00fcstet werden.<\/p>\n<p><a class=\"btn btn-default pull-left\" href=\"https:\/\/www.gerlach-machinery.com\/de\/anfrageportal\/?source=RollaClean\" target=\"_blank\" rel=\"noopener\">Datenblatt anfordern<\/a><\/p>\n<p>&nbsp;<\/p>\n","protected":false},"excerpt":{"rendered":"<p>RollaClean Mit dem RollaClean bieten wir eine mobile Einheit f\u00fcr den schnellen Transportrollenreiniger ihrer Hei\u00dfluftvulkanisationsanlage. Als Tisch- oder Wandausf\u00fchrung bietet diese Einheit eine Produktionsnahe, zeitsparende und riefenfreie Reinigungsm\u00f6glichkeit. \u00dcber einen Schnellwechselabdapter kann der RollaClean schnell f\u00fcr die Aufnahme der g\u00e4ngigen Gerlach Transportrollen umger\u00fcstet werden. Datenblatt anfordern &nbsp;<\/p>\n","protected":false},"author":4,"featured_media":830,"parent":93,"menu_order":97,"comment_status":"closed","ping_status":"closed","template":"tpl-produkt.php","meta":{"_acf_changed":false,"footnotes":""},"yst_prominent_words":[260,285,115,74,35],"class_list":["post-187","page","type-page","status-publish","has-post-thumbnail","hentry"],"acf":[],"_links":{"self":[{"href":"https:\/\/www.gerlach-machinery.com\/de\/wp-json\/wp\/v2\/pages\/187","targetHints":{"allow":["GET"]}}],"collection":[{"href":"https:\/\/www.gerlach-machinery.com\/de\/wp-json\/wp\/v2\/pages"}],"about":[{"href":"https:\/\/www.gerlach-machinery.com\/de\/wp-json\/wp\/v2\/types\/page"}],"author":[{"embeddable":true,"href":"https:\/\/www.gerlach-machinery.com\/de\/wp-json\/wp\/v2\/users\/4"}],"replies":[{"embeddable":true,"href":"https:\/\/www.gerlach-machinery.com\/de\/wp-json\/wp\/v2\/comments?post=187"}],"version-history":[{"count":3,"href":"https:\/\/www.gerlach-machinery.com\/de\/wp-json\/wp\/v2\/pages\/187\/revisions"}],"predecessor-version":[{"id":4639,"href":"https:\/\/www.gerlach-machinery.com\/de\/wp-json\/wp\/v2\/pages\/187\/revisions\/4639"}],"up":[{"embeddable":true,"href":"https:\/\/www.gerlach-machinery.com\/de\/wp-json\/wp\/v2\/pages\/93"}],"wp:featuredmedia":[{"embeddable":true,"href":"https:\/\/www.gerlach-machinery.com\/de\/wp-json\/wp\/v2\/media\/830"}],"wp:attachment":[{"href":"https:\/\/www.gerlach-machinery.com\/de\/wp-json\/wp\/v2\/media?parent=187"}],"wp:term":[{"taxonomy":"yst_prominent_words","embeddable":true,"href":"https:\/\/www.gerlach-machinery.com\/de\/wp-json\/wp\/v2\/yst_prominent_words?post=187"}],"curies":[{"name":"wp","href":"https:\/\/api.w.org\/{rel}","templated":true}]}}