{"id":185,"date":"2017-02-09T17:04:18","date_gmt":"2017-02-09T16:04:18","guid":{"rendered":"http:\/\/gerlach-maschinen.de\/?page_id=185\/"},"modified":"2025-07-12T17:13:53","modified_gmt":"2025-07-12T15:13:53","slug":"abzugsgraupe-ba-400","status":"publish","type":"page","link":"https:\/\/www.gerlach-machinery.com\/de\/produkte\/ergaenzungsmaschinen\/abzugsgraupe-ba-400\/","title":{"rendered":"Abzugsraupe BA 400"},"content":{"rendered":"<h1><strong>Abzugsraupe BA 400<\/strong><\/h1>\n<p><strong>Kontinuierlicher Abzug von Profilen, Schl\u00e4uchen, Rohren und Kabeln<\/strong><br \/>\n<strong>Die Komplettl\u00f6sung, die keinen Wunsch offenl\u00e4sst!<\/strong><br \/>\n<strong>Der Gerlach Bandabzug BA 400<\/strong><\/p>\n<p>Mit dem Typ BA 400 pr\u00e4sentieren wir einen mobilen und flexiblen Band- und Raupenabzug mit synchroner Servotechnik, die einen extrem hohen Gleichlauf im gesamten Geschwindigkeitsbereich sicherstellt.<\/p>\n<div class=\"su-list\" style=\"margin-left:0px\">\n<ul>\n<li><i class=\"sui sui-minus\" style=\"color:#086b1b\"><\/i> Bandkontaktl\u00e4nge 400 mm<\/li>\n<li><i class=\"sui sui-minus\" style=\"color:#086b1b\"><\/i> Produkth\u00f6he 5 &#8211; 60 mm<\/li>\n<li><i class=\"sui sui-minus\" style=\"color:#086b1b\"><\/i> Produktbreite 5 &#8211; 140 mm<\/li>\n<li><i class=\"sui sui-minus\" style=\"color:#086b1b\"><\/i> Einlaufh\u00f6he \u2265 1.000 mm<\/li>\n<li><i class=\"sui sui-minus\" style=\"color:#086b1b\"><\/i> Transportbandbreite 150 mm<\/li>\n<li><i class=\"sui sui-minus\" style=\"color:#086b1b\"><\/i> Bandgeschwindigkeit 0 \u2013 60 m\/min.<\/li>\n<li><i class=\"sui sui-minus\" style=\"color:#086b1b\"><\/i> Abzugskraft bis 2000 N<\/li>\n<li><i class=\"sui sui-minus\" style=\"color:#086b1b\"><\/i> Maschinenma\u00dfe (LxBxH) 950 x 580 x 1400mm<\/li>\n<\/ul>\n<\/div>\n<p>&nbsp;<\/p>\n<h2><strong>SAFETY FIRST<\/strong><\/h2>\n<p>Wer kennt es nicht? H\u00e4ufig st\u00f6ren Sicherheitseinrichtungen an Maschinen den Bedienkomfort. Gerade bei Bandabz\u00fcgen sind h\u00e4ufig Eingriffsschutzeinrichtungen verbaut, die es dem Bediener erschweren, Material einzuf\u00e4deln. Getreu dem Motto \u201eNot macht Erfinderisch\u201c, behelfen sich Maschinenbediener bisweilen, in dem Schutzeinrichtungen r\u00fcckgebaut oder \u00fcberbr\u00fcckt werden. Dies alles f\u00fchrt zu nicht vertretbaren Sicherheitsrisiken.<\/p>\n<p>Diese Sicherheit und gleichzeitiger Bedienkomfort waren bei der Entwicklung des BA 400 zentrale Elemente. Deshalb wurde unsere Abzugsraupe rund um das Sicherheitskonzept entwickelt. So bietet der Bandabzug ein Sicherheitskonzept, das h\u00f6chste Sicherheit garantiert und die Bedienung nicht einschr\u00e4nkt.<\/p>\n<div class=\"su-row\"><div class=\"su-column su-column-size-1-2\"><div class=\"su-column-inner su-u-clearfix su-u-trim\">Sicherheits- und Schutzausr\u00fcstungen sind nicht st\u00f6rend, sondern in die Funktionalit\u00e4t und in den Bedienkomfort eingearbeitet.<\/p>\n<p>Besonderen Bedienkomfort bietet die automatische Andruck\u00fcberwachung. Nach Vorgabe der Sollgeschwindigkeit und \u00fcber die Bet\u00e4tigung des \u201eGreen-Button\u201c (Abb. 1) startet der Profilabzug automatisch, weitere Ma\u00dfnahmen sind durch den Bediener nicht erforderlich. <\/div><\/div><div class=\"su-column su-column-size-1-2\"><div class=\"su-column-inner su-u-clearfix su-u-trim\"><img fetchpriority=\"high\" decoding=\"async\" class=\"alignnone wp-image-2754\" src=\"https:\/\/www.gerlach-machinery.com\/wp-content\/uploads\/2021\/02\/20140528_170817-min-225x300.jpg\" alt=\"\" width=\"234\" height=\"312\" srcset=\"https:\/\/www.gerlach-machinery.com\/wp-content\/uploads\/2021\/02\/20140528_170817-min-225x300.jpg 225w, https:\/\/www.gerlach-machinery.com\/wp-content\/uploads\/2021\/02\/20140528_170817-min-768x1024.jpg 768w, https:\/\/www.gerlach-machinery.com\/wp-content\/uploads\/2021\/02\/20140528_170817-min-1152x1536.jpg 1152w, https:\/\/www.gerlach-machinery.com\/wp-content\/uploads\/2021\/02\/20140528_170817-min-1536x2048.jpg 1536w, https:\/\/www.gerlach-machinery.com\/wp-content\/uploads\/2021\/02\/20140528_170817-min-scaled.jpg 1920w\" sizes=\"(max-width: 234px) 100vw, 234px\" \/><br \/>\nAbb. 1<\/div><\/div><\/div>Charakteristisch f\u00fcr die Gerlach Abzugsraupe ist die automatische Andruck\u00fcberwachung, wonach das extrudierte Material nicht unkontrolliert zusammengedr\u00fcckt wird, was zu bleibenden Materialsch\u00e4den und Deformationen am Produkt f\u00fchrten kann. Sobald die erforderliche Friktion zwischen dem Oberband, dem Unterband und dem Produkt erreicht wurde, startet der kontinuierlicher Profilabzug mit einer minimalen erforderlichen Anpresskraft, die kontinuierlich \u00fcberwacht wird.<\/p>\n<p>In der Standardausf\u00fchrung k\u00f6nnen Extrudath\u00f6hen bis 60mm verarbeitet werden, alternative Materialdimensionen sind nach Kundenwunsch selbstverst\u00e4ndlich realisierbar.<\/p>\n<p>Ein dauerhafter Materialstress, verursacht durch eine Extrudatdeformation und hohe Zugkr\u00e4fte und die nachgelagerte Materialschrumpfung, sind ein bekanntes Problem in der Qualit\u00e4tssicherung. Die Gerlach Abzugsraupe bietet ein besonderes Highlight, diesem Problem entgegen zu wirken. Die Maschine ist mit \u201eForce-Control\u201c Funktion ausgestattet. Mit \u201eForce-Control\u201c k\u00f6nnen Sie permanent die Abzugskraft messen und die Abzugsgeschwindigkeit regeln.<br \/>\nIn kontinuierlichen Extrusionsprozessen ist die Sicherstellung der Materialfortbewegung und des Abtransports ein wesentlicher Bestandteil in Produktionslinien.<\/p>\n<p>Selbstverst\u00e4ndlich wird die Funktion der kontinuierlichen Materialfortbewegung in viele Maschine integriert. Dennoch: ohne einen Spezialisten, der ausschlie\u00dflich diese Aufgabe sicherstellt, geht es nicht! Gemeint ist die Abzugsraupe!<br \/>\nDie Anforderungen an die Maschine resultieren aus dem Produktionsprozess, der Produktqualit\u00e4t und der Interaktion zwischen dem Menschen und Maschine sowie dem Anspruch, h\u00f6chste Sicherheitsstandards zu ber\u00fccksichtigen.<br \/>\nDer Gerlach Bandabzug setzt neue Ma\u00dfst\u00e4be in dem kontinuierlichen Abziehen von Profilen, Schl\u00e4uchen, Rohren oder Kabeln.<\/p>\n<h2><strong>Ausstattungsmerkmale<\/strong><\/h2>\n<p>Neben den genannten Highlights bieten der Bandabzug weitere Ausstattungsmerkmale wie:<\/p>\n<div class=\"su-row\"><div class=\"su-column su-column-size-1-2\"><div class=\"su-column-inner su-u-clearfix su-u-trim\">\n<div class=\"su-list\" style=\"margin-left:0px\">\n<ul>\n<li><i class=\"sui sui-minus\" style=\"color:#086b1b\"><\/i> mobile Maschinenausf\u00fchrung mit versenkbaren Stellf\u00fc\u00dfen (Abb. 2)<\/li>\n<li><i class=\"sui sui-minus\" style=\"color:#086b1b\"><\/i> automatischer Anschlusskabel- Aufwickler<\/li>\n<li><i class=\"sui sui-minus\" style=\"color:#086b1b\"><\/i> Regelung der Abzugsgeschwindigkeit \u00fcber eine integrierte Schleifensteuerung<\/li>\n<li><i class=\"sui sui-minus\" style=\"color:#086b1b\"><\/i> Frei w\u00e4hlbarer Links- oder Rechtslauf<\/li>\n<li><i class=\"sui sui-minus\" style=\"color:#086b1b\"><\/i> Eingriffsschutz\u00fcberwachung<\/li>\n<li><i class=\"sui sui-minus\" style=\"color:#086b1b\"><\/i> integrierte Liniensteuerung und Rezepturverwaltung<\/li>\n<li><i class=\"sui sui-minus\" style=\"color:#086b1b\"><\/i> automatische Schlupfkompensation und Schlaufenausgleich<\/li>\n<li><i class=\"sui sui-minus\" style=\"color:#086b1b\"><\/i> Fehlerdiagnose<\/li>\n<li><i class=\"sui sui-minus\" style=\"color:#086b1b\"><\/i> akustisches und visuelles Maschinenzustandssignal<\/li>\n<li><i class=\"sui sui-minus\" style=\"color:#086b1b\"><\/i> Touch-Display<\/li>\n<li><i class=\"sui sui-minus\" style=\"color:#086b1b\"><\/i> Schaltschrankklimatisierung als Option<\/li>\n<\/ul>\n<\/div>\n<\/div><\/div> <div class=\"su-column su-column-size-1-2\"><div class=\"su-column-inner su-u-clearfix su-u-trim\"><img decoding=\"async\" class=\"wp-image-2758 alignnone\" src=\"https:\/\/www.gerlach-machinery.com\/wp-content\/uploads\/2021\/02\/20140528_170934-min-225x300.jpg\" alt=\"\" width=\"202\" height=\"270\" srcset=\"https:\/\/www.gerlach-machinery.com\/wp-content\/uploads\/2021\/02\/20140528_170934-min-225x300.jpg 225w, https:\/\/www.gerlach-machinery.com\/wp-content\/uploads\/2021\/02\/20140528_170934-min-768x1024.jpg 768w, https:\/\/www.gerlach-machinery.com\/wp-content\/uploads\/2021\/02\/20140528_170934-min-1152x1536.jpg 1152w, https:\/\/www.gerlach-machinery.com\/wp-content\/uploads\/2021\/02\/20140528_170934-min-1536x2048.jpg 1536w, https:\/\/www.gerlach-machinery.com\/wp-content\/uploads\/2021\/02\/20140528_170934-min-scaled.jpg 1920w\" sizes=\"(max-width: 202px) 100vw, 202px\" \/><br \/>\nAbb. 2<\/div><\/div><\/div>\n<p>&nbsp;<\/p>\n<h2><strong>Produktvideo<\/strong><\/h2>\n<div class=\"BorlabsCookie _brlbs-cb-youtube\"><div class=\"_brlbs-content-blocker\"> <div class=\"_brlbs-embed _brlbs-video-youtube\"> <img class=\"_brlbs-thumbnail\" src=\"https:\/\/www.gerlach-machinery.com\/wp-content\/plugins\/borlabs-cookie\/assets\/images\/cb-no-thumbnail.png\" alt=\"YouTube\"> <div class=\"_brlbs-caption\"> <p>Mit dem Laden des Videos akzeptieren Sie die Datenschutzerkl\u00e4rung von YouTube.<br><a href=\"https:\/\/policies.google.com\/privacy\" target=\"_blank\" rel=\"nofollow noopener noreferrer\">Mehr erfahren<\/a><\/p> <p><a class=\"_brlbs-btn _brlbs-icon-play-white\" href=\"#\" data-borlabs-cookie-unblock role=\"button\">Video laden<\/a><\/p> <p><label><input type=\"checkbox\" name=\"unblockAll\" value=\"1\" checked> <small>YouTube immer entsperren<\/small><\/label><\/p> <\/div> <\/div> <\/div><div class=\"borlabs-hide\" data-borlabs-cookie-type=\"content-blocker\" data-borlabs-cookie-id=\"youtube\"><script type=\"text\/template\">PHA+PGlmcmFtZSBzcmM9Imh0dHBzOi8vd3d3LnlvdXR1YmUtbm9jb29raWUuY29tL2VtYmVkL1R3cjhlMEEwRXRFP3JlbD0wJmFtcDtzaG93aW5mbz0wJmFtcDtjb250cm9scz0xIiB3aWR0aD0iNTYwIiBoZWlnaHQ9IjMxNSIgZnJhbWVib3JkZXI9IjAiIGFsbG93ZnVsbHNjcmVlbj0iYWxsb3dmdWxsc2NyZWVuIj48L2lmcmFtZT48L3A+<\/script><\/div><\/div>\n<p><a class=\"btn btn-default pull-left\" href=\"https:\/\/www.gerlach-machinery.com\/de\/anfrageportal\/?source=Abzugsraupe-BA-400\" target=\"_blank\" rel=\"noopener\">Datenblatt anfordern<\/a><\/p>\n<p>&nbsp;<\/p>\n","protected":false},"excerpt":{"rendered":"<p>Abzugsraupe BA 400 Kontinuierlicher Abzug von Profilen, Schl\u00e4uchen, Rohren und Kabeln Die Komplettl\u00f6sung, die keinen Wunsch offenl\u00e4sst! Der Gerlach Bandabzug BA 400 Mit dem Typ BA 400 pr\u00e4sentieren wir einen mobilen und flexiblen Band- und Raupenabzug mit synchroner Servotechnik, die einen extrem hohen Gleichlauf im gesamten Geschwindigkeitsbereich sicherstellt. &nbsp; SAFETY FIRST Wer kennt es nicht? [&hellip;]<\/p>\n","protected":false},"author":4,"featured_media":307,"parent":93,"menu_order":92,"comment_status":"closed","ping_status":"closed","template":"tpl-produkt.php","meta":{"_acf_changed":false,"footnotes":""},"yst_prominent_words":[780,448,663],"class_list":["post-185","page","type-page","status-publish","has-post-thumbnail","hentry"],"acf":[],"_links":{"self":[{"href":"https:\/\/www.gerlach-machinery.com\/de\/wp-json\/wp\/v2\/pages\/185","targetHints":{"allow":["GET"]}}],"collection":[{"href":"https:\/\/www.gerlach-machinery.com\/de\/wp-json\/wp\/v2\/pages"}],"about":[{"href":"https:\/\/www.gerlach-machinery.com\/de\/wp-json\/wp\/v2\/types\/page"}],"author":[{"embeddable":true,"href":"https:\/\/www.gerlach-machinery.com\/de\/wp-json\/wp\/v2\/users\/4"}],"replies":[{"embeddable":true,"href":"https:\/\/www.gerlach-machinery.com\/de\/wp-json\/wp\/v2\/comments?post=185"}],"version-history":[{"count":28,"href":"https:\/\/www.gerlach-machinery.com\/de\/wp-json\/wp\/v2\/pages\/185\/revisions"}],"predecessor-version":[{"id":4640,"href":"https:\/\/www.gerlach-machinery.com\/de\/wp-json\/wp\/v2\/pages\/185\/revisions\/4640"}],"up":[{"embeddable":true,"href":"https:\/\/www.gerlach-machinery.com\/de\/wp-json\/wp\/v2\/pages\/93"}],"wp:featuredmedia":[{"embeddable":true,"href":"https:\/\/www.gerlach-machinery.com\/de\/wp-json\/wp\/v2\/media\/307"}],"wp:attachment":[{"href":"https:\/\/www.gerlach-machinery.com\/de\/wp-json\/wp\/v2\/media?parent=185"}],"wp:term":[{"taxonomy":"yst_prominent_words","embeddable":true,"href":"https:\/\/www.gerlach-machinery.com\/de\/wp-json\/wp\/v2\/yst_prominent_words?post=185"}],"curies":[{"name":"wp","href":"https:\/\/api.w.org\/{rel}","templated":true}]}}