{"id":176,"date":"2017-02-09T16:53:40","date_gmt":"2017-02-09T15:53:40","guid":{"rendered":"http:\/\/gerlach-maschinen.de\/?page_id=176\/"},"modified":"2025-07-12T17:22:13","modified_gmt":"2025-07-12T15:22:13","slug":"kuehlkanal-typ-179","status":"publish","type":"page","link":"https:\/\/www.gerlach-machinery.com\/de\/produkte\/kuehlkanaele\/kuehlkanal-typ-179\/","title":{"rendered":"K\u00fchlkanal Typ K 179"},"content":{"rendered":"<h1>K\u00fchlkanal Typ K 179<\/h1>\n<p>Speziell entwickelte Schwalld\u00fcsen charakterisieren unseren K\u00fchlkanal vom Typ K179. Auch bei extrem verschmutztem und kalkhaltigem Wasser wird hier die K\u00fchlfunktion durch den permanenten Wasserfluss aufrecht gehalten. Zus\u00e4tzliche Stauungen erlauben das Tauchen des Profiles und garantieren so eine gute W\u00e4rmeableitung. Die angebauten Abblasstationen mit starren und flexiblen D\u00fcsensystemen lassen selbst bei komplizierten Profilen eine einwandfreie Trocknung zu.\u00a0Der Einsatz von W\u00e4rmetauschern f\u00fcr den Anschluss vorhandener K\u00fchlsysteme ist bei uns selbstverst\u00e4ndlich.<\/p>\n<p>&nbsp;<\/p>\n<h3>Maschinen Highlights<\/h3>\n<div class=\"page\" title=\"Page 1\">\n<div class=\"section\">\n<div class=\"layoutArea\">\n<div class=\"column\">\n<ul>\n<li>hohe Abk\u00fchlleistungen<\/li>\n<li>modularer Aufbau in 3 m Zonen<\/li>\n<li>schnelle, einfache Profildurchf\u00fchrung<\/li>\n<li>leistungsstarke Abblasstation zur Profiltrocknung<\/li>\n<li>Schwenkbare Maschinendeckel<\/li>\n<li>24 wartungsfreie Breitstrahld\u00fcsen je Zone<\/li>\n<\/ul>\n<p>&nbsp;<\/p>\n<\/div>\n<\/div>\n<\/div>\n<\/div>\n<p><a class=\"btn btn-default pull-left\" href=\"https:\/\/www.gerlach-machinery.com\/de\/anfrageportal\/?source=K\u00fchlkanal-Typ-K-179\" target=\"_blank\" rel=\"noopener\">Datenblatt anfordern<\/a><\/p>\n<p>&nbsp;<\/p>\n","protected":false},"excerpt":{"rendered":"<p>K\u00fchlkanal Typ K 179 Speziell entwickelte Schwalld\u00fcsen charakterisieren unseren K\u00fchlkanal vom Typ K179. Auch bei extrem verschmutztem und kalkhaltigem Wasser wird hier die K\u00fchlfunktion durch den permanenten Wasserfluss aufrecht gehalten. Zus\u00e4tzliche Stauungen erlauben das Tauchen des Profiles und garantieren so eine gute W\u00e4rmeableitung. Die angebauten Abblasstationen mit starren und flexiblen D\u00fcsensystemen lassen selbst bei komplizierten [&hellip;]<\/p>\n","protected":false},"author":4,"featured_media":36,"parent":94,"menu_order":82,"comment_status":"closed","ping_status":"closed","template":"tpl-produkt.php","meta":{"_acf_changed":false,"footnotes":""},"yst_prominent_words":[],"class_list":["post-176","page","type-page","status-publish","has-post-thumbnail","hentry"],"acf":[],"_links":{"self":[{"href":"https:\/\/www.gerlach-machinery.com\/de\/wp-json\/wp\/v2\/pages\/176","targetHints":{"allow":["GET"]}}],"collection":[{"href":"https:\/\/www.gerlach-machinery.com\/de\/wp-json\/wp\/v2\/pages"}],"about":[{"href":"https:\/\/www.gerlach-machinery.com\/de\/wp-json\/wp\/v2\/types\/page"}],"author":[{"embeddable":true,"href":"https:\/\/www.gerlach-machinery.com\/de\/wp-json\/wp\/v2\/users\/4"}],"replies":[{"embeddable":true,"href":"https:\/\/www.gerlach-machinery.com\/de\/wp-json\/wp\/v2\/comments?post=176"}],"version-history":[{"count":5,"href":"https:\/\/www.gerlach-machinery.com\/de\/wp-json\/wp\/v2\/pages\/176\/revisions"}],"predecessor-version":[{"id":4648,"href":"https:\/\/www.gerlach-machinery.com\/de\/wp-json\/wp\/v2\/pages\/176\/revisions\/4648"}],"up":[{"embeddable":true,"href":"https:\/\/www.gerlach-machinery.com\/de\/wp-json\/wp\/v2\/pages\/94"}],"wp:featuredmedia":[{"embeddable":true,"href":"https:\/\/www.gerlach-machinery.com\/de\/wp-json\/wp\/v2\/media\/36"}],"wp:attachment":[{"href":"https:\/\/www.gerlach-machinery.com\/de\/wp-json\/wp\/v2\/media?parent=176"}],"wp:term":[{"taxonomy":"yst_prominent_words","embeddable":true,"href":"https:\/\/www.gerlach-machinery.com\/de\/wp-json\/wp\/v2\/yst_prominent_words?post=176"}],"curies":[{"name":"wp","href":"https:\/\/api.w.org\/{rel}","templated":true}]}}