{"id":175,"date":"2017-02-09T16:51:51","date_gmt":"2017-02-09T15:51:51","guid":{"rendered":"http:\/\/gerlach-maschinen.de\/?page_id=175\/"},"modified":"2025-07-12T17:22:37","modified_gmt":"2025-07-12T15:22:37","slug":"kuehlkanal-typ-k-176","status":"publish","type":"page","link":"https:\/\/www.gerlach-machinery.com\/de\/produkte\/kuehlkanaele\/kuehlkanal-typ-k-176\/","title":{"rendered":"K\u00fchlkanal Typ K 176"},"content":{"rendered":"<h1>K\u00fchlkanal Typ K 176<\/h1>\n<p>Der K\u00fchlkanal Typ K 176 k\u00fchlt das Profil mit Hilfe von Feinstnebel. Durch die allseitige Spr\u00fchk\u00fchlung erreichen wir eine extrem hohe Ableitung der Profiltemperatur und erzielen so bestm\u00f6gliche K\u00fchleffekte.<\/p>\n<p>Filterungssysteme verhindern ein verstopfen der Spr\u00fchd\u00fcsen und garantieren so eine prozesssichere K\u00fchlfunktion.<\/p>\n<p><a class=\"btn btn-default pull-left\" href=\"https:\/\/www.gerlach-machinery.com\/de\/anfrageportal\/?source=K\u00fchlkanal-Typ-K-176\" target=\"_blank\" rel=\"noopener\">Datenblatt anfordern<\/a><\/p>\n<p>&nbsp;<\/p>\n","protected":false},"excerpt":{"rendered":"<p>K\u00fchlkanal Typ K 176 Der K\u00fchlkanal Typ K 176 k\u00fchlt das Profil mit Hilfe von Feinstnebel. Durch die allseitige Spr\u00fchk\u00fchlung erreichen wir eine extrem hohe Ableitung der Profiltemperatur und erzielen so bestm\u00f6gliche K\u00fchleffekte. Filterungssysteme verhindern ein verstopfen der Spr\u00fchd\u00fcsen und garantieren so eine prozesssichere K\u00fchlfunktion. Datenblatt anfordern &nbsp;<\/p>\n","protected":false},"author":4,"featured_media":305,"parent":94,"menu_order":80,"comment_status":"closed","ping_status":"closed","template":"tpl-produkt.php","meta":{"_acf_changed":false,"footnotes":""},"yst_prominent_words":[],"class_list":["post-175","page","type-page","status-publish","has-post-thumbnail","hentry"],"acf":[],"_links":{"self":[{"href":"https:\/\/www.gerlach-machinery.com\/de\/wp-json\/wp\/v2\/pages\/175","targetHints":{"allow":["GET"]}}],"collection":[{"href":"https:\/\/www.gerlach-machinery.com\/de\/wp-json\/wp\/v2\/pages"}],"about":[{"href":"https:\/\/www.gerlach-machinery.com\/de\/wp-json\/wp\/v2\/types\/page"}],"author":[{"embeddable":true,"href":"https:\/\/www.gerlach-machinery.com\/de\/wp-json\/wp\/v2\/users\/4"}],"replies":[{"embeddable":true,"href":"https:\/\/www.gerlach-machinery.com\/de\/wp-json\/wp\/v2\/comments?post=175"}],"version-history":[{"count":5,"href":"https:\/\/www.gerlach-machinery.com\/de\/wp-json\/wp\/v2\/pages\/175\/revisions"}],"predecessor-version":[{"id":4650,"href":"https:\/\/www.gerlach-machinery.com\/de\/wp-json\/wp\/v2\/pages\/175\/revisions\/4650"}],"up":[{"embeddable":true,"href":"https:\/\/www.gerlach-machinery.com\/de\/wp-json\/wp\/v2\/pages\/94"}],"wp:featuredmedia":[{"embeddable":true,"href":"https:\/\/www.gerlach-machinery.com\/de\/wp-json\/wp\/v2\/media\/305"}],"wp:attachment":[{"href":"https:\/\/www.gerlach-machinery.com\/de\/wp-json\/wp\/v2\/media?parent=175"}],"wp:term":[{"taxonomy":"yst_prominent_words","embeddable":true,"href":"https:\/\/www.gerlach-machinery.com\/de\/wp-json\/wp\/v2\/yst_prominent_words?post=175"}],"curies":[{"name":"wp","href":"https:\/\/api.w.org\/{rel}","templated":true}]}}