{"id":167,"date":"2017-02-09T16:48:17","date_gmt":"2017-02-09T15:48:17","guid":{"rendered":"http:\/\/gerlach-maschinen.de\/?page_id=167\/"},"modified":"2025-10-07T21:23:14","modified_gmt":"2025-10-07T19:23:14","slug":"heissluftkanal-hlk-106-hlk-114","status":"publish","type":"page","link":"https:\/\/www.gerlach-machinery.com\/de\/produkte\/heissluftkanaele\/heissluftkanal-hlk-106-hlk-114\/","title":{"rendered":"Hei\u00dfluftkanal HLK 106 \/ HLK 114"},"content":{"rendered":"<h1>Hei\u00dfluftkanal HLK 106 \/ HLK 114<\/h1>\n<p>Unser Dreibandkanal Typ HLK 106 \/ HLK 114 bietet Ihnen eine lange Vulkanisationsstrecke in kompakter Bauweise. Speziell f\u00fcr die Vulkanisation von flexiblen Profilen und Schl\u00e4uchen konzipiert bietet diese Anlagentechnik auf einer L\u00e4nge von nur 12 m eine Vulkanisationsl\u00e4nge von 60 m. Separat angetriebene Transportb\u00e4nder und die Option einer integrierten K\u00fchlstrecke machen diese Anlagentechnik flexibel einsetzbar.<\/p>\n<p>&nbsp;<\/p>\n<h3>Maschinen Highlights<\/h3>\n<div class=\"page\" title=\"Page 1\">\n<div class=\"section\">\n<div class=\"layoutArea\">\n<div class=\"column\">\n<ul>\n<li>Maschinenwirkl\u00e4ngen 9-21 m<\/li>\n<li>Erdgasbeheizung LNG\/LPG nach Euronorm<\/li>\n<li>Produktionsgeschwindigkeit bis 40 m\/min<\/li>\n<li>Temperaturen von 180 \u00b0C bis 340 \u00b0C einstellbar<\/li>\n<li>2 seitliche Visierklappen je 3 m Modul<\/li>\n<li>3 B\u00e4nder f\u00fcr die Hei\u00dfluftvulkanisation<\/li>\n<li>2 B\u00e4nder f\u00fcr die K\u00fchletage (HLK 114)<\/li>\n<li>Integrierter W\u00e4rmetauscher<\/li>\n<li>Flexibler Produktionseinsatz<\/li>\n<\/ul>\n<p>&nbsp;<\/p>\n<\/div>\n<\/div>\n<\/div>\n<\/div>\n<p><a class=\"btn btn-default pull-left\" href=\"https:\/\/www.gerlach-machinery.com\/de\/anfrageportal\/?source=Hei\u00dfluftkanal-HLK-106-HLK-114\" target=\"_blank\" rel=\"noopener\">Datenblatt anfordern<\/a><\/p>\n<p>&nbsp;<\/p>\n","protected":false},"excerpt":{"rendered":"<p>Hei\u00dfluftkanal HLK 106 \/ HLK 114 Unser Dreibandkanal Typ HLK 106 \/ HLK 114 bietet Ihnen eine lange Vulkanisationsstrecke in kompakter Bauweise. Speziell f\u00fcr die Vulkanisation von flexiblen Profilen und Schl\u00e4uchen konzipiert bietet diese Anlagentechnik auf einer L\u00e4nge von nur 12 m eine Vulkanisationsl\u00e4nge von 60 m. Separat angetriebene Transportb\u00e4nder und die Option einer integrierten [&hellip;]<\/p>\n","protected":false},"author":4,"featured_media":304,"parent":95,"menu_order":66,"comment_status":"closed","ping_status":"closed","template":"tpl-produkt.php","meta":{"_acf_changed":false,"footnotes":""},"yst_prominent_words":[488,560,535,288,533,529,557,484,259,558,532,285,559,74,262,534,531,530,265,258],"class_list":["post-167","page","type-page","status-publish","has-post-thumbnail","hentry"],"acf":[],"_links":{"self":[{"href":"https:\/\/www.gerlach-machinery.com\/de\/wp-json\/wp\/v2\/pages\/167","targetHints":{"allow":["GET"]}}],"collection":[{"href":"https:\/\/www.gerlach-machinery.com\/de\/wp-json\/wp\/v2\/pages"}],"about":[{"href":"https:\/\/www.gerlach-machinery.com\/de\/wp-json\/wp\/v2\/types\/page"}],"author":[{"embeddable":true,"href":"https:\/\/www.gerlach-machinery.com\/de\/wp-json\/wp\/v2\/users\/4"}],"replies":[{"embeddable":true,"href":"https:\/\/www.gerlach-machinery.com\/de\/wp-json\/wp\/v2\/comments?post=167"}],"version-history":[{"count":5,"href":"https:\/\/www.gerlach-machinery.com\/de\/wp-json\/wp\/v2\/pages\/167\/revisions"}],"predecessor-version":[{"id":4617,"href":"https:\/\/www.gerlach-machinery.com\/de\/wp-json\/wp\/v2\/pages\/167\/revisions\/4617"}],"up":[{"embeddable":true,"href":"https:\/\/www.gerlach-machinery.com\/de\/wp-json\/wp\/v2\/pages\/95"}],"wp:featuredmedia":[{"embeddable":true,"href":"https:\/\/www.gerlach-machinery.com\/de\/wp-json\/wp\/v2\/media\/304"}],"wp:attachment":[{"href":"https:\/\/www.gerlach-machinery.com\/de\/wp-json\/wp\/v2\/media?parent=167"}],"wp:term":[{"taxonomy":"yst_prominent_words","embeddable":true,"href":"https:\/\/www.gerlach-machinery.com\/de\/wp-json\/wp\/v2\/yst_prominent_words?post=167"}],"curies":[{"name":"wp","href":"https:\/\/api.w.org\/{rel}","templated":true}]}}