{"id":166,"date":"2017-02-09T16:46:07","date_gmt":"2017-02-09T15:46:07","guid":{"rendered":"http:\/\/gerlach-maschinen.de\/?page_id=166\/"},"modified":"2025-07-12T17:04:21","modified_gmt":"2025-07-12T15:04:21","slug":"heissluftkanal-hlk-110-hlk-109","status":"publish","type":"page","link":"https:\/\/www.gerlach-machinery.com\/de\/produkte\/heissluftkanaele\/heissluftkanal-hlk-110-hlk-109\/","title":{"rendered":"Hei\u00dfluftkanal HLK 110 (PCT) \/ HLK 109"},"content":{"rendered":"<h1>Hei\u00dfluftkanal HLK 110 (PCT) \/ HLK 109<\/h1>\n<p>Mit dem Maschinentyp HLK 110 \/HLK 109 bieten wir Ihnen eine modular aufgebaute Hei\u00dfluftvulkanisationsmaschine. Der Profiltransport wird \u00fcber temperaturbest\u00e4ndiges PTFE-B\u00e4nder oder Rollenbahnen gef\u00fchrt. Maschinenl\u00e4ngen von 6 \u2013 24 m sind ebenso realisierbar, wie die Adaption von Mikrowellen (UHF) Modulen oder der Einsatz von Infrarotstrahlern zur Lacktrocknung. Diverse Rezepturverwaltungsoptionen geh\u00f6ren zur Standardausstattung des Bedienerkonzepts.\u00a0Und das ganze kombiniert mit unserem energiesparenden Wirkprinzip mit optionaler Abluftreinigung (PCT).<\/p>\n<p>&nbsp;<\/p>\n<h3>Maschinen Highlights<\/h3>\n<div class=\"page\" title=\"Page 1\">\n<div class=\"section\">\n<div class=\"layoutArea\">\n<div class=\"column\">\n<ul>\n<li>Maschinenwirkl\u00e4ngen 6-24 m<\/li>\n<li>Erdgasbeheizung LNG\/LPG nach Euronorm<\/li>\n<li>Produktionsgeschwindigkeit bis 60 m\/min<\/li>\n<li>Temperaturen bis 340 \u00b0C einstellbar<\/li>\n<li>weitere Energiequellen integrierbar<\/li>\n<li>Typ HLK 110: separate Bandantriebs- und Spannstation Integrierte Abluftreinigung (PCT)<\/li>\n<\/ul>\n<p>&nbsp;<\/p>\n<\/div>\n<\/div>\n<\/div>\n<\/div>\n<p><a class=\"btn btn-default pull-left\" href=\"https:\/\/www.gerlach-machinery.com\/de\/anfrageportal\/?source=Hei\u00dfluftkanal-HLK-110-PCT-HLK-109\" target=\"_blank\" rel=\"noopener\">Datenblatt anfordern<\/a><\/p>\n<p>&nbsp;<\/p>\n","protected":false},"excerpt":{"rendered":"<p>Hei\u00dfluftkanal HLK 110 (PCT) \/ HLK 109 Mit dem Maschinentyp HLK 110 \/HLK 109 bieten wir Ihnen eine modular aufgebaute Hei\u00dfluftvulkanisationsmaschine. Der Profiltransport wird \u00fcber temperaturbest\u00e4ndiges PTFE-B\u00e4nder oder Rollenbahnen gef\u00fchrt. Maschinenl\u00e4ngen von 6 \u2013 24 m sind ebenso realisierbar, wie die Adaption von Mikrowellen (UHF) Modulen oder der Einsatz von Infrarotstrahlern zur Lacktrocknung. Diverse Rezepturverwaltungsoptionen [&hellip;]<\/p>\n","protected":false},"author":4,"featured_media":302,"parent":95,"menu_order":70,"comment_status":"closed","ping_status":"closed","template":"tpl-produkt.php","meta":{"_acf_changed":false,"footnotes":""},"yst_prominent_words":[484,260,534,286,490,46,265,258,304],"class_list":["post-166","page","type-page","status-publish","has-post-thumbnail","hentry"],"acf":[],"_links":{"self":[{"href":"https:\/\/www.gerlach-machinery.com\/de\/wp-json\/wp\/v2\/pages\/166","targetHints":{"allow":["GET"]}}],"collection":[{"href":"https:\/\/www.gerlach-machinery.com\/de\/wp-json\/wp\/v2\/pages"}],"about":[{"href":"https:\/\/www.gerlach-machinery.com\/de\/wp-json\/wp\/v2\/types\/page"}],"author":[{"embeddable":true,"href":"https:\/\/www.gerlach-machinery.com\/de\/wp-json\/wp\/v2\/users\/4"}],"replies":[{"embeddable":true,"href":"https:\/\/www.gerlach-machinery.com\/de\/wp-json\/wp\/v2\/comments?post=166"}],"version-history":[{"count":9,"href":"https:\/\/www.gerlach-machinery.com\/de\/wp-json\/wp\/v2\/pages\/166\/revisions"}],"predecessor-version":[{"id":4618,"href":"https:\/\/www.gerlach-machinery.com\/de\/wp-json\/wp\/v2\/pages\/166\/revisions\/4618"}],"up":[{"embeddable":true,"href":"https:\/\/www.gerlach-machinery.com\/de\/wp-json\/wp\/v2\/pages\/95"}],"wp:featuredmedia":[{"embeddable":true,"href":"https:\/\/www.gerlach-machinery.com\/de\/wp-json\/wp\/v2\/media\/302"}],"wp:attachment":[{"href":"https:\/\/www.gerlach-machinery.com\/de\/wp-json\/wp\/v2\/media?parent=166"}],"wp:term":[{"taxonomy":"yst_prominent_words","embeddable":true,"href":"https:\/\/www.gerlach-machinery.com\/de\/wp-json\/wp\/v2\/yst_prominent_words?post=166"}],"curies":[{"name":"wp","href":"https:\/\/api.w.org\/{rel}","templated":true}]}}