{"id":1400,"date":"2019-06-24T12:24:02","date_gmt":"2019-06-24T10:24:02","guid":{"rendered":"https:\/\/www.gerlach-machinery.com\/?page_id=1400"},"modified":"2019-08-14T13:38:31","modified_gmt":"2019-08-14T11:38:31","slug":"magazin","status":"publish","type":"page","link":"https:\/\/www.gerlach-machinery.com\/de\/magazin\/","title":{"rendered":"Magazin"},"content":{"rendered":"<h1>Magazin<\/h1>\n<p>Als international agierendes und weltweit vertretenes Unternehmen berichtet die Gerlach Maschinenbau GmbH stetig \u00fcber Aktuelles aus verschiedenen Branchenbereichen.<br \/>\nWir informieren Sie hier \u00fcber Neuerungen im Bereich der Hei\u00dfluftvulkanisation und entsprechender Produkte, neue Standorte weltweit oder neue Partnerfirmen. Auch unternehmensinterne Ereignisse und Messe-Ausstellungen auf internationalen Events sind spannende Themen \u2013 alle wichtigen Informationen der Maschinentechnik und deren (Weiter-)Entwicklung werden im Magazin f\u00fcr Sie thematisch aufgegriffen.<\/p>\n<p>Entdecken Sie hier die Vorteile der Produkte aus Herstellung im eigenen Produktionswerk wie Schockkan\u00e4le oder Gesamtanlagen. Lesen Sie relevante News der Branchen Automobil-, Industrie-, Hoch-, und Tiefbau.<br \/>\nErfahren Sie mehr \u00fcber die internationalen Netzwerke der kontinuierlichen Hei\u00dfluftvulkanisation von Gummiprofilen und besuchen Sie uns auf den weltweit stattfindenden Messen der Gummi- und Elastomer-Industrie.<\/p>\n","protected":false},"excerpt":{"rendered":"<p>Magazin Als international agierendes und weltweit vertretenes Unternehmen berichtet die Gerlach Maschinenbau GmbH stetig \u00fcber Aktuelles aus verschiedenen Branchenbereichen. Wir informieren Sie hier \u00fcber Neuerungen im Bereich der Hei\u00dfluftvulkanisation und entsprechender Produkte, neue Standorte weltweit oder neue Partnerfirmen. Auch unternehmensinterne Ereignisse und Messe-Ausstellungen auf internationalen Events sind spannende Themen \u2013 alle wichtigen Informationen der Maschinentechnik [&hellip;]<\/p>\n","protected":false},"author":4,"featured_media":0,"parent":0,"menu_order":106,"comment_status":"closed","ping_status":"closed","template":"tpl-uebersicht.php","meta":{"_acf_changed":false,"footnotes":""},"yst_prominent_words":[501,504,500,502,499],"class_list":["post-1400","page","type-page","status-publish","hentry"],"acf":[],"_links":{"self":[{"href":"https:\/\/www.gerlach-machinery.com\/de\/wp-json\/wp\/v2\/pages\/1400","targetHints":{"allow":["GET"]}}],"collection":[{"href":"https:\/\/www.gerlach-machinery.com\/de\/wp-json\/wp\/v2\/pages"}],"about":[{"href":"https:\/\/www.gerlach-machinery.com\/de\/wp-json\/wp\/v2\/types\/page"}],"author":[{"embeddable":true,"href":"https:\/\/www.gerlach-machinery.com\/de\/wp-json\/wp\/v2\/users\/4"}],"replies":[{"embeddable":true,"href":"https:\/\/www.gerlach-machinery.com\/de\/wp-json\/wp\/v2\/comments?post=1400"}],"version-history":[{"count":6,"href":"https:\/\/www.gerlach-machinery.com\/de\/wp-json\/wp\/v2\/pages\/1400\/revisions"}],"predecessor-version":[{"id":1562,"href":"https:\/\/www.gerlach-machinery.com\/de\/wp-json\/wp\/v2\/pages\/1400\/revisions\/1562"}],"wp:attachment":[{"href":"https:\/\/www.gerlach-machinery.com\/de\/wp-json\/wp\/v2\/media?parent=1400"}],"wp:term":[{"taxonomy":"yst_prominent_words","embeddable":true,"href":"https:\/\/www.gerlach-machinery.com\/de\/wp-json\/wp\/v2\/yst_prominent_words?post=1400"}],"curies":[{"name":"wp","href":"https:\/\/api.w.org\/{rel}","templated":true}]}}