{"id":13,"date":"2017-01-23T11:43:04","date_gmt":"2017-01-23T10:43:04","guid":{"rendered":"http:\/\/gerlach-maschinen.de\/?page_id=13\/"},"modified":"2020-01-08T08:12:17","modified_gmt":"2020-01-08T07:12:17","slug":"leistungen","status":"publish","type":"page","link":"https:\/\/www.gerlach-machinery.com\/de\/leistungen\/","title":{"rendered":"Leistungen"},"content":{"rendered":"<h1>Unsere Leistungsvielfalt<\/h1>\n<p>Gerlach Maschinenbau GmbH ist weltweiter Technologief\u00fchrer in der kontinuierlichen Hei\u00dfluftvulkanisation von Gummiprofilen. Seit \u00fcber 45 Jahren fertigen wir technologisch anspruchsvolle Anlagen in unserem Produktionswerk in der N\u00e4he von D\u00fcsseldorf.<\/p>\n<p>Angefangen von der Konzeption und Entwicklung bilden wir \u00fcber die Produktion hinaus die gesamte Wertsch\u00f6pfungskette ab. Das Ergebnis ist eine technologisch ausgereifte Maschinentechnik von h\u00f6chster Qualit\u00e4t und langj\u00e4hriger Wertbest\u00e4ndigkeit. Hinsichtlich steigender Anforderungen an das Umwelt- und Energiemanagement-Konzept, bieten wir bew\u00e4hrte und innovative L\u00f6sungen an. Unsere erfahrenen und hochmotivierten Mitarbeiter stehen Ihnen unterst\u00fctzend zur Seite.<\/p>\n","protected":false},"excerpt":{"rendered":"<p>Unsere Leistungsvielfalt Gerlach Maschinenbau GmbH ist weltweiter Technologief\u00fchrer in der kontinuierlichen Hei\u00dfluftvulkanisation von Gummiprofilen. Seit \u00fcber 45 Jahren fertigen wir technologisch anspruchsvolle Anlagen in unserem Produktionswerk in der N\u00e4he von D\u00fcsseldorf. Angefangen von der Konzeption und Entwicklung bilden wir \u00fcber die Produktion hinaus die gesamte Wertsch\u00f6pfungskette ab. Das Ergebnis ist eine technologisch ausgereifte Maschinentechnik von [&hellip;]<\/p>\n","protected":false},"author":4,"featured_media":0,"parent":0,"menu_order":123,"comment_status":"closed","ping_status":"closed","template":"tpl-leistungen.php","meta":{"_acf_changed":false,"footnotes":""},"yst_prominent_words":[272,260,259,266,498,497,265,269,258,302],"class_list":["post-13","page","type-page","status-publish","hentry"],"acf":[],"_links":{"self":[{"href":"https:\/\/www.gerlach-machinery.com\/de\/wp-json\/wp\/v2\/pages\/13","targetHints":{"allow":["GET"]}}],"collection":[{"href":"https:\/\/www.gerlach-machinery.com\/de\/wp-json\/wp\/v2\/pages"}],"about":[{"href":"https:\/\/www.gerlach-machinery.com\/de\/wp-json\/wp\/v2\/types\/page"}],"author":[{"embeddable":true,"href":"https:\/\/www.gerlach-machinery.com\/de\/wp-json\/wp\/v2\/users\/4"}],"replies":[{"embeddable":true,"href":"https:\/\/www.gerlach-machinery.com\/de\/wp-json\/wp\/v2\/comments?post=13"}],"version-history":[{"count":5,"href":"https:\/\/www.gerlach-machinery.com\/de\/wp-json\/wp\/v2\/pages\/13\/revisions"}],"predecessor-version":[{"id":2042,"href":"https:\/\/www.gerlach-machinery.com\/de\/wp-json\/wp\/v2\/pages\/13\/revisions\/2042"}],"wp:attachment":[{"href":"https:\/\/www.gerlach-machinery.com\/de\/wp-json\/wp\/v2\/media?parent=13"}],"wp:term":[{"taxonomy":"yst_prominent_words","embeddable":true,"href":"https:\/\/www.gerlach-machinery.com\/de\/wp-json\/wp\/v2\/yst_prominent_words?post=13"}],"curies":[{"name":"wp","href":"https:\/\/api.w.org\/{rel}","templated":true}]}}