{"id":11,"date":"2017-01-23T11:42:53","date_gmt":"2017-01-23T10:42:53","guid":{"rendered":"http:\/\/gerlach-maschinen.de\/?page_id=11\/"},"modified":"2019-06-24T14:08:21","modified_gmt":"2019-06-24T12:08:21","slug":"unternehmen","status":"publish","type":"page","link":"https:\/\/www.gerlach-machinery.com\/de\/unternehmen\/","title":{"rendered":"Unternehmen"},"content":{"rendered":"<h1>Vulkanisations-Technologie der Extraklasse<\/h1>\n<p>GERLACH\u00a0Maschinenbau ist ein international t\u00e4tiges Unternehmen und DER\u00a0Hersteller, wenn es um Maschinen f\u00fcr die Hei\u00dfluft-Vulkanisation geht. Unsere innovativen Anlagen\u00a0finden ihren erfolgreichen Einsatz in vielen gummiverarbeitenden Industriebereichen.<\/p>\n<p>Das Grundmaterial in der industriellen Produktion von Dichtungen ist nat\u00fcrlicher oder synthetisch hergestellter Kautschuk. In sehr vielen t\u00e4glichen Anwendungsf\u00e4llen finden wir heutzutage Gummidichtungen, ob im Automobilbau, Industrie, Hoch\u2013 und Tiefbau. So kommen\u00a0Elastomer-Dichtungen aufgrund ihrer Eigenschaften auf\u00a0vielf\u00e4ltigen\u00a0Gebieten erfolgreich\u00a0zum Einsatz.<\/p>\n<p>Durch den modularen Maschinenaufbau und die Verwendung\u00a0unterschiedlicher Behandlungsstufen werden exzellente Produktoberfl\u00e4chen und -eigenschaften bei hohen Materialdurchs\u00e4tzen erzielt. GERLACH\u00a0Maschinen eigenen sich f\u00fcr die Vulkanisation von synthetischen Kautschuk, Naturkautschuk und Silikonkautschuk.<\/p>\n<h2>Der Schutz nat\u00fcrlicher Ressourcen ist f\u00fcr uns ein MUSS!<\/h2>\n<p>Unsere umweltfreundlichen Maschinen kombinieren eine effiziente W\u00e4rme\u00fcbertragung mit einer Abluftreinigung (PCT). Wir sind das einzige Unternehmen\u00a0in der Branche, dessen Anlagen die Umwelt weder durch Kohlenwasserstoff- noch durch Geruchsemissionen belasten. Die Umwelt bleibt weitestgehend frei von Schadstoffen und Geruchsbelastung. Gleichzeitig weisen die umweltfreundlichen GERLACH\u00a0Anlagen eine beispiellose Energieeffizienz bei hohen Produktionsgeschwindigkeiten auf.<\/p>\n","protected":false},"excerpt":{"rendered":"<p>Vulkanisations-Technologie der Extraklasse GERLACH\u00a0Maschinenbau ist ein international t\u00e4tiges Unternehmen und DER\u00a0Hersteller, wenn es um Maschinen f\u00fcr die Hei\u00dfluft-Vulkanisation geht. Unsere innovativen Anlagen\u00a0finden ihren erfolgreichen Einsatz in vielen gummiverarbeitenden Industriebereichen. Das Grundmaterial in der industriellen Produktion von Dichtungen ist nat\u00fcrlicher oder synthetisch hergestellter Kautschuk. In sehr vielen t\u00e4glichen Anwendungsf\u00e4llen finden wir heutzutage Gummidichtungen, ob im Automobilbau, [&hellip;]<\/p>\n","protected":false},"author":4,"featured_media":284,"parent":0,"menu_order":120,"comment_status":"closed","ping_status":"closed","template":"tpl-unternehmen.php","meta":{"_acf_changed":false,"footnotes":""},"yst_prominent_words":[223,263,272,260,259,264,267,268,224,270,74,262,56,266,24,265,269,206,271,258],"class_list":["post-11","page","type-page","status-publish","has-post-thumbnail","hentry"],"acf":[],"_links":{"self":[{"href":"https:\/\/www.gerlach-machinery.com\/de\/wp-json\/wp\/v2\/pages\/11","targetHints":{"allow":["GET"]}}],"collection":[{"href":"https:\/\/www.gerlach-machinery.com\/de\/wp-json\/wp\/v2\/pages"}],"about":[{"href":"https:\/\/www.gerlach-machinery.com\/de\/wp-json\/wp\/v2\/types\/page"}],"author":[{"embeddable":true,"href":"https:\/\/www.gerlach-machinery.com\/de\/wp-json\/wp\/v2\/users\/4"}],"replies":[{"embeddable":true,"href":"https:\/\/www.gerlach-machinery.com\/de\/wp-json\/wp\/v2\/comments?post=11"}],"version-history":[{"count":15,"href":"https:\/\/www.gerlach-machinery.com\/de\/wp-json\/wp\/v2\/pages\/11\/revisions"}],"predecessor-version":[{"id":975,"href":"https:\/\/www.gerlach-machinery.com\/de\/wp-json\/wp\/v2\/pages\/11\/revisions\/975"}],"wp:featuredmedia":[{"embeddable":true,"href":"https:\/\/www.gerlach-machinery.com\/de\/wp-json\/wp\/v2\/media\/284"}],"wp:attachment":[{"href":"https:\/\/www.gerlach-machinery.com\/de\/wp-json\/wp\/v2\/media?parent=11"}],"wp:term":[{"taxonomy":"yst_prominent_words","embeddable":true,"href":"https:\/\/www.gerlach-machinery.com\/de\/wp-json\/wp\/v2\/yst_prominent_words?post=11"}],"curies":[{"name":"wp","href":"https:\/\/api.w.org\/{rel}","templated":true}]}}