{"id":109,"date":"2017-01-24T12:56:04","date_gmt":"2017-01-24T11:56:04","guid":{"rendered":"http:\/\/gerlach-maschinen.de\/?page_id=109\/"},"modified":"2025-07-12T17:01:10","modified_gmt":"2025-07-12T15:01:10","slug":"vorschock-type-v-116-infrarot-preshock","status":"publish","type":"page","link":"https:\/\/www.gerlach-machinery.com\/de\/produkte\/vorschockeinrichtung\/vorschock-type-v-116-infrarot-preshock\/","title":{"rendered":"Vorschock Type V 116 &#8211; Infrarot PreShock"},"content":{"rendered":"<h1>Vorschock Type V 116 &#8211; Infrarot PreShock<\/h1>\n<div class='gallery-slider'>\n            <div class='preview'>\n                <img src='https:\/\/www.gerlach-machinery.com\/wp-content\/uploads\/2017\/01\/v_116_gallery.jpg' alt='V 116' \/>\n            <\/div>\n            <div class='preview'>\n                <img src='https:\/\/www.gerlach-machinery.com\/wp-content\/uploads\/2019\/08\/v116.jpg' alt='V 116' \/>\n            <\/div><\/div>\n\n<p>Mit dem Typ V116 bieten wir Ihnen den Klassiker der Infrarot Preshocks. Durch den Einsatz spezieller kurzweiliger Infrarotstrahler werden exzellente Profiloberfl\u00e4chen sowie fr\u00fchzeitige Ma\u00dfhaltigkeit bei Solid- und Moosgummi-Produkten erreicht.\u00a0\u00dcber 4 Leistungsstufen k\u00f6nnen insgesamt 4000 Watt an Infrarotenergie an das Produkt abgegeben werden.<\/p>\n<p>&nbsp;<\/p>\n<h3>Maschinen Highlights<\/h3>\n<div class=\"page\" title=\"Page 1\">\n<div class=\"section\">\n<div class=\"layoutArea\">\n<div class=\"column\">\n<ul>\n<li>Schnelle Profil-Vorvernetzung auf kurzem Raum<\/li>\n<li>elektrisch betriebene Vorschockeinrichtungen mit energiereichen kurzwelligen IR- Strahlern<\/li>\n<li>erm\u00f6glicht exzellente Profiloberfl\u00e4chen sowie fr\u00fchzeitige Ma\u00dfhaltigkeit bei Solid- und Moosgummi-Produkten<\/li>\n<li>Wirkl\u00e4nge Vorschockeinrichtung 450 mm 16 kurzwellige IR-Strahler Leistungsabgabe 4000 Watt 4-Stufenregulierung<\/li>\n<li>hohe Lebensdauer der IR-Strahler durch integrierte K\u00fchlung<\/li>\n<\/ul>\n<p>&nbsp;<\/p>\n<\/div>\n<\/div>\n<\/div>\n<\/div>\n<p><a class=\"btn btn-default pull-left\" href=\"https:\/\/www.gerlach-machinery.com\/de\/anfrageportal\/?source=Vorschock-Type-V-116-\u2013-Infrarot-PreShock\" target=\"_blank\" rel=\"noopener\">Datenblatt anfordern<\/a><\/p>\n<p>&nbsp;<\/p>\n","protected":false},"excerpt":{"rendered":"<p>Vorschock Type V 116 &#8211; Infrarot PreShock Mit dem Typ V116 bieten wir Ihnen den Klassiker der Infrarot Preshocks. Durch den Einsatz spezieller kurzweiliger Infrarotstrahler werden exzellente Profiloberfl\u00e4chen sowie fr\u00fchzeitige Ma\u00dfhaltigkeit bei Solid- und Moosgummi-Produkten erreicht.\u00a0\u00dcber 4 Leistungsstufen k\u00f6nnen insgesamt 4000 Watt an Infrarotenergie an das Produkt abgegeben werden. &nbsp; Maschinen Highlights Schnelle Profil-Vorvernetzung auf [&hellip;]<\/p>\n","protected":false},"author":4,"featured_media":1571,"parent":101,"menu_order":50,"comment_status":"closed","ping_status":"closed","template":"tpl-produkt.php","meta":{"_acf_changed":false,"footnotes":""},"yst_prominent_words":[440,371,442,372,366,361,375,369,364,439,370,365,443,373,367,362,441,374,368,363],"class_list":["post-109","page","type-page","status-publish","has-post-thumbnail","hentry"],"acf":[],"_links":{"self":[{"href":"https:\/\/www.gerlach-machinery.com\/de\/wp-json\/wp\/v2\/pages\/109","targetHints":{"allow":["GET"]}}],"collection":[{"href":"https:\/\/www.gerlach-machinery.com\/de\/wp-json\/wp\/v2\/pages"}],"about":[{"href":"https:\/\/www.gerlach-machinery.com\/de\/wp-json\/wp\/v2\/types\/page"}],"author":[{"embeddable":true,"href":"https:\/\/www.gerlach-machinery.com\/de\/wp-json\/wp\/v2\/users\/4"}],"replies":[{"embeddable":true,"href":"https:\/\/www.gerlach-machinery.com\/de\/wp-json\/wp\/v2\/comments?post=109"}],"version-history":[{"count":11,"href":"https:\/\/www.gerlach-machinery.com\/de\/wp-json\/wp\/v2\/pages\/109\/revisions"}],"predecessor-version":[{"id":4612,"href":"https:\/\/www.gerlach-machinery.com\/de\/wp-json\/wp\/v2\/pages\/109\/revisions\/4612"}],"up":[{"embeddable":true,"href":"https:\/\/www.gerlach-machinery.com\/de\/wp-json\/wp\/v2\/pages\/101"}],"wp:featuredmedia":[{"embeddable":true,"href":"https:\/\/www.gerlach-machinery.com\/de\/wp-json\/wp\/v2\/media\/1571"}],"wp:attachment":[{"href":"https:\/\/www.gerlach-machinery.com\/de\/wp-json\/wp\/v2\/media?parent=109"}],"wp:term":[{"taxonomy":"yst_prominent_words","embeddable":true,"href":"https:\/\/www.gerlach-machinery.com\/de\/wp-json\/wp\/v2\/yst_prominent_words?post=109"}],"curies":[{"name":"wp","href":"https:\/\/api.w.org\/{rel}","templated":true}]}}