{"id":1063,"date":"2018-06-26T14:47:42","date_gmt":"2018-06-26T12:47:42","guid":{"rendered":"http:\/\/www.gerlach-machinery.com\/?page_id=1063\/"},"modified":"2025-07-12T17:05:40","modified_gmt":"2025-07-12T15:05:40","slug":"stand-alone-pct","status":"publish","type":"page","link":"https:\/\/www.gerlach-machinery.com\/de\/produkte\/ergaenzungsmaschinen\/stand-alone-pct\/","title":{"rendered":"Stand-Alone PCT"},"content":{"rendered":"<h1><strong>Stand-Alone PCT<\/strong><\/h1>\n<h3><b>Abluftreinigung f\u00fcr eine sauberere Umwelt !<\/b><\/h3>\n<p><b>Gerlach Maschinenbau, bekannt als ein Pionier und Technologief\u00fchrer der Hei\u00dfluftvulkanisation, <\/b><b>setzt erneut Ma\u00dfst\u00e4be und unterst\u00fctzt mit innovativen Maschinenl\u00f6sung, die CO<\/b><b>2<\/b><b>-Klimaziele zu erreichen!<\/b><\/p>\n<p><b>Unsere L\u00f6sung f\u00fcr \u00e4ltere Vulkanisationsmaschinen ohne Abluftreinigung ist die autarke Stand-Alone PCT.<\/b><\/p>\n<div class=\"su-row\"><div class=\"su-column su-column-size-1-2\"><div class=\"su-column-inner su-u-clearfix su-u-trim\">\n<figure id=\"attachment_2829\" aria-describedby=\"caption-attachment-2829\" style=\"width: 339px\" class=\"wp-caption aligncenter\"><img fetchpriority=\"high\" decoding=\"async\" class=\"wp-image-2829 \" src=\"https:\/\/www.gerlach-machinery.com\/wp-content\/uploads\/2021\/06\/standalonepct_f-1-e1624281511824.png\" alt=\"\" width=\"339\" height=\"199\" srcset=\"https:\/\/www.gerlach-machinery.com\/wp-content\/uploads\/2021\/06\/standalonepct_f-1-e1624281511824.png 940w, https:\/\/www.gerlach-machinery.com\/wp-content\/uploads\/2021\/06\/standalonepct_f-1-e1624281511824-300x176.png 300w, https:\/\/www.gerlach-machinery.com\/wp-content\/uploads\/2021\/06\/standalonepct_f-1-e1624281511824-768x451.png 768w\" sizes=\"(max-width: 339px) 100vw, 339px\" \/><figcaption id=\"caption-attachment-2829\" class=\"wp-caption-text\">Abb. 1 Stand-Alone PCT Variante A mit Ventilatoren auf dem Boden<\/figcaption><\/figure>\n<\/div><\/div> <div class=\"su-column su-column-size-1-2\"><div class=\"su-column-inner su-u-clearfix su-u-trim\">\n<figure id=\"attachment_2831\" aria-describedby=\"caption-attachment-2831\" style=\"width: 210px\" class=\"wp-caption aligncenter\"><img decoding=\"async\" class=\"wp-image-2831 \" src=\"https:\/\/www.gerlach-machinery.com\/wp-content\/uploads\/2021\/06\/standalonepct_f2-e1624281838441-300x292.png\" alt=\"\" width=\"210\" height=\"204\" srcset=\"https:\/\/www.gerlach-machinery.com\/wp-content\/uploads\/2021\/06\/standalonepct_f2-e1624281838441-300x292.png 300w, https:\/\/www.gerlach-machinery.com\/wp-content\/uploads\/2021\/06\/standalonepct_f2-e1624281838441.png 567w\" sizes=\"(max-width: 210px) 100vw, 210px\" \/><figcaption id=\"caption-attachment-2831\" class=\"wp-caption-text\">Abb. 2 Detailansicht des Luftfilters des Frischluftventilators<\/figcaption><\/figure>\n<\/div><\/div><\/div>\n<p>Nachhaltiges Energiemanagement sowie die Forderung der Luftreinhaltung durchdringen immer st\u00e4rker industrielle Produktionsprozesse.<\/p>\n<p>Maschinen \u00e4lteren Jahrgangs bereiten vielerorts Probleme, da diese nach wie vor kontaminierte und ungereinigte Prozessluft in die Umwelt emittieren.<\/p>\n<p>Die im Gummi-Vulkanisationsprozess entstehenden Luftkontaminationen resultieren aus der Verbrennung des fossilen Energietr\u00e4gers Gas, sowie dem Einsatz von unterschiedlich chemisch zusammengesetzten Gummimischungen. Neben eventueller Geruchsbel\u00e4stigung sind unterschiedliche Kohlenstoffverbindungen, Stickstoff- und Schwefeloxide im Rohgas<\/p>\n<p>nachweisbar. Die Selbstverpflichtung der Betreiber oder die gesetzlichen Forderungen, Abluftgrenzwerte einzuhalten, stellen f\u00fcr viele Gummihersteller ein Problem dar.<\/p>\n<p>In Anschaffung und Unterhalt teure zentrale Abgasreinigungen sind nur unter bestimmten Voraussetzungen einsetzbar. Zudem sind die Energienutzungskonzepte oft nicht rentabel und an Altmaschinen adaptierbar.<\/p>\n<p>Unsere L\u00f6sung f\u00fcr bestehende Vulkanisationsmaschinen ohne Abluftreinigung ist die autarke <b>Stand-Alone PCT<\/b>.<\/p>\n<p>Die bei Gerlach bekannte \u201ePollution Control Technology\u201c\u00a0 (PCT), wird seit vielen Jahren erfolgreich eingesetzt, und ist ein integraler Bestandteil von modernen Hei\u00dfluftvulkanisationskan\u00e4len. Die PCT-Technologie wird weltweit eingesetzt und hilft unseren Kunden seit vielen Jahren die Abgasgrenzwerte sicherzustellen.<\/p>\n<p>In der n\u00e4chsten Ausbaustufe wurde die PCT weiterentwickelt und als eine autarke Abluftreinigungsmaschine f\u00fcr die Nachr\u00fcstung an Altmaschinen konzipiert.<\/p>\n<p>Aufw\u00e4ndige Verrohrungssysteme und gegebenenfalls die Anschaffung einer vielfach teureren zentralen Abluftreinigung kann durch den Einsatz der Stand Alone PCT entfallen.<\/p>\n<p>Die f\u00fcr die Abgasreinigung erforderliche Energie geht nicht verloren, sondern wird gr\u00f6\u00dftenteils wieder im Vulkanisationsprozess eingesetzt.<\/p>\n<p>Neben der Luftreinhaltung und dem Beitrag, die Klimaziele zu erreichen, ergeben sich weitere zus\u00e4tzliche Energieeinspareffekte durch das Wirkprinzip des Umluftverfahrens.<\/p>\n<p>Weiterhin bietet diese L\u00f6sung eine kundenseitige Energier\u00fcckgewinnung f\u00fcr eventuell nachgelagerte Erw\u00e4rmungs\u2013 oder K\u00fchlprozesse.<\/p>\n<p>Aktuell ist die Stand-Alone PCT in zwei Bauarten lieferbar. Bei der Variante A stehen die Ventilatoren auf dem Boden neben der Stand-Alone PCT (Abb. 1). Bei der Variante B werden die Ventilatoren oben auf dem PCT-Geh\u00e4use aufgebaut, um Platz zu sparen.<\/p>\n<p>Wie es f\u00fcr eine autarke Anlage selbstverst\u00e4ndlich ist, wird die Stand Alone PCT mit eigener Steuerung und eigenem Touchdisplay geliefert.<\/p>\n<p>Eine Anbindung an eine vorhandene Steuerung ist nach vorheriger Kl\u00e4rung mit Einschr\u00e4nkungen m\u00f6glich.<\/p>\n<p>&nbsp;<\/p>\n<h3>Maschinen Highlights<\/h3>\n<div class=\"page\" title=\"Page 1\">\n<div class=\"section\">\n<div class=\"layoutArea\">\n<div class=\"column\">\n<ul>\n<li>Ventilatortechnik als Boden- oder Aufbauversion m\u00f6glich<\/li>\n<li>Energier\u00fcckf\u00fchrung im Umluftbetrieb m\u00f6glich<\/li>\n<li>Maschinenbedienung \u00fcber Touch Panel<\/li>\n<li>Zu- und Abluftversorgung zus\u00e4tzlich nutzbar<\/li>\n<li>Kompakte und autarke Maschinenausf\u00fchrung<\/li>\n<\/ul>\n<p>&nbsp;<\/p>\n<\/div>\n<\/div>\n<\/div>\n<\/div>\n<p><a class=\"btn btn-default pull-left\" href=\"https:\/\/www.gerlach-machinery.com\/de\/anfrageportal\/?source=Stand-Alone-PCT\" target=\"_blank\" rel=\"noopener\">Datenblatt anfordern<\/a><\/p>\n<p>&nbsp;<\/p>\n","protected":false},"excerpt":{"rendered":"<p>Stand-Alone PCT Abluftreinigung f\u00fcr eine sauberere Umwelt ! Gerlach Maschinenbau, bekannt als ein Pionier und Technologief\u00fchrer der Hei\u00dfluftvulkanisation, setzt erneut Ma\u00dfst\u00e4be und unterst\u00fctzt mit innovativen Maschinenl\u00f6sung, die CO2-Klimaziele zu erreichen! Unsere L\u00f6sung f\u00fcr \u00e4ltere Vulkanisationsmaschinen ohne Abluftreinigung ist die autarke Stand-Alone PCT. Nachhaltiges Energiemanagement sowie die Forderung der Luftreinhaltung durchdringen immer st\u00e4rker industrielle Produktionsprozesse. Maschinen [&hellip;]<\/p>\n","protected":false},"author":4,"featured_media":1073,"parent":3710,"menu_order":86,"comment_status":"closed","ping_status":"closed","template":"tpl-produkt.php","meta":{"_acf_changed":false,"footnotes":""},"yst_prominent_words":[],"class_list":["post-1063","page","type-page","status-publish","has-post-thumbnail","hentry"],"acf":[],"_links":{"self":[{"href":"https:\/\/www.gerlach-machinery.com\/de\/wp-json\/wp\/v2\/pages\/1063","targetHints":{"allow":["GET"]}}],"collection":[{"href":"https:\/\/www.gerlach-machinery.com\/de\/wp-json\/wp\/v2\/pages"}],"about":[{"href":"https:\/\/www.gerlach-machinery.com\/de\/wp-json\/wp\/v2\/types\/page"}],"author":[{"embeddable":true,"href":"https:\/\/www.gerlach-machinery.com\/de\/wp-json\/wp\/v2\/users\/4"}],"replies":[{"embeddable":true,"href":"https:\/\/www.gerlach-machinery.com\/de\/wp-json\/wp\/v2\/comments?post=1063"}],"version-history":[{"count":9,"href":"https:\/\/www.gerlach-machinery.com\/de\/wp-json\/wp\/v2\/pages\/1063\/revisions"}],"predecessor-version":[{"id":4620,"href":"https:\/\/www.gerlach-machinery.com\/de\/wp-json\/wp\/v2\/pages\/1063\/revisions\/4620"}],"up":[{"embeddable":true,"href":"https:\/\/www.gerlach-machinery.com\/de\/wp-json\/wp\/v2\/pages\/3710"}],"wp:featuredmedia":[{"embeddable":true,"href":"https:\/\/www.gerlach-machinery.com\/de\/wp-json\/wp\/v2\/media\/1073"}],"wp:attachment":[{"href":"https:\/\/www.gerlach-machinery.com\/de\/wp-json\/wp\/v2\/media?parent=1063"}],"wp:term":[{"taxonomy":"yst_prominent_words","embeddable":true,"href":"https:\/\/www.gerlach-machinery.com\/de\/wp-json\/wp\/v2\/yst_prominent_words?post=1063"}],"curies":[{"name":"wp","href":"https:\/\/api.w.org\/{rel}","templated":true}]}}