{"id":106,"date":"2017-01-24T12:53:15","date_gmt":"2017-01-24T11:53:15","guid":{"rendered":"http:\/\/gerlach-maschinen.de\/?page_id=106\/"},"modified":"2025-07-12T17:02:33","modified_gmt":"2025-07-12T15:02:33","slug":"fliessbrenner-preshock-type-v-119","status":"publish","type":"page","link":"https:\/\/www.gerlach-machinery.com\/de\/produkte\/vorschockeinrichtung\/fliessbrenner-preshock-type-v-119\/","title":{"rendered":"Flie\u00dfbrenner Preshock Type V 119"},"content":{"rendered":"<h1>Flie\u00dfbrenner Preshock Type V 119<\/h1>\n<p>Der Flie\u00dfbrenner Typ V119 setzt neue Ma\u00dfst\u00e4be in unserem Preshocksegment. Der neu entwickelte Brennerkopf erm\u00f6glicht eine gezielte Leistungsabgabe. Eine schnelle Profil-Vorvernetzung unter Einsatz der Energiequelle Gas macht dieses System so wirtschaftlich.<\/p>\n<p>Durch eine geringere Leistungsdichte als beim V118 erreichen wir auch bei niedrigeren Vulkanisationsgeschwindigkeiten beste Oberfl\u00e4chenergebnisse und Zellstrukturen.<\/p>\n<p>&nbsp;<\/p>\n<h3>Maschinen Highlights<\/h3>\n<div class=\"page\" title=\"Page 1\">\n<div class=\"section\">\n<div class=\"layoutArea\">\n<div class=\"column\">\n<ul>\n<li>Gasbeheizung<\/li>\n<li>Niedriger Gesamtverbrauch<\/li>\n<li>Gute Modulationsf\u00e4higkeit<\/li>\n<li>Robuste Brennertechnik<\/li>\n<li>Vollst\u00e4ndig in GERLACH\u00a0Anlagen integrierbar<\/li>\n<\/ul>\n<p>&nbsp;<\/p>\n<\/div>\n<\/div>\n<\/div>\n<\/div>\n<p><a class=\"btn btn-default pull-left\" href=\"https:\/\/www.gerlach-machinery.com\/de\/anfrageportal\/?source=Flie\u00dfbrenner-Preshock-Type-V-119\" target=\"_blank\" rel=\"noopener\">Datenblatt anfordern<\/a><\/p>\n<p>&nbsp;<\/p>\n","protected":false},"excerpt":{"rendered":"<p>Flie\u00dfbrenner Preshock Type V 119 Der Flie\u00dfbrenner Typ V119 setzt neue Ma\u00dfst\u00e4be in unserem Preshocksegment. Der neu entwickelte Brennerkopf erm\u00f6glicht eine gezielte Leistungsabgabe. Eine schnelle Profil-Vorvernetzung unter Einsatz der Energiequelle Gas macht dieses System so wirtschaftlich. Durch eine geringere Leistungsdichte als beim V118 erreichen wir auch bei niedrigeren Vulkanisationsgeschwindigkeiten beste Oberfl\u00e4chenergebnisse und Zellstrukturen. &nbsp; Maschinen [&hellip;]<\/p>\n","protected":false},"author":4,"featured_media":1595,"parent":101,"menu_order":55,"comment_status":"closed","ping_status":"closed","template":"tpl-produkt.php","meta":{"_acf_changed":false,"footnotes":""},"yst_prominent_words":[260,285,444],"class_list":["post-106","page","type-page","status-publish","has-post-thumbnail","hentry"],"acf":[],"_links":{"self":[{"href":"https:\/\/www.gerlach-machinery.com\/de\/wp-json\/wp\/v2\/pages\/106","targetHints":{"allow":["GET"]}}],"collection":[{"href":"https:\/\/www.gerlach-machinery.com\/de\/wp-json\/wp\/v2\/pages"}],"about":[{"href":"https:\/\/www.gerlach-machinery.com\/de\/wp-json\/wp\/v2\/types\/page"}],"author":[{"embeddable":true,"href":"https:\/\/www.gerlach-machinery.com\/de\/wp-json\/wp\/v2\/users\/4"}],"replies":[{"embeddable":true,"href":"https:\/\/www.gerlach-machinery.com\/de\/wp-json\/wp\/v2\/comments?post=106"}],"version-history":[{"count":9,"href":"https:\/\/www.gerlach-machinery.com\/de\/wp-json\/wp\/v2\/pages\/106\/revisions"}],"predecessor-version":[{"id":4615,"href":"https:\/\/www.gerlach-machinery.com\/de\/wp-json\/wp\/v2\/pages\/106\/revisions\/4615"}],"up":[{"embeddable":true,"href":"https:\/\/www.gerlach-machinery.com\/de\/wp-json\/wp\/v2\/pages\/101"}],"wp:featuredmedia":[{"embeddable":true,"href":"https:\/\/www.gerlach-machinery.com\/de\/wp-json\/wp\/v2\/media\/1595"}],"wp:attachment":[{"href":"https:\/\/www.gerlach-machinery.com\/de\/wp-json\/wp\/v2\/media?parent=106"}],"wp:term":[{"taxonomy":"yst_prominent_words","embeddable":true,"href":"https:\/\/www.gerlach-machinery.com\/de\/wp-json\/wp\/v2\/yst_prominent_words?post=106"}],"curies":[{"name":"wp","href":"https:\/\/api.w.org\/{rel}","templated":true}]}}