{"id":101,"date":"2017-01-24T12:46:04","date_gmt":"2017-01-24T11:46:04","guid":{"rendered":"http:\/\/gerlach-maschinen.de\/?page_id=101\/"},"modified":"2019-12-04T08:41:13","modified_gmt":"2019-12-04T07:41:13","slug":"vorschockeinrichtung","status":"publish","type":"page","link":"https:\/\/www.gerlach-machinery.com\/de\/produkte\/vorschockeinrichtung\/","title":{"rendered":"Vorschockeinrichtung"},"content":{"rendered":"<h1>Vorschockeinrichtung<\/h1>\n<p>Schnelle Profil-Vorvernetzung auf kurzem Raum. Hierzu bieten wir gas- und elektrisch betriebene Maschinen mit unterschiedlichen Heizintensit\u00e4ten sowie Modulationsm\u00f6glichkeiten an. Infrarot-, Gas-Keramik-, Flie\u00dfbrenner sowie adaptierte Hei\u00dfluftvorschocks. Die Maschinen sind f\u00fcr die Einfach- oder Mehrfachextrusion sowie als mobile eigenst\u00e4ndige Maschinen konfigurierbar.<\/p>\n<p>Je nach Produktanforderung bieten wir Ihnen die optimale L\u00f6sung.<\/p>\n","protected":false},"excerpt":{"rendered":"<p>Schnelle Profil-Vorvernetzung auf kurzem Raum. Hierzu bieten wir gas- und elektrisch betriebene Maschinen mit unterschiedlichen Heizintensit\u00e4ten sowie Modulationsm\u00f6glichkeiten an. Infrarot-, Gas-Keramik-, Flie\u00dfbrenner sowie adaptierte Hei\u00dfluftvorschocks. Die Maschinen sind f\u00fcr die Einfach- oder Mehrfachextrusion sowie als mobile eigenst\u00e4ndige Maschinen konfigurierbar.<\/p>\n","protected":false},"author":4,"featured_media":284,"parent":12,"menu_order":44,"comment_status":"closed","ping_status":"closed","template":"tpl-produkt.php","meta":{"_acf_changed":false,"footnotes":""},"yst_prominent_words":[294,283,259,24,360,302],"class_list":["post-101","page","type-page","status-publish","has-post-thumbnail","hentry"],"acf":[],"_links":{"self":[{"href":"https:\/\/www.gerlach-machinery.com\/de\/wp-json\/wp\/v2\/pages\/101","targetHints":{"allow":["GET"]}}],"collection":[{"href":"https:\/\/www.gerlach-machinery.com\/de\/wp-json\/wp\/v2\/pages"}],"about":[{"href":"https:\/\/www.gerlach-machinery.com\/de\/wp-json\/wp\/v2\/types\/page"}],"author":[{"embeddable":true,"href":"https:\/\/www.gerlach-machinery.com\/de\/wp-json\/wp\/v2\/users\/4"}],"replies":[{"embeddable":true,"href":"https:\/\/www.gerlach-machinery.com\/de\/wp-json\/wp\/v2\/comments?post=101"}],"version-history":[{"count":4,"href":"https:\/\/www.gerlach-machinery.com\/de\/wp-json\/wp\/v2\/pages\/101\/revisions"}],"predecessor-version":[{"id":3821,"href":"https:\/\/www.gerlach-machinery.com\/de\/wp-json\/wp\/v2\/pages\/101\/revisions\/3821"}],"up":[{"embeddable":true,"href":"https:\/\/www.gerlach-machinery.com\/de\/wp-json\/wp\/v2\/pages\/12"}],"wp:featuredmedia":[{"embeddable":true,"href":"https:\/\/www.gerlach-machinery.com\/de\/wp-json\/wp\/v2\/media\/284"}],"wp:attachment":[{"href":"https:\/\/www.gerlach-machinery.com\/de\/wp-json\/wp\/v2\/media?parent=101"}],"wp:term":[{"taxonomy":"yst_prominent_words","embeddable":true,"href":"https:\/\/www.gerlach-machinery.com\/de\/wp-json\/wp\/v2\/yst_prominent_words?post=101"}],"curies":[{"name":"wp","href":"https:\/\/api.w.org\/{rel}","templated":true}]}}